{"id":6521,"date":"2021-10-21T13:20:24","date_gmt":"2021-10-21T11:20:24","guid":{"rendered":"https:\/\/lovoldsolution.no\/om-oss\/kontakt-oss\/"},"modified":"2023-03-21T11:29:27","modified_gmt":"2023-03-21T10:29:27","slug":"contactenos","status":"publish","type":"page","link":"https:\/\/lovoldsolution.no\/es\/sobre-nosotros\/contactenos\/","title":{"rendered":"Cont\u00e1ctenos"},"content":{"rendered":"<p>Adresse: Klinkerveien 6-8, 8006 Bod\u00f8<br \/>\nPostboks 1414, 8002 Bod\u00f8<\/p>\n<p><strong>\u00c5pningstid:<\/strong> mandag til fredag kl. 08.00 \u2013 16.00<\/p>\n<h3>L\u00f8vold as &#8211; Avdeling Kristiansund<\/h3>\n<p>Astrups gate 9, Kristiansund, Norge<\/p>\n<h3>L\u00f8vold as &#8211; Hovedkontor<\/h3>\n<p>E-post: firmapost@lovold.no<br \/>\nOrg.nr: 877 059 022<br \/>\nEHF faktura: 877 059 022<br \/>\nE-post faktura: lovold@faktura.poweroffice.net<\/p>\n<h3>L\u00f8vold Solution as<\/h3>\n<p>Org.nr\u00a0998 340 853<br \/>\nEpostfaktura:\u00a0998340853@faktura.poweroffice.net<\/p>\n<h3>L\u00f8vold System &#8211; Havbruksloggen og Vessel<\/h3>\n<p>Org.nr: 998 340 985<br \/>\nEHF faktura: 998 340 985<br \/>\nE-post faktura: 998340985@faktura.poweroffice.net<\/p>\n<h3>L\u00f8vold Havpark<\/h3>\n<p>Org.nr 915 343 422<br \/>\nEpostfaktura:\u00a0915343422@faktura.poweroffice.net<\/p>\n","protected":false},"excerpt":{"rendered":"Adresse: Klinkerveien 6-8, 8006 Bod\u00f8 Postboks 1414, 8002 Bod\u00f8 \u00c5pningstid: mandag til fredag kl. 08.00 \u2013 16.00 L\u00f8vold as &#8211;&#8230;","protected":false},"author":1,"featured_media":3839,"parent":6472,"menu_order":18,"comment_status":"closed","ping_status":"closed","template":"template-page.php","meta":{"_acf_changed":false,"footnotes":""},"class_list":["post-6521","page","type-page","status-publish","has-post-thumbnail","hentry"],"acf":[],"_links":{"self":[{"href":"https:\/\/lovoldsolution.no\/es\/wp-json\/wp\/v2\/pages\/6521","targetHints":{"allow":["GET"]}}],"collection":[{"href":"https:\/\/lovoldsolution.no\/es\/wp-json\/wp\/v2\/pages"}],"about":[{"href":"https:\/\/lovoldsolution.no\/es\/wp-json\/wp\/v2\/types\/page"}],"author":[{"embeddable":true,"href":"https:\/\/lovoldsolution.no\/es\/wp-json\/wp\/v2\/users\/1"}],"replies":[{"embeddable":true,"href":"https:\/\/lovoldsolution.no\/es\/wp-json\/wp\/v2\/comments?post=6521"}],"version-history":[{"count":1,"href":"https:\/\/lovoldsolution.no\/es\/wp-json\/wp\/v2\/pages\/6521\/revisions"}],"predecessor-version":[{"id":7084,"href":"https:\/\/lovoldsolution.no\/es\/wp-json\/wp\/v2\/pages\/6521\/revisions\/7084"}],"up":[{"embeddable":true,"href":"https:\/\/lovoldsolution.no\/es\/wp-json\/wp\/v2\/pages\/6472"}],"wp:featuredmedia":[{"embeddable":true,"href":"https:\/\/lovoldsolution.no\/es\/wp-json\/wp\/v2\/media\/3839"}],"wp:attachment":[{"href":"https:\/\/lovoldsolution.no\/es\/wp-json\/wp\/v2\/media?parent=6521"}],"curies":[{"name":"wp","href":"https:\/\/api.w.org\/{rel}","templated":true}]}}