{"id":6520,"date":"2021-10-21T13:20:24","date_gmt":"2021-10-21T11:20:24","guid":{"rendered":"https:\/\/lovoldsolution.no\/om-oss\/baerekraft\/gode-lokalsamfunn\/"},"modified":"2023-03-21T11:09:04","modified_gmt":"2023-03-21T10:09:04","slug":"buenas-comunidades-locales","status":"publish","type":"page","link":"https:\/\/lovoldsolution.no\/es\/sobre-nosotros\/sostenibilidad\/buenas-comunidades-locales\/","title":{"rendered":"Buenas comunidades locales"},"content":{"rendered":"<h2>V\u00e5re hjertesaker<\/h2>\n<p>Hemos decidido que principalmente damos apoyo financiero a actividades para menores y adolescentes, preferiblemente deportivas u otras que promueven el conocimiento, transmiten alegr\u00eda, crean unidad e inclusi\u00f3n.<\/p>\n<p>Adem\u00e1s, contribuimos a organizaciones ben\u00e9ficas que ayudan a las personas necesitadas o a la investigaci\u00f3n y el desarrollo que promueven la salud.<\/p>\n<h3>IK Junkeren<\/h3>\n<p>Los menores y adolescentes son el futuro, y nos parece importante y correcto que L\u00f8vold Solution sea el patrocinador principal de IK Junkeren.<\/p>\n<p>Junkeren es el club deportivo m\u00e1s grande de Bod\u00f8 con m\u00e1s de 600 miembros, y se juega tanto al balonmano como al f\u00fatbol. Aqu\u00ed se nos puede permitir contribuir a que tanto las ni\u00f1as como los ni\u00f1os puedan obtener un lugar en un equipo y, sobre todo, encontrar alegr\u00eda, inclusi\u00f3n y uni\u00f3n a trav\u00e9s del deporte. Llegamos a muchos de ellos, y estamos realmente orgullosos de todos los que juegan partidos con \u00abL\u00f8vold\u00bb en el pecho.<\/p>\n<p><img fetchpriority=\"high\" decoding=\"async\" class=\"alignnone wp-image-1642 size-full\" style=\"font-size: 1rem;\" src=\"https:\/\/lovoldsolution.no\/wp-content\/uploads\/2022\/05\/165080209_2884995821770257_8961247488227666546_n.jpg\" alt=\"\" width=\"1200\" height=\"501\" srcset=\"https:\/\/lovoldsolution.no\/wp-content\/uploads\/2022\/05\/165080209_2884995821770257_8961247488227666546_n.jpg 1200w, https:\/\/lovoldsolution.no\/wp-content\/uploads\/2022\/05\/165080209_2884995821770257_8961247488227666546_n-300x125.jpg 300w, https:\/\/lovoldsolution.no\/wp-content\/uploads\/2022\/05\/165080209_2884995821770257_8961247488227666546_n-1024x428.jpg 1024w, https:\/\/lovoldsolution.no\/wp-content\/uploads\/2022\/05\/165080209_2884995821770257_8961247488227666546_n-768x321.jpg 768w\" sizes=\"(max-width: 1200px) 100vw, 1200px\" \/><\/p>\n<p>La colaboraci\u00f3n entre Junkeren y L\u00f8vold tiene una larga tradici\u00f3n, en realidad de varias d\u00e9cadas, y se ha firmado un nuevo acuerdo para 2022-2024. L\u00f8vold Solution no solo quiere contribuir con dinero a las arcas del club, sino tambi\u00e9n ser un socio central para el club en la vida cotidiana. Esto ha dado lugar a varias actividades y, entre otras cosas, al establecimiento del concepto y el modelo de negocio alrededor de la \u00abHorda Azul\u00bb en 2021. Lo que a su vez dio como resultado que los badajos de pl\u00e1stico, utilizados durante a\u00f1os para crear vida en las gradas, se han reemplazado por seguidores reales del propio club. Esto da un mejor grupo de animadores, dinero para las arcas del equipo (para el equipo que est\u00e1 aqu\u00ed) y es sobre todo mejor para el medio ambiente.<\/p>\n<p>El trabajo realizado en Junkeren, tanto por los empleados como por los voluntarios, es formidable, y nosotros, como empresa, podemos respaldar los valores del club al 100%:<\/p>\n<p>Respeto \u2013 todos tienen el mismo valor.<br \/>\nDiversi\u00f3n \u2013 nos divertimos.<br \/>\nMet\u00f3dico \u2013 desarrollo individual y contribuci\u00f3n a objetivos comunes.<\/p>\n<p>Para el negocio, el club tiene el siguiente lema: \u00a1Podemos, queremos, nos atrevemos!<\/p>\n<p>Tambi\u00e9n sabemos esto por nuestro propio trabajo diario, y describe la empresa de conocimientos avanzados que queremos ser. Y tenemos el placer de formar parte de todo esto.<\/p>\n<h3>FK Bod\u00f8\/Glimt &#8211; Molobyen Action Now Cup<\/h3>\n<p>Como socio de FK Bod\u00f8\/Glimt, llevamos x a\u00f1os organizando la<br \/>\nL\u00f8vold Cup, la aventura m\u00e1s hermosa de la primavera. En 2019,<br \/>\nBod\u00f8 Glimt desarroll\u00f3 \u00abAction Now\u00bb y al mismo tiempo nos desafi\u00f3 a renovar el torneo. L\u00f8vold Cup obtuvo un nuevo traje, y cambi\u00f3 su nombre a \u00abMolobyen Action Now Cup\u00bb. Juntos nos propusimos el objetivo de crear un torneo verde, centr\u00e1ndonos en primera instancia tanto en las compras como en los residuos. En 2022 por fin se ampli\u00f3 el torneo, ya que ahora tambi\u00e9n se incluyen las chicas.<\/p>\n<p><img decoding=\"async\" class=\"wp-image-922 size-full\" src=\"https:\/\/lovoldsolution.no\/wp-content\/uploads\/2022\/03\/Orjan-Berg-og-Emma-Dorothea-Christensen-Glimt-action-now-fotballskole-9.jpg\" alt=\"\" width=\"1200\" height=\"795\" srcset=\"https:\/\/lovoldsolution.no\/wp-content\/uploads\/2022\/03\/Orjan-Berg-og-Emma-Dorothea-Christensen-Glimt-action-now-fotballskole-9.jpg 1200w, https:\/\/lovoldsolution.no\/wp-content\/uploads\/2022\/03\/Orjan-Berg-og-Emma-Dorothea-Christensen-Glimt-action-now-fotballskole-9-300x199.jpg 300w, https:\/\/lovoldsolution.no\/wp-content\/uploads\/2022\/03\/Orjan-Berg-og-Emma-Dorothea-Christensen-Glimt-action-now-fotballskole-9-1024x678.jpg 1024w, https:\/\/lovoldsolution.no\/wp-content\/uploads\/2022\/03\/Orjan-Berg-og-Emma-Dorothea-Christensen-Glimt-action-now-fotballskole-9-768x509.jpg 768w\" sizes=\"(max-width: 1200px) 100vw, 1200px\" \/><\/p>\n","protected":false},"excerpt":{"rendered":"V\u00e5re hjertesaker Hemos decidido que principalmente damos apoyo financiero a actividades para menores y adolescentes, preferiblemente deportivas u otras que&#8230;","protected":false},"author":1,"featured_media":0,"parent":6512,"menu_order":17,"comment_status":"closed","ping_status":"closed","template":"template-article.php","meta":{"_acf_changed":false,"footnotes":""},"class_list":["post-6520","page","type-page","status-publish","hentry"],"acf":[],"_links":{"self":[{"href":"https:\/\/lovoldsolution.no\/es\/wp-json\/wp\/v2\/pages\/6520","targetHints":{"allow":["GET"]}}],"collection":[{"href":"https:\/\/lovoldsolution.no\/es\/wp-json\/wp\/v2\/pages"}],"about":[{"href":"https:\/\/lovoldsolution.no\/es\/wp-json\/wp\/v2\/types\/page"}],"author":[{"embeddable":true,"href":"https:\/\/lovoldsolution.no\/es\/wp-json\/wp\/v2\/users\/1"}],"replies":[{"embeddable":true,"href":"https:\/\/lovoldsolution.no\/es\/wp-json\/wp\/v2\/comments?post=6520"}],"version-history":[{"count":3,"href":"https:\/\/lovoldsolution.no\/es\/wp-json\/wp\/v2\/pages\/6520\/revisions"}],"predecessor-version":[{"id":7074,"href":"https:\/\/lovoldsolution.no\/es\/wp-json\/wp\/v2\/pages\/6520\/revisions\/7074"}],"up":[{"embeddable":true,"href":"https:\/\/lovoldsolution.no\/es\/wp-json\/wp\/v2\/pages\/6512"}],"wp:attachment":[{"href":"https:\/\/lovoldsolution.no\/es\/wp-json\/wp\/v2\/media?parent=6520"}],"curies":[{"name":"wp","href":"https:\/\/api.w.org\/{rel}","templated":true}]}}