{"id":6518,"date":"2021-10-21T13:20:24","date_gmt":"2021-10-21T11:20:24","guid":{"rendered":"https:\/\/lovoldsolution.no\/om-oss\/baerekraft\/samspill-og-pavirkning\/"},"modified":"2023-03-21T11:06:49","modified_gmt":"2023-03-21T10:06:49","slug":"interaccion-e-influencia","status":"publish","type":"page","link":"https:\/\/lovoldsolution.no\/es\/sobre-nosotros\/sostenibilidad\/interaccion-e-influencia\/","title":{"rendered":"Interacci\u00f3n e influencia"},"content":{"rendered":"<p>Nuestros clientes son nuestros socios. Juntos desarrollamos nuevas soluciones como resultado de la interacci\u00f3n continua con ellos y otros socios. Respondemos a las necesidades y desaf\u00edos del mercado. Por eso estamos constantemente iniciando nuevos proyectos, adem\u00e1s de participar en colaboraciones fuera de nuestra propia casa. Somos conscientes de nuestro papel como actor empresarial, y queremos contribuir al desarrollo social sostenible.<\/p>\n<blockquote><p>Debemos ser el desarrollo mismo, no solo una parte de \u00e9l<\/p>\n<p><img fetchpriority=\"high\" decoding=\"async\" class=\"wp-image-737 size-full\" src=\"https:\/\/lovoldsolution.no\/wp-content\/uploads\/2022\/02\/qLansererberedskapsforumforhavbruksnC3A6ringe_01-01-DSC_2634.jpg\" alt=\"\" width=\"1200\" height=\"734\" srcset=\"https:\/\/lovoldsolution.no\/wp-content\/uploads\/2022\/02\/qLansererberedskapsforumforhavbruksnC3A6ringe_01-01-DSC_2634.jpg 1200w, https:\/\/lovoldsolution.no\/wp-content\/uploads\/2022\/02\/qLansererberedskapsforumforhavbruksnC3A6ringe_01-01-DSC_2634-300x184.jpg 300w, https:\/\/lovoldsolution.no\/wp-content\/uploads\/2022\/02\/qLansererberedskapsforumforhavbruksnC3A6ringe_01-01-DSC_2634-1024x626.jpg 1024w, https:\/\/lovoldsolution.no\/wp-content\/uploads\/2022\/02\/qLansererberedskapsforumforhavbruksnC3A6ringe_01-01-DSC_2634-768x470.jpg 768w\" sizes=\"(max-width: 1200px) 100vw, 1200px\" \/><\/p><\/blockquote>\n<h3>El papel de influencer<\/h3>\n<p>Hemos optado por asumir el papel de \u00abinfluencer\u00bb. Debemos tener una voz clara que dirija el crecimiento verde en la econom\u00eda azul y en la sociedad en general.<\/p>\n<p>Esto implica que;<\/p>\n<ul>\n<li>Somos abiertos y transparentes sobre nuestros propios proyectos y trabajo<\/li>\n<li>Compartimos conocimientos y recursos con nuestro entorno<\/li>\n<li>Buscamos nueva competencia y colaboraci\u00f3n<\/li>\n<li>Mejoramos nuestras propias metas y ambiciones<\/li>\n<\/ul>\n<p>Principalmente contribuimos a inspirar a otros a la acci\u00f3n o al cambio participando en el cambio verde y los objetivos de sostenibilidad de la UE. Mediante el trabajo extrovertido, tambi\u00e9n influimos en nosotros mismos. Aprendemos de los dem\u00e1s, aumentamos el nivel de innovaci\u00f3n y constantemente nos fijamos nuevas metas.<\/p>\n<p><img decoding=\"async\" class=\"wp-image-1607 size-full\" src=\"https:\/\/lovoldsolution.no\/wp-content\/uploads\/2022\/05\/22NYHHavpark_02-04-IMG_4935-1.jpg\" alt=\"\" width=\"1200\" height=\"800\" srcset=\"https:\/\/lovoldsolution.no\/wp-content\/uploads\/2022\/05\/22NYHHavpark_02-04-IMG_4935-1.jpg 1200w, https:\/\/lovoldsolution.no\/wp-content\/uploads\/2022\/05\/22NYHHavpark_02-04-IMG_4935-1-300x200.jpg 300w, https:\/\/lovoldsolution.no\/wp-content\/uploads\/2022\/05\/22NYHHavpark_02-04-IMG_4935-1-1024x683.jpg 1024w, https:\/\/lovoldsolution.no\/wp-content\/uploads\/2022\/05\/22NYHHavpark_02-04-IMG_4935-1-768x512.jpg 768w\" sizes=\"(max-width: 1200px) 100vw, 1200px\" \/><\/p>\n<h3>Nuestros proyectos colaborativos m\u00e1s importantes:<\/h3>\n<ul>\n<li>Nord universitet<\/li>\n<li>B\u00e6rekraftig praksis<\/li>\n<li>\u00d8velse Nord &#8211; Beredskap for havbruk<\/li>\n<li>SFI Dsvole (UiT) &#8211; Nedbrytbart tau<\/li>\n<li>Momek L\u00f8vold<\/li>\n<li>Helgeland plastterminal<\/li>\n<li>Hver Gang Vi M\u00f8tes p\u00e5 Kjerring\u00f8y<\/li>\n<li>Shift-plastics (Nordlandsforskning)<\/li>\n<\/ul>\n<h3>Nuestros objetivos generales de sostenibilidad son:<\/h3>\n<p>1. \u00a0 Debemos ser 100% colaborativos<\/p>\n<p>Vemos esta parte de nuestro negocio en un contexto particular con el Objetivo de Desarrollo Sostenible N\u00ba 17 de la ONU.<\/p>\n<p>Para tener \u00e9xito en el logro de los objetivos de sostenibilidad, se necesitan alianzas nuevas y s\u00f3lidas. La cooperaci\u00f3n entre empresas p\u00fablicas y privadas es extremadamente importante para lograr un desarrollo sostenible.<\/p>\n<p><img decoding=\"async\" width=\"300\" height=\"300\" class=\"alignnone size-medium wp-image-7029\" src=\"https:\/\/lovoldsolution.no\/wp-content\/uploads\/2023\/03\/img-2_es-300x300.png\" alt=\"\" srcset=\"https:\/\/lovoldsolution.no\/wp-content\/uploads\/2023\/03\/img-2_es-300x300.png 300w, https:\/\/lovoldsolution.no\/wp-content\/uploads\/2023\/03\/img-2_es-150x150.png 150w, https:\/\/lovoldsolution.no\/wp-content\/uploads\/2023\/03\/img-2_es.png 500w\" sizes=\"(max-width: 300px) 100vw, 300px\" \/><\/p>\n<p>&nbsp;<\/p>\n","protected":false},"excerpt":{"rendered":"Nuestros clientes son nuestros socios. Juntos desarrollamos nuevas soluciones como resultado de la interacci\u00f3n continua con ellos y otros socios&#8230;.","protected":false},"author":1,"featured_media":0,"parent":6512,"menu_order":16,"comment_status":"closed","ping_status":"closed","template":"template-article.php","meta":{"_acf_changed":false,"footnotes":""},"class_list":["post-6518","page","type-page","status-publish","hentry"],"acf":[],"_links":{"self":[{"href":"https:\/\/lovoldsolution.no\/es\/wp-json\/wp\/v2\/pages\/6518","targetHints":{"allow":["GET"]}}],"collection":[{"href":"https:\/\/lovoldsolution.no\/es\/wp-json\/wp\/v2\/pages"}],"about":[{"href":"https:\/\/lovoldsolution.no\/es\/wp-json\/wp\/v2\/types\/page"}],"author":[{"embeddable":true,"href":"https:\/\/lovoldsolution.no\/es\/wp-json\/wp\/v2\/users\/1"}],"replies":[{"embeddable":true,"href":"https:\/\/lovoldsolution.no\/es\/wp-json\/wp\/v2\/comments?post=6518"}],"version-history":[{"count":4,"href":"https:\/\/lovoldsolution.no\/es\/wp-json\/wp\/v2\/pages\/6518\/revisions"}],"predecessor-version":[{"id":7072,"href":"https:\/\/lovoldsolution.no\/es\/wp-json\/wp\/v2\/pages\/6518\/revisions\/7072"}],"up":[{"embeddable":true,"href":"https:\/\/lovoldsolution.no\/es\/wp-json\/wp\/v2\/pages\/6512"}],"wp:attachment":[{"href":"https:\/\/lovoldsolution.no\/es\/wp-json\/wp\/v2\/media?parent=6518"}],"curies":[{"name":"wp","href":"https:\/\/api.w.org\/{rel}","templated":true}]}}