{"id":6516,"date":"2021-10-21T13:20:24","date_gmt":"2021-10-21T11:20:24","guid":{"rendered":"https:\/\/lovoldsolution.no\/om-oss\/baerekraft\/gronne-ringer-i-vannet\/"},"modified":"2023-03-21T11:04:40","modified_gmt":"2023-03-21T10:04:40","slug":"anillos-verdes-en-el-agua","status":"publish","type":"page","link":"https:\/\/lovoldsolution.no\/es\/sobre-nosotros\/sostenibilidad\/anillos-verdes-en-el-agua\/","title":{"rendered":"Anillos verdes en el agua"},"content":{"rendered":"<h3>Crecimiento verde e innovaci\u00f3n<\/h3>\n<p>Nos esforzamos por lograr un crecimiento lo m\u00e1s verde que posible, es decir, una mayor creaci\u00f3n de valor con un menor impacto ambiental general. Tambi\u00e9n tenemos un objetivo claro de influenciar a otros actores del sector para que hagan lo mismo. Es por eso que hemos establecido <a href=\"https:\/\/lovoldsolution.no\/es\/om-oss\/om-lovold-solution\/lovold-havpark\/\"><strong>L\u00f8vold Havpark<\/strong><\/a> \u2013 un centro de competencia para el crecimiento verde en la econom\u00eda azul \u2013 todo con un coraz\u00f3n para el mar.<\/p>\n<div id=\"attachment_1443\" style=\"width: 1210px\" class=\"wp-caption alignnone\"><img fetchpriority=\"high\" decoding=\"async\" aria-describedby=\"caption-attachment-1443\" class=\"wp-image-1443 size-full\" src=\"https:\/\/lovoldsolution.no\/wp-content\/uploads\/2022\/05\/Oversiktsbilde1.jpg\" alt=\"\" width=\"1200\" height=\"718\" srcset=\"https:\/\/lovoldsolution.no\/wp-content\/uploads\/2022\/05\/Oversiktsbilde1.jpg 1200w, https:\/\/lovoldsolution.no\/wp-content\/uploads\/2022\/05\/Oversiktsbilde1-300x180.jpg 300w, https:\/\/lovoldsolution.no\/wp-content\/uploads\/2022\/05\/Oversiktsbilde1-1024x613.jpg 1024w, https:\/\/lovoldsolution.no\/wp-content\/uploads\/2022\/05\/Oversiktsbilde1-768x460.jpg 768w\" sizes=\"(max-width: 1200px) 100vw, 1200px\" \/><p id=\"caption-attachment-1443\" class=\"wp-caption-text\">L\u00f8vold Havpark<\/p><\/div>\n<p>Como parte del trabajo, las innovaciones verdes ser\u00e1n importantes en el futuro, y debemos hacer las preguntas correctas;<\/p>\n<p>\u00bfC\u00f3mo sacar m\u00e1s de menos? \u00bfC\u00f3mo podemos producir, consumir y reutilizar nuestros recursos de nuevas formas? \u00bfPodemos producir m\u00e1s en Noruega? \u00bfExisten residuos estructurales en nuestra cadena de valor o en el sector? \u00bfPodemos producir menos unidades? \u00bfUna vida m\u00e1s larga? \u00bfReutilizar unidades? \u00bfQu\u00e9 expectativas tendr\u00e1n el mercado y nuestros socios en el futuro?<\/p>\n<p>Las respuestas a las que llegamos a menudo desencadenan nuevas colaboraciones y nuevos proyectos. Estamos orgullosos de estar en constante ajuste y cambio.<img decoding=\"async\" class=\"wp-image-1228 size-large\" style=\"font-weight: bold; color: #666666; font-size: 0.8125rem; font-style: italic;\" src=\"https:\/\/lovoldsolution.no\/wp-content\/uploads\/2022\/05\/MomekLC3B8vold-XXNY-5-1024x651.jpg\" alt=\"\" width=\"900\" height=\"572\" srcset=\"https:\/\/lovoldsolution.no\/wp-content\/uploads\/2022\/05\/MomekLC3B8vold-XXNY-5-1024x651.jpg 1024w, https:\/\/lovoldsolution.no\/wp-content\/uploads\/2022\/05\/MomekLC3B8vold-XXNY-5-300x191.jpg 300w, https:\/\/lovoldsolution.no\/wp-content\/uploads\/2022\/05\/MomekLC3B8vold-XXNY-5-768x488.jpg 768w, https:\/\/lovoldsolution.no\/wp-content\/uploads\/2022\/05\/MomekLC3B8vold-XXNY-5.jpg 1200w\" sizes=\"(max-width: 900px) 100vw, 900px\" \/><\/p>\n<h3>Estrategia de materias primas y primeras reflexiones sobre econom\u00eda circular<\/h3>\n<p>Para un fabricante como nosotros, la compra y el transporte de materias primas es un factor importante en la cadena de valor. Muchos de los productos actuales en la industria de la acuicultura est\u00e1n hechos de acero producido con energ\u00eda de carb\u00f3n y transportados desde China a Noruega.<\/p>\n<p>Ahora hemos unido fuerzas con Momek Invest y establecido una empresa conjunta, Momek L\u00f8vold AS, que desarrollar\u00e1 y producir\u00e1 nuevos productos y soluciones sostenibles para la industria de la acuicultura.<\/p>\n<p>La ambici\u00f3n a corto plazo es traer la producci\u00f3n de anclas desde Asia hasta Noruega. La producci\u00f3n robotizada en Mo i Rana con acero n\u00f3rdico u otros materiales ser\u00e1 mucho m\u00e1s respetuosa con el medio ambiente. En 2022 se produjeron y certificaron las primeras anclas, que ahora se desplegar\u00e1n a lo largo de la costa noruega. Tambi\u00e9n tenemos planes para desarrollar nuevos productos y soluciones innovadores en colaboraci\u00f3n con el entorno de investigaci\u00f3n y desarrollo y la propia industria.<\/p>\n<p>El equipo viejo que se transporta a tierra tambi\u00e9n debe cuidarse mejor que antes. En 2021 no existen requisitos legales para aceptar devoluciones, pero creemos que esto llegar\u00e1, y nos estamos preparando para ello.<\/p>\n<p>Tambi\u00e9n debemos tomar decisiones y medidas en la producci\u00f3n que contribuyan a un uso m\u00e1s circular de las materias primas.<\/p>\n<h3>Estamos certificados ambientalmente de acuerdo con NS 14001.<\/h3>\n<h3>Nuestro objetivo general de sostenibilidad es:<\/h3>\n<p>100% de esfuerzo para un crecimiento m\u00e1s verde.<\/p>\n<p>Vemos esta parte de nuestro negocio en un contexto particular con el Objetivo de Desarrollo Sostenible N\u00ba 14 de la ONU, que trata sobre conservar y utilizar sosteniblemente los oc\u00e9anos, los mares y los recursos marinos. Tanto en nuestro propio negocio como en todas nuestras asociaciones y colaboraciones, tenemos un \u00e9nfasis particular en;<\/p>\n<ul>\n<li>Meta 14.1, que trata sobre prevenir y reducir significativamente la contaminaci\u00f3n marina de todo tipo, incluidos los detritos marinos, para 2025.<\/li>\n<li>Meta 14.a, que describe la necesidad de aumentar los conocimientos cient\u00edficos, desarrollar la capacidad de investigaci\u00f3n y transferir tecnolog\u00eda marina.<\/li>\n<\/ul>\n<p>&nbsp;<\/p>\n<p><img decoding=\"async\" width=\"300\" height=\"300\" class=\"alignnone size-medium wp-image-7041\" src=\"https:\/\/lovoldsolution.no\/wp-content\/uploads\/2023\/03\/img-4_es-300x300.png\" alt=\"\" srcset=\"https:\/\/lovoldsolution.no\/wp-content\/uploads\/2023\/03\/img-4_es-300x300.png 300w, https:\/\/lovoldsolution.no\/wp-content\/uploads\/2023\/03\/img-4_es-150x150.png 150w, https:\/\/lovoldsolution.no\/wp-content\/uploads\/2023\/03\/img-4_es.png 500w\" sizes=\"(max-width: 300px) 100vw, 300px\" \/><\/p>\n<p>&nbsp;<\/p>\n","protected":false},"excerpt":{"rendered":"Crecimiento verde e innovaci\u00f3n Nos esforzamos por lograr un crecimiento lo m\u00e1s verde que posible, es decir, una mayor creaci\u00f3n&#8230;","protected":false},"author":1,"featured_media":0,"parent":6512,"menu_order":15,"comment_status":"closed","ping_status":"closed","template":"template-article.php","meta":{"_acf_changed":false,"footnotes":""},"class_list":["post-6516","page","type-page","status-publish","hentry"],"acf":[],"_links":{"self":[{"href":"https:\/\/lovoldsolution.no\/es\/wp-json\/wp\/v2\/pages\/6516","targetHints":{"allow":["GET"]}}],"collection":[{"href":"https:\/\/lovoldsolution.no\/es\/wp-json\/wp\/v2\/pages"}],"about":[{"href":"https:\/\/lovoldsolution.no\/es\/wp-json\/wp\/v2\/types\/page"}],"author":[{"embeddable":true,"href":"https:\/\/lovoldsolution.no\/es\/wp-json\/wp\/v2\/users\/1"}],"replies":[{"embeddable":true,"href":"https:\/\/lovoldsolution.no\/es\/wp-json\/wp\/v2\/comments?post=6516"}],"version-history":[{"count":4,"href":"https:\/\/lovoldsolution.no\/es\/wp-json\/wp\/v2\/pages\/6516\/revisions"}],"predecessor-version":[{"id":7071,"href":"https:\/\/lovoldsolution.no\/es\/wp-json\/wp\/v2\/pages\/6516\/revisions\/7071"}],"up":[{"embeddable":true,"href":"https:\/\/lovoldsolution.no\/es\/wp-json\/wp\/v2\/pages\/6512"}],"wp:attachment":[{"href":"https:\/\/lovoldsolution.no\/es\/wp-json\/wp\/v2\/media?parent=6516"}],"curies":[{"name":"wp","href":"https:\/\/api.w.org\/{rel}","templated":true}]}}