{"id":6494,"date":"2022-05-05T12:36:44","date_gmt":"2022-05-05T10:36:44","guid":{"rendered":"https:\/\/lovoldsolution.no\/gront-samspill-i-bla-naering-2\/"},"modified":"2023-03-21T10:58:56","modified_gmt":"2023-03-21T09:58:56","slug":"interaccion-verde-en-la-economia-azul","status":"publish","type":"page","link":"https:\/\/lovoldsolution.no\/es\/sobre-nosotros\/sostenibilidad\/interaccion-verde-en-la-economia-azul\/","title":{"rendered":"Interacci\u00f3n verde en la econom\u00eda azul"},"content":{"rendered":"<p>Nuestros clientes son nuestros socios. Juntos desarrollamos nuevas soluciones como resultado de la interacci\u00f3n continua con ellos y otros socios. Respondemos a las necesidades y desaf\u00edos del mercado. Por eso estamos constantemente iniciando nuevos proyectos, adem\u00e1s de participar en colaboraciones fuera de nuestra propia casa. Somos conscientes de nuestro papel como actor empresarial, y queremos contribuir al desarrollo social sostenible.<\/p>\n<h3>La fuerza impulsora radica en la interacci\u00f3n<\/h3>\n<p>La sostenibilidad y las soluciones respetuosas con el medio ambiente siempre han sido un tema, pero en los \u00faltimos a\u00f1os esto realmente se ha puesto de manifiesto. Hemos abordado esta disciplina con la misma curiosidad, voluntad de cambio y fuerza impulsora que para nuestro propio negocio. Y lo hemos hecho siempre en interacci\u00f3n con nuestro entorno.<\/p>\n<p>Adem\u00e1s de un enfoque interno, hemos optado por asumir un papel p\u00fablico como promotora, inspiradora e \u00abinfluencer\u00bb en nuestra regi\u00f3n, principalmente en la acuicultura, pero tambi\u00e9n en la vida econ\u00f3mica en general. Nuestro compromiso ha crecido mucho m\u00e1s all\u00e1 de nuestras propias l\u00edneas de productos y factores en los que podemos influir directamente.<\/p>\n<h3>Nuestra visi\u00f3n general<\/h3>\n<p>Queremos marcar la diferencia para las generaciones futuras, y debemos colaborar con toda la sociedad que nos rodea. Crearemos un crecimiento verde real en nuestro propio negocio, e inspiraremos a otros actores a tomar medidas.<\/p>\n<p>Hemos formulado la siguiente visi\u00f3n general para nuestro enfoque en la sostenibilidad;<\/p>\n<p>&nbsp;<\/p>\n<p><img fetchpriority=\"high\" decoding=\"async\" width=\"1024\" height=\"576\" class=\"alignnone size-large wp-image-6996\" src=\"https:\/\/lovoldsolution.no\/wp-content\/uploads\/2023\/03\/Slagord_spansk_pos-1024x576.png\" alt=\"\" srcset=\"https:\/\/lovoldsolution.no\/wp-content\/uploads\/2023\/03\/Slagord_spansk_pos-1024x576.png 1024w, https:\/\/lovoldsolution.no\/wp-content\/uploads\/2023\/03\/Slagord_spansk_pos-300x169.png 300w, https:\/\/lovoldsolution.no\/wp-content\/uploads\/2023\/03\/Slagord_spansk_pos-768x432.png 768w, https:\/\/lovoldsolution.no\/wp-content\/uploads\/2023\/03\/Slagord_spansk_pos.png 1200w\" sizes=\"(max-width: 1024px) 100vw, 1024px\" \/><\/p>\n<h3>Cuatro pilares:<\/h3>\n<p>Nuestro trabajo de sostenibilidad se basa en cuatro pilares<\/p>\n<ol>\n<li><a href=\"https:\/\/lovoldsolution.no\/es\/forsvarlig-havbruk-2\/\">Acuicultura responsable \u2013 nuestro negocio principal<\/a><\/li>\n<li><a href=\"https:\/\/lovoldsolution.no\/es\/om-oss\/baerekraft\/gronne-ringer-i-vannet\/\"><span style=\"font-family: -apple-system, BlinkMacSystemFont, Roboto, 'Segoe UI', 'Helvetica Neue', 'Lucida Grande', sans-serif; font-size: 1rem;\">Anillos verdes en el agua \u2013 nuestro trabajo ambiental<\/span><\/a><\/li>\n<li><a href=\"https:\/\/lovoldsolution.no\/es\/om-oss\/baerekraft\/samspill-og-pavirkning\/\"><span style=\"font-family: -apple-system, BlinkMacSystemFont, Roboto, 'Segoe UI', 'Helvetica Neue', 'Lucida Grande', sans-serif; font-size: 1rem;\">Interacci\u00f3n e influencia \u2013 nuestra estrategia de cooperaci\u00f3n<\/span><\/a><\/li>\n<li><a href=\"https:\/\/lovoldsolution.no\/es\/om-oss\/baerekraft\/gode-lokalsamfunn\/\"><span style=\"font-family: -apple-system, BlinkMacSystemFont, Roboto, 'Segoe UI', 'Helvetica Neue', 'Lucida Grande', sans-serif; font-size: 1rem;\">Buenas comunidades locales \u2013 nuestro tema favorito<\/span><\/a><\/li>\n<\/ol>\n<p>&nbsp;<\/p>\n<p><img decoding=\"async\" width=\"1024\" height=\"552\" class=\"alignnone size-large wp-image-7001\" src=\"https:\/\/lovoldsolution.no\/wp-content\/uploads\/2023\/03\/Skjermbilde-2023-03-17-kl.-14.19.59-1024x552.png\" alt=\"\" srcset=\"https:\/\/lovoldsolution.no\/wp-content\/uploads\/2023\/03\/Skjermbilde-2023-03-17-kl.-14.19.59-1024x552.png 1024w, https:\/\/lovoldsolution.no\/wp-content\/uploads\/2023\/03\/Skjermbilde-2023-03-17-kl.-14.19.59-300x162.png 300w, https:\/\/lovoldsolution.no\/wp-content\/uploads\/2023\/03\/Skjermbilde-2023-03-17-kl.-14.19.59-768x414.png 768w, https:\/\/lovoldsolution.no\/wp-content\/uploads\/2023\/03\/Skjermbilde-2023-03-17-kl.-14.19.59.png 1200w\" sizes=\"(max-width: 1024px) 100vw, 1024px\" \/><\/p>\n<p>&nbsp;<\/p>\n","protected":false},"excerpt":{"rendered":"Nuestros clientes son nuestros socios. Juntos desarrollamos nuevas soluciones como resultado de la interacci\u00f3n continua con ellos y otros socios&#8230;.","protected":false},"author":2,"featured_media":3619,"parent":6512,"menu_order":0,"comment_status":"closed","ping_status":"closed","template":"template-article.php","meta":{"_acf_changed":false,"footnotes":""},"class_list":["post-6494","page","type-page","status-publish","has-post-thumbnail","hentry"],"acf":[],"_links":{"self":[{"href":"https:\/\/lovoldsolution.no\/es\/wp-json\/wp\/v2\/pages\/6494","targetHints":{"allow":["GET"]}}],"collection":[{"href":"https:\/\/lovoldsolution.no\/es\/wp-json\/wp\/v2\/pages"}],"about":[{"href":"https:\/\/lovoldsolution.no\/es\/wp-json\/wp\/v2\/types\/page"}],"author":[{"embeddable":true,"href":"https:\/\/lovoldsolution.no\/es\/wp-json\/wp\/v2\/users\/2"}],"replies":[{"embeddable":true,"href":"https:\/\/lovoldsolution.no\/es\/wp-json\/wp\/v2\/comments?post=6494"}],"version-history":[{"count":7,"href":"https:\/\/lovoldsolution.no\/es\/wp-json\/wp\/v2\/pages\/6494\/revisions"}],"predecessor-version":[{"id":7008,"href":"https:\/\/lovoldsolution.no\/es\/wp-json\/wp\/v2\/pages\/6494\/revisions\/7008"}],"up":[{"embeddable":true,"href":"https:\/\/lovoldsolution.no\/es\/wp-json\/wp\/v2\/pages\/6512"}],"wp:featuredmedia":[{"embeddable":true,"href":"https:\/\/lovoldsolution.no\/es\/wp-json\/wp\/v2\/media\/3619"}],"wp:attachment":[{"href":"https:\/\/lovoldsolution.no\/es\/wp-json\/wp\/v2\/media?parent=6494"}],"curies":[{"name":"wp","href":"https:\/\/api.w.org\/{rel}","templated":true}]}}