{"id":6492,"date":"2022-05-05T11:49:01","date_gmt":"2022-05-05T09:49:01","guid":{"rendered":"https:\/\/lovoldsolution.no\/forsvarlig-havbruk-2\/"},"modified":"2023-03-21T11:01:51","modified_gmt":"2023-03-21T10:01:51","slug":"acuicultura-responsable","status":"publish","type":"page","link":"https:\/\/lovoldsolution.no\/es\/sobre-nosotros\/sostenibilidad\/acuicultura-responsable\/","title":{"rendered":"Acuicultura responsable"},"content":{"rendered":"<p>El negocio principal del grupo es el suministro de mercanc\u00edas, servicios y soluciones digitales en la industria de la acuicultura.<\/p>\n<p>Nuestra idea de negocio es contribuir a la acuicultura responsable a trav\u00e9s de nuestras entregas.<\/p>\n<h3>Nuestra contribuci\u00f3n a la acuicultura responsable garantizar\u00e1 que las generaciones futuras tambi\u00e9n puedan vivir y cosechar del mar.<\/h3>\n<p>Calidad en todos los niveles no es solo un lema, es nuestra metodolog\u00eda de trabajo. Entregamos calidad al 100% y podemos lograrlo de la mejor manera cuando tenemos el control de la cadena de valor, como ocurre actualmente.<\/p>\n<p><img fetchpriority=\"high\" decoding=\"async\" class=\"wp-image-1400 size-full\" src=\"https:\/\/lovoldsolution.no\/wp-content\/uploads\/2022\/05\/LovR6-1538.jpg\" alt=\"\" width=\"1200\" height=\"800\" srcset=\"https:\/\/lovoldsolution.no\/wp-content\/uploads\/2022\/05\/LovR6-1538.jpg 1200w, https:\/\/lovoldsolution.no\/wp-content\/uploads\/2022\/05\/LovR6-1538-300x200.jpg 300w, https:\/\/lovoldsolution.no\/wp-content\/uploads\/2022\/05\/LovR6-1538-1024x683.jpg 1024w, https:\/\/lovoldsolution.no\/wp-content\/uploads\/2022\/05\/LovR6-1538-768x512.jpg 768w\" sizes=\"(max-width: 1200px) 100vw, 1200px\" \/><\/p>\n<p><strong>L\u00f8vold AS<\/strong> &#8211; a trav\u00e9s del dise\u00f1o, an\u00e1lisis, c\u00e1lculos, compra de buenas materias primas, producci\u00f3n de alta calidad y buenas soluciones log\u00edsticas, garantiza la calidad en todos los niveles.<\/p>\n<p><strong>L\u00f8vold System\u00a0<\/strong>\u2013\u00a0desarrolla soluciones digitales inteligentes e innovadoras en colaboraci\u00f3n con la industria de la acuicultura. <strong>Havbruksloggen<\/strong> es un sistema de control y mantenimiento que monitorea las instalaciones, y de esa manera capta la necesidad de ajustes y reposiciones. <strong>Vessel<\/strong> es un sistema de documentaci\u00f3n y mantenimiento, desarrollado para barcos y flotas en la industria de la acuicultura. El sistema contribuye a una mayor seguridad, estabilidad operativa y control general.<\/p>\n<h3>Evite que el equipo se extrav\u00ede<\/h3>\n<p>Se ha ampliado el sistema con un m\u00f3dulo de informes de equipos viejos para evitar que se extrav\u00eden, con el objetivo de recoger equipos usados \u200b\u200bpara evitar que se extrav\u00eden, con el objetivo de recoger equipos usados \u200b\u200by entregarlos para su reutilizaci\u00f3n\/recuperaci\u00f3n apropiada.<\/p>\n<p>Para los desarrolladores de nuestro sistema, la digitalizaci\u00f3n de la acuicultura y sus efectos son la fuerza impulsora. Cuanto mejor control tenga sobre la producci\u00f3n en una piscifactor\u00eda y los procesos circundantes, m\u00e1s f\u00e1cil ser\u00e1 tomar buenas medidas para un mejor bienestar animal, menos escapes y menos equipos extraviados, etc.<\/p>\n<blockquote><p>Seguridad en profundidad: es nuestro mantra general. Nuestros sistemas deben garantizar el control y la seguridad.<\/p><\/blockquote>\n<p style=\"text-align: center;\">&#8211; Magnus Skyrud Jensen, CEO L\u00f8vold System<\/p>\n<h3>Preparaci\u00f3n<\/h3>\n<p>La preparaci\u00f3n tambi\u00e9n es un \u00e1rea profesional importante para nosotros. La operaci\u00f3n segura y cuidadosa en las industrias acu\u00edcolas, y la importancia de una buena preparaci\u00f3n son cruciales y necesarias para que las empresas y los actores tengan \u00e9xito.<\/p>\n<div id=\"attachment_767\" style=\"width: 1210px\" class=\"wp-caption alignnone\"><img decoding=\"async\" aria-describedby=\"caption-attachment-767\" class=\"wp-image-767 size-full\" src=\"https:\/\/lovoldsolution.no\/wp-content\/uploads\/2022\/02\/BLA-UKE_0693-1536x1152-1.jpg\" alt=\"\" width=\"1200\" height=\"900\" srcset=\"https:\/\/lovoldsolution.no\/wp-content\/uploads\/2022\/02\/BLA-UKE_0693-1536x1152-1.jpg 1200w, https:\/\/lovoldsolution.no\/wp-content\/uploads\/2022\/02\/BLA-UKE_0693-1536x1152-1-300x225.jpg 300w, https:\/\/lovoldsolution.no\/wp-content\/uploads\/2022\/02\/BLA-UKE_0693-1536x1152-1-1024x768.jpg 1024w, https:\/\/lovoldsolution.no\/wp-content\/uploads\/2022\/02\/BLA-UKE_0693-1536x1152-1-768x576.jpg 768w\" sizes=\"(max-width: 1200px) 100vw, 1200px\" \/><p id=\"caption-attachment-767\" class=\"wp-caption-text\">Magnus Skyrud, CEO L\u00f8vold System<\/p><\/div>\n<p>Recientemente iniciamos una interesante colaboraci\u00f3n con Nord Universitet y \u00d8velses Nord. Juntos estamos estableciendo un foro nacional de preparaci\u00f3n, que re\u00fane a los responsables de la toma de decisiones de la industria de la acuicultura. El primer foro de preparaci\u00f3n se llev\u00f3 a cabo en abril de 2021 y reuni\u00f3 a 40 invitados, tomadores de decisiones a nivel estrat\u00e9gico. El mensaje fue que se necesita un mayor \u00e9nfasis en la preparaci\u00f3n en la industria de la acuicultura y en la sociedad en general.<\/p>\n<h2>Nuestros objetivos generales de sostenibilidad son:<\/h2>\n<p>1.\u00a0\u00a0\u00a0\u00a0 100% de seguridad = cero accidentes \u2013 en nuestra propia producci\u00f3n<br \/>\n2.\u00a0\u00a0\u00a0\u00a0 100% de control de nuestras entregas = cero errores en las entregas<br \/>\n3.\u00a0\u00a0\u00a0\u00a0 100% de calidad = cero fugas relacionadas con fallos en el equipo<br \/>\n4.\u00a0\u00a0\u00a0\u00a0 100% de control de residuos propios y cero residuos innecesarios de la producci\u00f3n<\/p>\n<p>Vemos esta parte de nuestro negocio en un contexto particular con el Objetivo de Desarrollo Sostenible N\u00ba 12 de la ONU, que trata sobre garantizar modalidades de consumo y producci\u00f3n sostenibles.<\/p>\n<p><img decoding=\"async\" width=\"300\" height=\"300\" class=\"size-medium wp-image-7035 alignleft\" src=\"https:\/\/lovoldsolution.no\/wp-content\/uploads\/2023\/03\/img-3_es-300x300.png\" alt=\"\" srcset=\"https:\/\/lovoldsolution.no\/wp-content\/uploads\/2023\/03\/img-3_es-300x300.png 300w, https:\/\/lovoldsolution.no\/wp-content\/uploads\/2023\/03\/img-3_es-150x150.png 150w, https:\/\/lovoldsolution.no\/wp-content\/uploads\/2023\/03\/img-3_es.png 500w\" sizes=\"(max-width: 300px) 100vw, 300px\" \/>En nuestra propia producci\u00f3n, tenemos un \u00e9nfasis particular en;<br \/>\nMeta 12.2, que trata sobre lograr la gesti\u00f3n sostenible y el uso eficiente de los recursos naturales.<br \/>\nMeta 12.4, que trata sobre lograr la gesti\u00f3n ecol\u00f3gicamente racional de los productos qu\u00edmicos y de todos los desechos a lo largo de su ciclo de vida.<br \/>\nMeta 12.5, que trata sobre la reducci\u00f3n de las cantidades de desechos.<\/p>\n<p>&nbsp;<\/p>\n","protected":false},"excerpt":{"rendered":"El negocio principal del grupo es el suministro de mercanc\u00edas, servicios y soluciones digitales en la industria de la acuicultura&#8230;.","protected":false},"author":2,"featured_media":0,"parent":6512,"menu_order":0,"comment_status":"closed","ping_status":"closed","template":"template-article.php","meta":{"_acf_changed":false,"footnotes":""},"class_list":["post-6492","page","type-page","status-publish","hentry"],"acf":[],"_links":{"self":[{"href":"https:\/\/lovoldsolution.no\/es\/wp-json\/wp\/v2\/pages\/6492","targetHints":{"allow":["GET"]}}],"collection":[{"href":"https:\/\/lovoldsolution.no\/es\/wp-json\/wp\/v2\/pages"}],"about":[{"href":"https:\/\/lovoldsolution.no\/es\/wp-json\/wp\/v2\/types\/page"}],"author":[{"embeddable":true,"href":"https:\/\/lovoldsolution.no\/es\/wp-json\/wp\/v2\/users\/2"}],"replies":[{"embeddable":true,"href":"https:\/\/lovoldsolution.no\/es\/wp-json\/wp\/v2\/comments?post=6492"}],"version-history":[{"count":4,"href":"https:\/\/lovoldsolution.no\/es\/wp-json\/wp\/v2\/pages\/6492\/revisions"}],"predecessor-version":[{"id":7073,"href":"https:\/\/lovoldsolution.no\/es\/wp-json\/wp\/v2\/pages\/6492\/revisions\/7073"}],"up":[{"embeddable":true,"href":"https:\/\/lovoldsolution.no\/es\/wp-json\/wp\/v2\/pages\/6512"}],"wp:attachment":[{"href":"https:\/\/lovoldsolution.no\/es\/wp-json\/wp\/v2\/media?parent=6492"}],"curies":[{"name":"wp","href":"https:\/\/api.w.org\/{rel}","templated":true}]}}