{"id":6490,"date":"2022-05-13T00:16:32","date_gmt":"2022-05-12T22:16:32","guid":{"rendered":"https:\/\/lovoldsolution.no\/om-momek-lovold\/"},"modified":"2023-03-21T11:56:51","modified_gmt":"2023-03-21T10:56:51","slug":"sombre-momek-lovold","status":"publish","type":"page","link":"https:\/\/lovoldsolution.no\/es\/sobre-nosotros\/lovold-solution\/lovold-invest\/sombre-momek-lovold\/","title":{"rendered":"Sombre MOMEK | L\u00d8VOLD"},"content":{"rendered":"<p>Cada a\u00f1o se transportan miles de toneladas de mercanc\u00edas desde el otro lado del mundo, incluido acero para el anclaje de instalaciones marinas en el mar. La industria de la acuicultura es una de las industrias futuras m\u00e1s importantes de Noruega que exige productos respetuosos con el medio ambiente. En 2021, Momek y L\u00f8vold unieron fuerzas para establecer una empresa conjunta, Momek L\u00f8vold AS, que desarrollar\u00e1 y producir\u00e1 nuevos productos y soluciones sostenibles para la industria de la acuicultura. Se ha invertido mucho en investigaci\u00f3n, un robot de soldadura y una l\u00ednea de producci\u00f3n ubicada en el pol\u00edgono industrial de Mo en Mo i Rana.<\/p>\n<p>Fue durante una reuni\u00f3n bajo los auspicios de Rana Utvikling (RU) y Bod\u00f8 Regionens Utviklingsselskap (BRUS) que la direcci\u00f3n de L\u00f8vold Solution entr\u00f3 en contacto con la c\u00fapula de Momek. En una charla informal sobre lo que est\u00e1bamos haciendo y los desaf\u00edos, se mencion\u00f3 que L\u00f8vold se planteaba ofrecer anclas de origen local a sus clientes en Noruega. Se procedi\u00f3 a formar una empresa conjunta, y juntos crear historia en el sector en Noruega. 14 meses despu\u00e9s del establecimiento de Momek L\u00f8vold, el Ministro de Pesca y Mar, Bj\u00f8rnar Skj\u00e6ran, pudo inaugurar oficialmente la producci\u00f3n de anclas. Se ha invertido mucho en investigaci\u00f3n y desarrollo, un robot de soldadura y una l\u00ednea de producci\u00f3n ubicada en el pol\u00edgono industrial de Mo en Mo i Rana.<\/p>\n<p>&nbsp;<\/p>\n<div id=\"attachment_1250\" style=\"width: 1210px\" class=\"wp-caption alignnone\"><img fetchpriority=\"high\" decoding=\"async\" aria-describedby=\"caption-attachment-1250\" class=\"wp-image-1250 size-full\" src=\"https:\/\/lovoldsolution.no\/wp-content\/uploads\/2022\/05\/Bilde_2_momeklovold_foto_Kent-Erik-Sjursen.jpg\" alt=\"\" width=\"1200\" height=\"888\" srcset=\"https:\/\/lovoldsolution.no\/wp-content\/uploads\/2022\/05\/Bilde_2_momeklovold_foto_Kent-Erik-Sjursen.jpg 1200w, https:\/\/lovoldsolution.no\/wp-content\/uploads\/2022\/05\/Bilde_2_momeklovold_foto_Kent-Erik-Sjursen-300x222.jpg 300w, https:\/\/lovoldsolution.no\/wp-content\/uploads\/2022\/05\/Bilde_2_momeklovold_foto_Kent-Erik-Sjursen-1024x758.jpg 1024w, https:\/\/lovoldsolution.no\/wp-content\/uploads\/2022\/05\/Bilde_2_momeklovold_foto_Kent-Erik-Sjursen-768x568.jpg 768w\" sizes=\"(max-width: 1200px) 100vw, 1200px\" \/><p id=\"caption-attachment-1250\" class=\"wp-caption-text\">Ministro de Pesca y Mar (Ministro) Bj\u00f8rnar Skj\u00e6ran<\/p><\/div>\n<blockquote><p>Este es un hito, y vale la pena celebrarlo. Ahora, Momek L\u00f8vold se\u00f1ala el camino a los dem\u00e1s. Aqu\u00ed, un proveedor fiel de equipos en la costa ha tenido en cuenta la industria en Rana, y ha establecido una colaboraci\u00f3n con la empresa de talleres m\u00e1s grande de la regi\u00f3n.<\/p><\/blockquote>\n<p style=\"text-align: center;\">\u2013 Ministro de Pesca y Mar (Ministro) Bj\u00f8rnar Skj\u00e6ran<\/p>\n<p>&nbsp;<\/p>\n<p>A trav\u00e9s de una producci\u00f3n eficiente, acero n\u00f3rdico y un dise\u00f1o optimizado, Momek L\u00f8vold ofrecer\u00e1 anclas y otros productos de alta calidad, larga vida \u00fatil y una huella ambiental significativamente reducida. Adem\u00e1s de garantizar la previsibilidad en torno a la entrega, que es m\u00e1s relevante que nunca despu\u00e9s de los \u00faltimos a\u00f1os de pandemia, guerra y disturbios.<\/p>\n<p><img decoding=\"async\" class=\"alignnone wp-image-1293 size-full\" src=\"https:\/\/lovoldsolution.no\/wp-content\/uploads\/2022\/05\/IMG_7920.jpg\" alt=\"\" width=\"1200\" height=\"1172\" srcset=\"https:\/\/lovoldsolution.no\/wp-content\/uploads\/2022\/05\/IMG_7920.jpg 1200w, https:\/\/lovoldsolution.no\/wp-content\/uploads\/2022\/05\/IMG_7920-300x293.jpg 300w, https:\/\/lovoldsolution.no\/wp-content\/uploads\/2022\/05\/IMG_7920-1024x1000.jpg 1024w, https:\/\/lovoldsolution.no\/wp-content\/uploads\/2022\/05\/IMG_7920-768x750.jpg 768w\" sizes=\"(max-width: 1200px) 100vw, 1200px\" \/><\/p>\n<p>El efecto de traer la producci\u00f3n a casa es una producci\u00f3n m\u00e1s respetuosa con el medio ambiente, con menores costes de transporte.<\/p>\n<h3>Hacemos esto para desempe\u00f1ar un papel activo en el suministro de productos sostenibles a la industria de la acuicultura.<\/h3>\n<p>\u2013\u00a0Andr\u00e9 L\u00f8vold, director gerente del grupo L\u00f8vold Solution y presidente del consejo de administraci\u00f3n de Momek L\u00f8vold.<\/p>\n<div class=\"embed\"><iframe title=\"MOMEK | L\u00d8VOLD lansering Gr\u00f8nne Anker for bl\u00e5 n\u00e6ringer\" width=\"900\" height=\"506\" src=\"https:\/\/www.youtube.com\/embed\/ci40UifvofY?feature=oembed\" frameborder=\"0\" allow=\"accelerometer; autoplay; clipboard-write; encrypted-media; gyroscope; picture-in-picture; web-share\" allowfullscreen><\/iframe><\/div>\n","protected":false},"excerpt":{"rendered":"Cada a\u00f1o se transportan miles de toneladas de mercanc\u00edas desde el otro lado del mundo, incluido acero para el anclaje&#8230;","protected":false},"author":3,"featured_media":5123,"parent":6508,"menu_order":0,"comment_status":"closed","ping_status":"closed","template":"template-page.php","meta":{"_acf_changed":false,"footnotes":""},"class_list":["post-6490","page","type-page","status-publish","has-post-thumbnail","hentry"],"acf":[],"_links":{"self":[{"href":"https:\/\/lovoldsolution.no\/es\/wp-json\/wp\/v2\/pages\/6490","targetHints":{"allow":["GET"]}}],"collection":[{"href":"https:\/\/lovoldsolution.no\/es\/wp-json\/wp\/v2\/pages"}],"about":[{"href":"https:\/\/lovoldsolution.no\/es\/wp-json\/wp\/v2\/types\/page"}],"author":[{"embeddable":true,"href":"https:\/\/lovoldsolution.no\/es\/wp-json\/wp\/v2\/users\/3"}],"replies":[{"embeddable":true,"href":"https:\/\/lovoldsolution.no\/es\/wp-json\/wp\/v2\/comments?post=6490"}],"version-history":[{"count":1,"href":"https:\/\/lovoldsolution.no\/es\/wp-json\/wp\/v2\/pages\/6490\/revisions"}],"predecessor-version":[{"id":6870,"href":"https:\/\/lovoldsolution.no\/es\/wp-json\/wp\/v2\/pages\/6490\/revisions\/6870"}],"up":[{"embeddable":true,"href":"https:\/\/lovoldsolution.no\/es\/wp-json\/wp\/v2\/pages\/6508"}],"wp:featuredmedia":[{"embeddable":true,"href":"https:\/\/lovoldsolution.no\/es\/wp-json\/wp\/v2\/media\/5123"}],"wp:attachment":[{"href":"https:\/\/lovoldsolution.no\/es\/wp-json\/wp\/v2\/media?parent=6490"}],"curies":[{"name":"wp","href":"https:\/\/api.w.org\/{rel}","templated":true}]}}