{"id":6486,"date":"2022-02-15T15:54:47","date_gmt":"2022-02-15T14:54:47","guid":{"rendered":"https:\/\/lovoldsolution.no\/om-lovold-havpark\/"},"modified":"2023-03-21T11:50:17","modified_gmt":"2023-03-21T10:50:17","slug":"sobre-lovold-havpark","status":"publish","type":"page","link":"https:\/\/lovoldsolution.no\/es\/sobre-nosotros\/lovold-solution\/lovold-havpark\/sobre-lovold-havpark\/","title":{"rendered":"Sobre L\u00f8vold Havpark"},"content":{"rendered":"<h3><strong>Crearemos un crecimiento verde en la econom\u00eda azul<\/strong><\/h3>\n<p>El mundo necesita m\u00e1s productos del mar para satisfacer las necesidades de una poblaci\u00f3n creciente. Contribuiremos a que el crecimiento futuro se produzca de manera responsable. Tambi\u00e9n deben hacerlo nuestros socios. La visi\u00f3n com\u00fan de los inquilinos, usuarios y socios es\u00a0\u00abcrear un crecimiento verde en la econom\u00eda azul\u00bb. Con los Objetivos de Desarrollo Sostenible de la ONU como punto de partida para la innovaci\u00f3n y la colaboraci\u00f3n, las empresas deben ayudarse mutuamente. L\u00f8vold Havpark ser\u00e1 un espacio donde las personas puedan inspirarse y aprender a dar nuevos pasos en la direcci\u00f3n correcta en el cambio verde. Todo lo que hacemos en L\u00f8vold Havpark debe ser con un coraz\u00f3n para el mar.<\/p>\n<p><img fetchpriority=\"high\" decoding=\"async\" class=\"alignnone wp-image-2002 size-full\" src=\"https:\/\/lovoldsolution.no\/wp-content\/uploads\/2022\/08\/havparkweb.png\" alt=\"\" width=\"1200\" height=\"491\" srcset=\"https:\/\/lovoldsolution.no\/wp-content\/uploads\/2022\/08\/havparkweb.png 1200w, https:\/\/lovoldsolution.no\/wp-content\/uploads\/2022\/08\/havparkweb-300x123.png 300w, https:\/\/lovoldsolution.no\/wp-content\/uploads\/2022\/08\/havparkweb-1024x419.png 1024w, https:\/\/lovoldsolution.no\/wp-content\/uploads\/2022\/08\/havparkweb-768x314.png 768w\" sizes=\"(max-width: 1200px) 100vw, 1200px\" \/><\/p>\n<p>Transformaremos una antigua terminal de congelados en un centro de competencia para proveedores de mercanc\u00edas y servicios para industrias marinas. Los ni\u00f1os, alumnos y estudiantes tambi\u00e9n deben pertenecer aqu\u00ed. El contenido de L\u00f8vold Havpark ser\u00e1 una combinaci\u00f3n de oficinas, locales de producci\u00f3n, almacenes, \u00e1reas comunes y grandes arenas de interacci\u00f3n.<\/p>\n<p>La atenci\u00f3n se centrar\u00e1 en la innovaci\u00f3n, la colaboraci\u00f3n, la tecnolog\u00eda y la sostenibilidad. Se crear\u00e1n locales atractivos con funciones comunes que conecten a diferentes actores en una comunidad industrial y de oficinas. Esta es una organizaci\u00f3n innovadora de actores que trabajan todos dentro del mismo sector, pero de diferentes maneras. Por lo tanto, el dise\u00f1o de los lugares de encuentro ha sido fundamental para el proyecto.<\/p>\n<p><img decoding=\"async\" class=\"wp-image-806 size-full\" src=\"https:\/\/lovoldsolution.no\/wp-content\/uploads\/2022\/02\/31659713.jpg\" alt=\"\" width=\"1100\" height=\"732\" srcset=\"https:\/\/lovoldsolution.no\/wp-content\/uploads\/2022\/02\/31659713.jpg 1100w, https:\/\/lovoldsolution.no\/wp-content\/uploads\/2022\/02\/31659713-300x200.jpg 300w, https:\/\/lovoldsolution.no\/wp-content\/uploads\/2022\/02\/31659713-1024x681.jpg 1024w, https:\/\/lovoldsolution.no\/wp-content\/uploads\/2022\/02\/31659713-768x511.jpg 768w\" sizes=\"(max-width: 1100px) 100vw, 1100px\" \/><\/p>\n<p>Los locales existentes son de 9.500 metros cuadrados y cuentan hoy con los siguientes inquilinos: Labora, Patogen, Benchmark, Genetics, CryoLab, L\u00f8vold AS, L\u00f8vold System, L\u00f8vold Solution, Tine Nortura, FST y algunos m\u00e1s peque\u00f1os con contratos de corto plazo.<\/p>\n<p>El nuevo edificio tendr\u00e1 5.000 metros cuadrados y 5 plantas. Cuando entras en L\u00f8vold Havpark, la sala del mar es lo primero que encuentras. Lo hemos llamado el coraz\u00f3n de L\u00f8vold Havpark. Las actividades aqu\u00ed crear\u00e1n compromiso, inspiraci\u00f3n y aprendizaje. Necesitamos las nuevas soluciones para poder cosechar y vivir del mar de la forma m\u00e1s responsable posible.<\/p>\n<p><em><strong><a href=\"https:\/\/lovoldsolution.no\/wp-content\/uploads\/2022\/02\/Lovold-Havpark-Prospekt.pdf\">Consulte el folleto de L\u00f8vold Havpark<\/a><\/strong><\/em><\/p>\n<p>&nbsp;<\/p>\n","protected":false},"excerpt":{"rendered":"Crearemos un crecimiento verde en la econom\u00eda azul El mundo necesita m\u00e1s productos del mar para satisfacer las necesidades de&#8230;","protected":false},"author":3,"featured_media":7234,"parent":6502,"menu_order":0,"comment_status":"closed","ping_status":"closed","template":"template-page.php","meta":{"_acf_changed":false,"footnotes":""},"class_list":["post-6486","page","type-page","status-publish","has-post-thumbnail","hentry"],"acf":[],"_links":{"self":[{"href":"https:\/\/lovoldsolution.no\/es\/wp-json\/wp\/v2\/pages\/6486","targetHints":{"allow":["GET"]}}],"collection":[{"href":"https:\/\/lovoldsolution.no\/es\/wp-json\/wp\/v2\/pages"}],"about":[{"href":"https:\/\/lovoldsolution.no\/es\/wp-json\/wp\/v2\/types\/page"}],"author":[{"embeddable":true,"href":"https:\/\/lovoldsolution.no\/es\/wp-json\/wp\/v2\/users\/3"}],"replies":[{"embeddable":true,"href":"https:\/\/lovoldsolution.no\/es\/wp-json\/wp\/v2\/comments?post=6486"}],"version-history":[{"count":1,"href":"https:\/\/lovoldsolution.no\/es\/wp-json\/wp\/v2\/pages\/6486\/revisions"}],"predecessor-version":[{"id":6864,"href":"https:\/\/lovoldsolution.no\/es\/wp-json\/wp\/v2\/pages\/6486\/revisions\/6864"}],"up":[{"embeddable":true,"href":"https:\/\/lovoldsolution.no\/es\/wp-json\/wp\/v2\/pages\/6502"}],"wp:featuredmedia":[{"embeddable":true,"href":"https:\/\/lovoldsolution.no\/es\/wp-json\/wp\/v2\/media\/7234"}],"wp:attachment":[{"href":"https:\/\/lovoldsolution.no\/es\/wp-json\/wp\/v2\/media?parent=6486"}],"curies":[{"name":"wp","href":"https:\/\/api.w.org\/{rel}","templated":true}]}}