{"id":6484,"date":"2022-01-31T16:46:51","date_gmt":"2022-01-31T15:46:51","guid":{"rendered":"https:\/\/lovoldsolution.no\/muligheter-i-havparken\/"},"modified":"2024-02-14T14:35:59","modified_gmt":"2024-02-14T13:35:59","slug":"muligheter-i-havparken","status":"publish","type":"page","link":"https:\/\/lovoldsolution.no\/es\/sobre-nosotros\/lovold-solution\/lovold-havpark\/muligheter-i-havparken\/","title":{"rendered":"Muligheter i Havparken"},"content":{"rendered":"\n<p>Vi er til for deg som \u00f8nsker a\u030a v\u00e6re med a\u030a skape gr\u00f8nn vekst i bla\u030a n\u00e6ring. Vi \u00f8nsker a\u030a legge til rette for de eller dere uansett om du bare har en ide eller er en stor akt\u00f8r. Vi har derfor valgt a\u030a lage forskjellige l\u00f8sninger.<\/p>\n\n\n\n<p>Er du en etablert akt\u00f8r og \u00f8nsker en kombinasjon av produksjon, lager og kontor har vi mange muligheter for dere og er veldig fleksibel for a\u030a im\u00f8tekomme behovet.<\/p>\n\n\n\n<p>Er du en mindre akt\u00f8r eller \u00f8nsker en satellitt i Bod\u00f8 kan du v\u00e6re en del av landskapet i Havrommet eller leie deg et eget kontor. Pa\u030a den ma\u030aten vil du v\u00e6re en del av et felleskap.<\/p>\n\n\n\n<p>Er du leverand\u00f8r til havbruksn\u00e6ringen og \u00f8nsker a\u030a samarbeide, innovere, l\u00e6re og v\u00e6re med a\u030a bidra til gr\u00f8nn vekst kan du v\u00e6re partner i Havrommet, og ta del i alt det spennende som skjer der.<\/p>\n\n\n\n<figure class=\"wp-block-image\"><img fetchpriority=\"high\" decoding=\"async\" width=\"1200\" height=\"675\" src=\"https:\/\/lovoldsolution.no\/wp-content\/uploads\/2022\/01\/nyversjonPartner.png\" alt=\"Muligheter i Havparken\" class=\"wp-image-567\" srcset=\"https:\/\/lovoldsolution.no\/wp-content\/uploads\/2022\/01\/nyversjonPartner.png 1200w, https:\/\/lovoldsolution.no\/wp-content\/uploads\/2022\/01\/nyversjonPartner-300x169.png 300w, https:\/\/lovoldsolution.no\/wp-content\/uploads\/2022\/01\/nyversjonPartner-1024x576.png 1024w, https:\/\/lovoldsolution.no\/wp-content\/uploads\/2022\/01\/nyversjonPartner-768x432.png 768w, https:\/\/lovoldsolution.no\/wp-content\/uploads\/2022\/01\/nyversjonPartner-1920x1080.png 1920w\" sizes=\"(max-width: 1200px) 100vw, 1200px\" \/><\/figure>\n","protected":false},"excerpt":{"rendered":"Vi er til for deg som \u00f8nsker a\u030a v\u00e6re med a\u030a skape gr\u00f8nn vekst i bla\u030a n\u00e6ring. Vi \u00f8nsker a\u030a&#8230;","protected":false},"author":3,"featured_media":0,"parent":6502,"menu_order":0,"comment_status":"closed","ping_status":"closed","template":"template-page.php","meta":{"_acf_changed":false,"footnotes":""},"class_list":["post-6484","page","type-page","status-publish","hentry"],"acf":[],"_links":{"self":[{"href":"https:\/\/lovoldsolution.no\/es\/wp-json\/wp\/v2\/pages\/6484","targetHints":{"allow":["GET"]}}],"collection":[{"href":"https:\/\/lovoldsolution.no\/es\/wp-json\/wp\/v2\/pages"}],"about":[{"href":"https:\/\/lovoldsolution.no\/es\/wp-json\/wp\/v2\/types\/page"}],"author":[{"embeddable":true,"href":"https:\/\/lovoldsolution.no\/es\/wp-json\/wp\/v2\/users\/3"}],"replies":[{"embeddable":true,"href":"https:\/\/lovoldsolution.no\/es\/wp-json\/wp\/v2\/comments?post=6484"}],"version-history":[{"count":2,"href":"https:\/\/lovoldsolution.no\/es\/wp-json\/wp\/v2\/pages\/6484\/revisions"}],"predecessor-version":[{"id":7892,"href":"https:\/\/lovoldsolution.no\/es\/wp-json\/wp\/v2\/pages\/6484\/revisions\/7892"}],"up":[{"embeddable":true,"href":"https:\/\/lovoldsolution.no\/es\/wp-json\/wp\/v2\/pages\/6502"}],"wp:attachment":[{"href":"https:\/\/lovoldsolution.no\/es\/wp-json\/wp\/v2\/media?parent=6484"}],"curies":[{"name":"wp","href":"https:\/\/api.w.org\/{rel}","templated":true}]}}