{"id":6482,"date":"2022-02-21T14:52:59","date_gmt":"2022-02-21T13:52:59","guid":{"rendered":"https:\/\/lovoldsolution.no\/659-2\/"},"modified":"2023-03-21T11:41:41","modified_gmt":"2023-03-21T10:41:41","slug":"ledige-lokaler","status":"publish","type":"page","link":"https:\/\/lovoldsolution.no\/es\/sobre-nosotros\/lovold-solution\/lovold-havpark\/ledige-lokaler\/","title":{"rendered":"Ledige lokaler"},"content":{"rendered":"<p>L\u00f8vold Havpark er en kombinasjon av rehabilitering av en fryseterminal og et nybygg. Havparken ligger sentralt til i havnen i Bod\u00f8 med n\u00e6rhet til hav, tog og vei.<\/p>\n<p><img fetchpriority=\"high\" decoding=\"async\" class=\"alignnone wp-image-666 size-large\" src=\"https:\/\/lovoldsolution.no\/wp-content\/uploads\/2022\/02\/LHBeliggenhet-1024x343.png\" alt=\"\" width=\"900\" height=\"301\" srcset=\"https:\/\/lovoldsolution.no\/wp-content\/uploads\/2022\/02\/LHBeliggenhet-1024x343.png 1024w, https:\/\/lovoldsolution.no\/wp-content\/uploads\/2022\/02\/LHBeliggenhet-300x101.png 300w, https:\/\/lovoldsolution.no\/wp-content\/uploads\/2022\/02\/LHBeliggenhet-768x257.png 768w, https:\/\/lovoldsolution.no\/wp-content\/uploads\/2022\/02\/LHBeliggenhet.png 1200w\" sizes=\"(max-width: 900px) 100vw, 900px\" \/><\/p>\n<p>&nbsp;<\/p>\n<p>Det er mulighet for \u00e5 leie kontor, m\u00f8terom og andre lokaler i p\u00e5vente p\u00e5 at L\u00f8vold Havpark skal ferdigstilles i 2024. Det vil v\u00e6re en kombinasjon av kontor, lager og produksjonslokaler i den eksisterende delen og man kan gj\u00f8re tilpasninger ut i fra behov.<\/p>\n<p>De eksisterende lokalene er 9500 kvm og har f\u00f8lgende leietakere i dag:<\/p>\n<ul>\n<li>Labora<\/li>\n<li>Patogen<\/li>\n<li>Benchmark Genetics CryoLab<\/li>\n<li>Mivanor<\/li>\n<li>L\u00f8vold as<\/li>\n<li>Havbruksloggen<\/li>\n<li>L\u00f8vold Solution<\/li>\n<li>TineNortura<\/li>\n<li>FST<br \/>\n+ noen mindre med korte avtaler<\/li>\n<\/ul>\n<p>I l\u00f8pet av 2022 vil det bli \u00e5pnet en midlertidig personal-restaurant i L\u00f8vold Havpark som skal driftes av Tre Stuer.<\/p>\n<p>Det nye bygget blir 5000 kvm og 5. etasjer. I f\u00f8rste etasje vil Havrommet ligge. Der vil det v\u00e6re mye aktivitet til enhver tid med kaffebar og personal-restauranten vil flyttes hit. Her kan man v\u00e6re partner \u00e5 f\u00e5 tilgang til en plass \u00e5 jobbe eller leie et enkelt kontor. i 2-5. etasje er det mulig \u00e5 leie ut i fra behov.<\/p>\n<p><strong>Estimert fremdrift for L\u00f8vold Havpark:\u00a0<\/strong><\/p>\n<p><img decoding=\"async\" class=\"alignnone wp-image-650 size-full\" src=\"https:\/\/lovoldsolution.no\/wp-content\/uploads\/2022\/02\/tidslinje-kunlinje.png\" alt=\"\" width=\"1200\" height=\"285\" srcset=\"https:\/\/lovoldsolution.no\/wp-content\/uploads\/2022\/02\/tidslinje-kunlinje.png 1200w, https:\/\/lovoldsolution.no\/wp-content\/uploads\/2022\/02\/tidslinje-kunlinje-300x71.png 300w, https:\/\/lovoldsolution.no\/wp-content\/uploads\/2022\/02\/tidslinje-kunlinje-1024x243.png 1024w, https:\/\/lovoldsolution.no\/wp-content\/uploads\/2022\/02\/tidslinje-kunlinje-768x182.png 768w\" sizes=\"(max-width: 1200px) 100vw, 1200px\" \/><\/p>\n<p>Ta kontakt ved interesse av midlertidig leie eller om du har behov for kontor i L\u00f8vold Havpark 1.0 i p\u00e5vente p\u00e5 at L\u00f8vold Havpark ferdigstilles.<\/p>\n<p>&nbsp;<\/p>\n","protected":false},"excerpt":{"rendered":"L\u00f8vold Havpark er en kombinasjon av rehabilitering av en fryseterminal og et nybygg. Havparken ligger sentralt til i havnen i&#8230;","protected":false},"author":3,"featured_media":0,"parent":6502,"menu_order":0,"comment_status":"closed","ping_status":"closed","template":"template-page.php","meta":{"_acf_changed":false,"footnotes":""},"class_list":["post-6482","page","type-page","status-publish","hentry"],"acf":[],"_links":{"self":[{"href":"https:\/\/lovoldsolution.no\/es\/wp-json\/wp\/v2\/pages\/6482","targetHints":{"allow":["GET"]}}],"collection":[{"href":"https:\/\/lovoldsolution.no\/es\/wp-json\/wp\/v2\/pages"}],"about":[{"href":"https:\/\/lovoldsolution.no\/es\/wp-json\/wp\/v2\/types\/page"}],"author":[{"embeddable":true,"href":"https:\/\/lovoldsolution.no\/es\/wp-json\/wp\/v2\/users\/3"}],"replies":[{"embeddable":true,"href":"https:\/\/lovoldsolution.no\/es\/wp-json\/wp\/v2\/comments?post=6482"}],"version-history":[{"count":1,"href":"https:\/\/lovoldsolution.no\/es\/wp-json\/wp\/v2\/pages\/6482\/revisions"}],"predecessor-version":[{"id":7086,"href":"https:\/\/lovoldsolution.no\/es\/wp-json\/wp\/v2\/pages\/6482\/revisions\/7086"}],"up":[{"embeddable":true,"href":"https:\/\/lovoldsolution.no\/es\/wp-json\/wp\/v2\/pages\/6502"}],"wp:attachment":[{"href":"https:\/\/lovoldsolution.no\/es\/wp-json\/wp\/v2\/media?parent=6482"}],"curies":[{"name":"wp","href":"https:\/\/api.w.org\/{rel}","templated":true}]}}