{"id":6474,"date":"2021-10-21T13:20:24","date_gmt":"2021-10-21T11:20:24","guid":{"rendered":"https:\/\/lovoldsolution.no\/om-oss\/om-lovold-solution\/"},"modified":"2023-03-21T11:17:09","modified_gmt":"2023-03-21T10:17:09","slug":"lovold-solution","status":"publish","type":"page","link":"https:\/\/lovoldsolution.no\/es\/sobre-nosotros\/lovold-solution\/","title":{"rendered":"L\u00f8vold Solution"},"content":{"rendered":"<p>I L\u00f8vold Solution videref\u00f8rer Andr\u00e9 L\u00f8volds gren av familien mange av de opprinnelige konseptene i L\u00f8vold konsernet, dette gjennom driftsselskapet <a href=\"https:\/\/lovoldsolution.no\/es\/om-oss\/om-lovold-solution\/lovold-as\/\">L\u00f8vold as<\/a>, som produserer komplette systemer for fort\u00f8yning av oppdrettsanlegg og flytende installasjoner i havet.<\/p>\n<p>Verden har endret seg og L\u00f8volds drift har endret seg i takt med nye behov og ettersp\u00f8rsel. Et resultat av dette er to egenutviklet digitale l\u00f8sninger til oppdrettsn\u00e6ringen; <a href=\"https:\/\/lovoldsolution.no\/produkter-og-tjenester\/system\/havbruksloggen\/\">Havbruksloggen<\/a> er et kontroll- og vedlikeholdssystem for oppdrettsanlegg, <a href=\"https:\/\/lovoldsolution.no\/produkter-og-tjenester\/system\/vessel\/\">Vessel<\/a> er et dokumentasjon og vedlikeholdssystem utviklet for b\u00e5ter og fl\u00e5ter.<\/p>\n<p>I tillegg driver konsernet med eiendomsutvikling og utleie, med blant annet etablering av <a href=\"https:\/\/lovoldsolution.no\/es\/om-oss\/om-lovold-solution\/lovold-havpark\/\">L\u00f8vold Havpark<\/a> og utvikling av ny bydel, Molobyen.<\/p>\n<p>L\u00f8vold Solution er ogs\u00e5 medeier og partner til ulike prosjekter og selskaper, se hvilke <a href=\"https:\/\/lovoldsolution.no\/es\/om-oss\/om-lovold-solution\/lovold-invest\/\">her<\/a>.<\/p>\n<p>&nbsp;<\/p>\n","protected":false},"excerpt":{"rendered":"I L\u00f8vold Solution videref\u00f8rer Andr\u00e9 L\u00f8volds gren av familien mange av de opprinnelige konseptene i L\u00f8vold konsernet, dette gjennom driftsselskapet&#8230;","protected":false},"author":1,"featured_media":4125,"parent":6472,"menu_order":4,"comment_status":"closed","ping_status":"closed","template":"template-front.php","meta":{"_acf_changed":false,"footnotes":""},"class_list":["post-6474","page","type-page","status-publish","has-post-thumbnail","hentry"],"acf":[],"_links":{"self":[{"href":"https:\/\/lovoldsolution.no\/es\/wp-json\/wp\/v2\/pages\/6474","targetHints":{"allow":["GET"]}}],"collection":[{"href":"https:\/\/lovoldsolution.no\/es\/wp-json\/wp\/v2\/pages"}],"about":[{"href":"https:\/\/lovoldsolution.no\/es\/wp-json\/wp\/v2\/types\/page"}],"author":[{"embeddable":true,"href":"https:\/\/lovoldsolution.no\/es\/wp-json\/wp\/v2\/users\/1"}],"replies":[{"embeddable":true,"href":"https:\/\/lovoldsolution.no\/es\/wp-json\/wp\/v2\/comments?post=6474"}],"version-history":[{"count":4,"href":"https:\/\/lovoldsolution.no\/es\/wp-json\/wp\/v2\/pages\/6474\/revisions"}],"predecessor-version":[{"id":7083,"href":"https:\/\/lovoldsolution.no\/es\/wp-json\/wp\/v2\/pages\/6474\/revisions\/7083"}],"up":[{"embeddable":true,"href":"https:\/\/lovoldsolution.no\/es\/wp-json\/wp\/v2\/pages\/6472"}],"wp:featuredmedia":[{"embeddable":true,"href":"https:\/\/lovoldsolution.no\/es\/wp-json\/wp\/v2\/media\/4125"}],"wp:attachment":[{"href":"https:\/\/lovoldsolution.no\/es\/wp-json\/wp\/v2\/media?parent=6474"}],"curies":[{"name":"wp","href":"https:\/\/api.w.org\/{rel}","templated":true}]}}