{"id":6468,"date":"2022-05-13T10:05:24","date_gmt":"2022-05-13T08:05:24","guid":{"rendered":"https:\/\/lovoldsolution.no\/produkter-og-tjenester\/vessel\/om-vessel\/"},"modified":"2023-02-22T14:41:37","modified_gmt":"2023-02-22T13:41:37","slug":"om-vessel","status":"publish","type":"page","link":"https:\/\/lovoldsolution.no\/es\/productos-y-servicios\/vessel\/om-vessel\/","title":{"rendered":"Sobre Vessel"},"content":{"rendered":"<p>La Direcci\u00f3n Mar\u00edtima de Noruega estableci\u00f3 un nuevo reglamento sobre la gesti\u00f3n de la seguridad para peque\u00f1os buques de carga, de pasajeros y pesqueros, etc., que entraron en vigor en 2017 en Noruega. En ese contexto, se solicit\u00f3 a Havbruksloggen \/ L\u00f8vold System para desarrollar un sistema que complemente este reglamento, y de esa manera se cre\u00f3 Vessel, y el sistema se lanz\u00f3 en 2019.<\/p>\n<h3>Mayor seguridad, estabilidad operativa y control general.<\/h3>\n<p>Vessel proporciona una descripci\u00f3n completa de la documentaci\u00f3n y el mantenimiento hasta el nivel del equipo, con notificaciones autom\u00e1ticas y un resumen de los plazos. Con el sistema, los usuarios obtienen una descripci\u00f3n de sus propias operaciones, lo que proporcionar\u00e1 un mejor control y facilitar\u00e1 la realizaci\u00f3n de evaluaciones de riesgos, la identificaci\u00f3n de peligros y la adopci\u00f3n de medidas adecuadas. Esto, a su vez, puede ayudar a reducir los accidentes personales mediante la realizaci\u00f3n de evaluaciones de riesgos y la garant\u00eda del mantenimiento continuo. Con una mejor descripci\u00f3n del mantenimiento de barcos y equipos, se reduce el riesgo de interrupciones operativas.<\/p>\n<blockquote><p>Vessel contribuir\u00e1 a una mayor seguridad, estabilidad operativa y control general.<\/p><\/blockquote>\n<div id=\"attachment_1342\" style=\"width: 1210px\" class=\"wp-caption alignnone\"><img fetchpriority=\"high\" decoding=\"async\" aria-describedby=\"caption-attachment-1342\" class=\"wp-image-1342 size-full\" src=\"https:\/\/lovoldsolution.no\/wp-content\/uploads\/2022\/05\/Vessel-simon.png\" alt=\"\" width=\"1200\" height=\"675\" srcset=\"https:\/\/lovoldsolution.no\/wp-content\/uploads\/2022\/05\/Vessel-simon.png 1200w, https:\/\/lovoldsolution.no\/wp-content\/uploads\/2022\/05\/Vessel-simon-300x169.png 300w, https:\/\/lovoldsolution.no\/wp-content\/uploads\/2022\/05\/Vessel-simon-1024x576.png 1024w, https:\/\/lovoldsolution.no\/wp-content\/uploads\/2022\/05\/Vessel-simon-768x432.png 768w, https:\/\/lovoldsolution.no\/wp-content\/uploads\/2022\/05\/Vessel-simon-1920x1080.png 1920w\" sizes=\"(max-width: 1200px) 100vw, 1200px\" \/><p id=\"caption-attachment-1342\" class=\"wp-caption-text\">Systemutvikler Simon Kaspersen<\/p><\/div>\n<h3>Sistema todo en uno<\/h3>\n<p>El sistema actual se perfecciona continuamente, y mantenemos un di\u00e1logo cercano con nuestros usuarios para ofrecer un sistema que se adapte seg\u00fan sea necesario y cambie de acuerdo con el desarrollo. En Vesselpuedes obtener m\u00e1s que un sistema para la gesti\u00f3n de la seguridad. El sistema agilizar\u00e1 y simplificar\u00e1 el d\u00eda a d\u00eda laboral de nuestros usuarios, donde podr\u00e1n reunir todo lo que necesiten en un solo lugar.<\/p>\n<p><strong>En Vessel tambi\u00e9n obtienes m\u00f3dulos para: <\/strong><\/p>\n<ul>\n<li>Taller<\/li>\n<li>Divergencias<\/li>\n<li>Tripulaci\u00f3n<\/li>\n<li>Gesti\u00f3n de la seguridad<\/li>\n<li>Orden de trabajo<\/li>\n<li>Listas de verificaci\u00f3n<\/li>\n<li>An\u00e1lisis de riesgo<\/li>\n<\/ul>\n","protected":false},"excerpt":{"rendered":"La Direcci\u00f3n Mar\u00edtima de Noruega estableci\u00f3 un nuevo reglamento sobre la gesti\u00f3n de la seguridad para peque\u00f1os buques de carga,&#8230;","protected":false},"author":3,"featured_media":0,"parent":6466,"menu_order":0,"comment_status":"closed","ping_status":"closed","template":"template-page.php","meta":{"_acf_changed":false,"footnotes":""},"class_list":["post-6468","page","type-page","status-publish","hentry"],"acf":[],"_links":{"self":[{"href":"https:\/\/lovoldsolution.no\/es\/wp-json\/wp\/v2\/pages\/6468","targetHints":{"allow":["GET"]}}],"collection":[{"href":"https:\/\/lovoldsolution.no\/es\/wp-json\/wp\/v2\/pages"}],"about":[{"href":"https:\/\/lovoldsolution.no\/es\/wp-json\/wp\/v2\/types\/page"}],"author":[{"embeddable":true,"href":"https:\/\/lovoldsolution.no\/es\/wp-json\/wp\/v2\/users\/3"}],"replies":[{"embeddable":true,"href":"https:\/\/lovoldsolution.no\/es\/wp-json\/wp\/v2\/comments?post=6468"}],"version-history":[{"count":1,"href":"https:\/\/lovoldsolution.no\/es\/wp-json\/wp\/v2\/pages\/6468\/revisions"}],"predecessor-version":[{"id":6738,"href":"https:\/\/lovoldsolution.no\/es\/wp-json\/wp\/v2\/pages\/6468\/revisions\/6738"}],"up":[{"embeddable":true,"href":"https:\/\/lovoldsolution.no\/es\/wp-json\/wp\/v2\/pages\/6466"}],"wp:attachment":[{"href":"https:\/\/lovoldsolution.no\/es\/wp-json\/wp\/v2\/media?parent=6468"}],"curies":[{"name":"wp","href":"https:\/\/api.w.org\/{rel}","templated":true}]}}