{"id":6466,"date":"2021-10-21T13:23:06","date_gmt":"2021-10-21T11:23:06","guid":{"rendered":"https:\/\/lovoldsolution.no\/produkter-og-tjenester\/vessel\/"},"modified":"2023-03-13T14:54:34","modified_gmt":"2023-03-13T13:54:34","slug":"vessel","status":"publish","type":"page","link":"https:\/\/lovoldsolution.no\/es\/productos-y-servicios\/vessel\/","title":{"rendered":"Vessel"},"content":{"rendered":"<p>Vessel er et dokumentasjon og vedlikeholdssystem utviklet for b\u00e5ter og fl\u00e5ter i oppdrettsn\u00e6ringen.\u00a0Systemet er utviklet for \u00e5 utfylle forskrift om sikkerhetsstyring for mindre lasteskip, passasjerskip og fiskefart\u00f8y.<\/p>\n<p>Her f\u00e5r man en komplett oversikt over driftsutstyr, vedlikehold (basert p\u00e5 kalender), driftstimer og andre telleverk. Samt moduler for:<\/p>\n<ul>\n<li>Verksted<\/li>\n<li>Avvik<\/li>\n<li>Mannskap<\/li>\n<li>Sikkerhetsstyring<\/li>\n<li>Arbeidsordre<\/li>\n<li>Sjekklister<\/li>\n<li>Risikoanalyse<\/li>\n<\/ul>\n<h3><strong>Hvorfor bruke Vessel:<\/strong><\/h3>\n<ul>\n<li>Enkelt og intuitivt brukergrensesnitt, bygd p\u00e5 moderne teknologi<\/li>\n<li>Fullstendig oversikt over dokumentasjon og vedlikehold helt ned p\u00e5 utstyrsniv\u00e5<\/li>\n<li>Automatisk varsling og oversikt over frister<\/li>\n<li>Oppfyller forskrift om sikkerhetsstyring for mindre lasteskip, passasjerskip og fiskefart\u00f8y mv.<\/li>\n<\/ul>\n<p>&nbsp;<\/p>\n<p style=\"text-align: center;\"><a href=\"https:\/\/login.havbruksloggen.no\"><em><strong>Logg inn<\/strong><\/em><\/a><\/p>\n","protected":false},"excerpt":{"rendered":"Vessel er et dokumentasjon og vedlikeholdssystem utviklet for b\u00e5ter og fl\u00e5ter i oppdrettsn\u00e6ringen.\u00a0Systemet er utviklet for \u00e5 utfylle forskrift om&#8230;","protected":false},"author":1,"featured_media":0,"parent":6388,"menu_order":36,"comment_status":"closed","ping_status":"closed","template":"template-front.php","meta":{"_acf_changed":false,"footnotes":""},"class_list":["post-6466","page","type-page","status-publish","hentry"],"acf":[],"_links":{"self":[{"href":"https:\/\/lovoldsolution.no\/es\/wp-json\/wp\/v2\/pages\/6466","targetHints":{"allow":["GET"]}}],"collection":[{"href":"https:\/\/lovoldsolution.no\/es\/wp-json\/wp\/v2\/pages"}],"about":[{"href":"https:\/\/lovoldsolution.no\/es\/wp-json\/wp\/v2\/types\/page"}],"author":[{"embeddable":true,"href":"https:\/\/lovoldsolution.no\/es\/wp-json\/wp\/v2\/users\/1"}],"replies":[{"embeddable":true,"href":"https:\/\/lovoldsolution.no\/es\/wp-json\/wp\/v2\/comments?post=6466"}],"version-history":[{"count":2,"href":"https:\/\/lovoldsolution.no\/es\/wp-json\/wp\/v2\/pages\/6466\/revisions"}],"predecessor-version":[{"id":6965,"href":"https:\/\/lovoldsolution.no\/es\/wp-json\/wp\/v2\/pages\/6466\/revisions\/6965"}],"up":[{"embeddable":true,"href":"https:\/\/lovoldsolution.no\/es\/wp-json\/wp\/v2\/pages\/6388"}],"wp:attachment":[{"href":"https:\/\/lovoldsolution.no\/es\/wp-json\/wp\/v2\/media?parent=6466"}],"curies":[{"name":"wp","href":"https:\/\/api.w.org\/{rel}","templated":true}]}}