{"id":6464,"date":"2022-05-05T12:08:31","date_gmt":"2022-05-05T10:08:31","guid":{"rendered":"https:\/\/lovoldsolution.no\/produkter-og-tjenester\/havbruksloggen\/om-havbruksloggen\/"},"modified":"2023-02-22T14:31:27","modified_gmt":"2023-02-22T13:31:27","slug":"om-havbruksloggen","status":"publish","type":"page","link":"https:\/\/lovoldsolution.no\/es\/productos-y-servicios\/havbruksloggen\/om-havbruksloggen\/","title":{"rendered":"Sobre Havbruksloggen"},"content":{"rendered":"<p>La industria mundial de la acuicultura est\u00e1 creciendo r\u00e1pidamente, y la necesidad de herramientas digitales integrales para el monitoreo y el mantenimiento aumenta constantemente. Havbruksloggen se desarroll\u00f3 a petici\u00f3n de la industria, y ha estado en uso en piscifactor\u00edas noruegas desde 2012. Hoy en d\u00eda, la soluci\u00f3n tambi\u00e9n se usa en Islandia y Canad\u00e1.<\/p>\n<h3><strong>Sistema de control y mantenimiento todo en uno<\/strong><\/h3>\n<p>Havbruksloggen es un sistema de software f\u00e1cil de usar que recopila toda la informaci\u00f3n sobre una piscifactor\u00eda en un solo lugar. Brinda a los productores acceso a todos los aspectos de la producci\u00f3n, y la oportunidad de identificar y solucionar problemas r\u00e1pidamente.<\/p>\n<p>La soluci\u00f3n proporciona una descripci\u00f3n completa hasta el nivel de los componentes, con presentaciones gr\u00e1ficas, certificaciones activas, datos de sensores, vida \u00fatil de los componentes, notificaciones autom\u00e1ticas, plataforma frente a la empresa de servicios, maniobras gr\u00e1ficas con la salud de los peces y AIS. Todos los componentes tienen enlaces globales al proveedor y su \u00edndice de productos.<\/p>\n<p>Las operaciones se agilizan mediante la gesti\u00f3n de usuarios de proveedores externos, empresas de servicios y autoridades, que trabajan directamente en el sistema.<\/p>\n<p>Con un equipo de desarrollo propio, el nuevo software se perfecciona, y los sistemas actuales se optimizan continuamente. Havbruksloggen cumple con todos los requisitos de acuerdo con NS 9415:2009 y estamos empe\u00f1ados en tener un di\u00e1logo con nuestros usuarios para continuar ofreciendo un sistema que cambia al ritmo de la industria.<\/p>\n<h3><strong>Sostenibilidad<\/strong><\/h3>\n<p>Havbruksloggen forma parte de la ambici\u00f3n global del grupo L\u00f8vold Solution para el futuro:<\/p>\n<blockquote><p>Nuestra contribuci\u00f3n a la acuicultura responsable garantizar\u00e1 que las generaciones futuras tambi\u00e9n puedan vivir y cosechar del mar.<\/p><\/blockquote>\n<p>Para lograr esto, debemos ser capaces de anclar lo que hacemos en los objetivos del grupo, aqu\u00ed ilustrados en nuestra boya de sostenibilidad:<\/p>\n<p><img fetchpriority=\"high\" decoding=\"async\" class=\"alignnone wp-image-1223 size-large\" src=\"https:\/\/lovoldsolution.no\/wp-content\/uploads\/2022\/05\/Gront-samspill-1024x734.png\" alt=\"\" width=\"900\" height=\"645\" srcset=\"https:\/\/lovoldsolution.no\/wp-content\/uploads\/2022\/05\/Gront-samspill-1024x734.png 1024w, https:\/\/lovoldsolution.no\/wp-content\/uploads\/2022\/05\/Gront-samspill-300x215.png 300w, https:\/\/lovoldsolution.no\/wp-content\/uploads\/2022\/05\/Gront-samspill-768x550.png 768w, https:\/\/lovoldsolution.no\/wp-content\/uploads\/2022\/05\/Gront-samspill.png 1200w\" sizes=\"(max-width: 900px) 100vw, 900px\" \/><\/p>\n<p><a href=\"https:\/\/lovoldsolution.no\/om-oss\/baerekraft\/\"><strong><em>Ver el trabajo de sostenibilidad del grupo<\/em><\/strong><\/a><\/p>\n","protected":false},"excerpt":{"rendered":"La industria mundial de la acuicultura est\u00e1 creciendo r\u00e1pidamente, y la necesidad de herramientas digitales integrales para el monitoreo y&#8230;","protected":false},"author":3,"featured_media":0,"parent":6462,"menu_order":0,"comment_status":"closed","ping_status":"closed","template":"template-page.php","meta":{"_acf_changed":false,"footnotes":""},"class_list":["post-6464","page","type-page","status-publish","hentry"],"acf":[],"_links":{"self":[{"href":"https:\/\/lovoldsolution.no\/es\/wp-json\/wp\/v2\/pages\/6464","targetHints":{"allow":["GET"]}}],"collection":[{"href":"https:\/\/lovoldsolution.no\/es\/wp-json\/wp\/v2\/pages"}],"about":[{"href":"https:\/\/lovoldsolution.no\/es\/wp-json\/wp\/v2\/types\/page"}],"author":[{"embeddable":true,"href":"https:\/\/lovoldsolution.no\/es\/wp-json\/wp\/v2\/users\/3"}],"replies":[{"embeddable":true,"href":"https:\/\/lovoldsolution.no\/es\/wp-json\/wp\/v2\/comments?post=6464"}],"version-history":[{"count":1,"href":"https:\/\/lovoldsolution.no\/es\/wp-json\/wp\/v2\/pages\/6464\/revisions"}],"predecessor-version":[{"id":6736,"href":"https:\/\/lovoldsolution.no\/es\/wp-json\/wp\/v2\/pages\/6464\/revisions\/6736"}],"up":[{"embeddable":true,"href":"https:\/\/lovoldsolution.no\/es\/wp-json\/wp\/v2\/pages\/6462"}],"wp:attachment":[{"href":"https:\/\/lovoldsolution.no\/es\/wp-json\/wp\/v2\/media?parent=6464"}],"curies":[{"name":"wp","href":"https:\/\/api.w.org\/{rel}","templated":true}]}}