{"id":6462,"date":"2021-10-21T13:23:06","date_gmt":"2021-10-21T11:23:06","guid":{"rendered":"https:\/\/lovoldsolution.no\/produkter-og-tjenester\/havbruksloggen\/"},"modified":"2023-03-13T14:53:33","modified_gmt":"2023-03-13T13:53:33","slug":"havbruksloggen","status":"publish","type":"page","link":"https:\/\/lovoldsolution.no\/es\/productos-y-servicios\/havbruksloggen\/","title":{"rendered":"Havbruksloggen"},"content":{"rendered":"<p>Med Havbruksloggens kontroll- og vedlikeholdssystemer vil arbeidshverdagen effektiviseres med smarte og innovative l\u00f8sninger som er utviklet i samarbeid med n\u00e6ringen selv.<\/p>\n<p>L\u00f8sningene\u00a0gir oppdretterne full oversikt helt ned p\u00e5 komponentniv\u00e5, med grafiske fremstillinger, aktive sertifiseringer, sensordata og mye mer.<\/p>\n<p>Driften effektiviseres av en s\u00f8ml\u00f8s brukerstyring mot tredjeparts leverand\u00f8rer, serviceselskap og myndigheter som jobber direkte inn i systemet.<\/p>\n<p>Samtlige komponenter i systemet\u00a0bygges med\u00a0globale koblinger mot leverand\u00f8r og deres vareregistre. Med et eget utviklingsteam videreutvikles ny programvare og optimaliseres dagens systemer kontinuerlig. Vi er opptatt av tett dialog med v\u00e5re brukere for \u00e5 fortsatt tilby et system som endrer seg i takt med n\u00e6ringen.\u00a0Havbruksloggen oppfyller alle krav i henhold til NS 9415:2009.<\/p>\n<p><strong>Hvorfor bruke Havbruksloggen:<\/strong><\/p>\n<ul>\n<li>Enkelt brukergrensesnitt<\/li>\n<li>Fullstendig grafisk komponentoversikt<\/li>\n<li>Sensordata<\/li>\n<li>Automatisk varsling<\/li>\n<li>Globale dokument- og vareregister<\/li>\n<\/ul>\n<p style=\"text-align: center;\"><a href=\"https:\/\/login.havbruksloggen.no\"><em><strong>Logg inn<\/strong><\/em><\/a><\/p>\n<p>Ingen lokaliteter er like. Ta kontakt, s\u00e5 finner vi en skreddersydd l\u00f8sning som er tilpasset dine behov.<\/p>\n<p>&nbsp;<\/p>\n","protected":false},"excerpt":{"rendered":"Med Havbruksloggens kontroll- og vedlikeholdssystemer vil arbeidshverdagen effektiviseres med smarte og innovative l\u00f8sninger som er utviklet i samarbeid med n\u00e6ringen&#8230;","protected":false},"author":1,"featured_media":0,"parent":6388,"menu_order":35,"comment_status":"closed","ping_status":"closed","template":"template-front.php","meta":{"_acf_changed":false,"footnotes":""},"class_list":["post-6462","page","type-page","status-publish","hentry"],"acf":[],"_links":{"self":[{"href":"https:\/\/lovoldsolution.no\/es\/wp-json\/wp\/v2\/pages\/6462","targetHints":{"allow":["GET"]}}],"collection":[{"href":"https:\/\/lovoldsolution.no\/es\/wp-json\/wp\/v2\/pages"}],"about":[{"href":"https:\/\/lovoldsolution.no\/es\/wp-json\/wp\/v2\/types\/page"}],"author":[{"embeddable":true,"href":"https:\/\/lovoldsolution.no\/es\/wp-json\/wp\/v2\/users\/1"}],"replies":[{"embeddable":true,"href":"https:\/\/lovoldsolution.no\/es\/wp-json\/wp\/v2\/comments?post=6462"}],"version-history":[{"count":5,"href":"https:\/\/lovoldsolution.no\/es\/wp-json\/wp\/v2\/pages\/6462\/revisions"}],"predecessor-version":[{"id":6964,"href":"https:\/\/lovoldsolution.no\/es\/wp-json\/wp\/v2\/pages\/6462\/revisions\/6964"}],"up":[{"embeddable":true,"href":"https:\/\/lovoldsolution.no\/es\/wp-json\/wp\/v2\/pages\/6388"}],"wp:attachment":[{"href":"https:\/\/lovoldsolution.no\/es\/wp-json\/wp\/v2\/media?parent=6462"}],"curies":[{"name":"wp","href":"https:\/\/api.w.org\/{rel}","templated":true}]}}