{"id":6444,"date":"2021-10-21T13:23:06","date_gmt":"2021-10-21T11:23:06","guid":{"rendered":"https:\/\/lovoldsolution.no\/produkter-og-tjenester\/loftesystemer\/"},"modified":"2023-03-21T10:17:00","modified_gmt":"2023-03-21T09:17:00","slug":"sistemas-de-elevacion","status":"publish","type":"page","link":"https:\/\/lovoldsolution.no\/es\/productos-y-servicios\/sistemas-de-elevacion\/","title":{"rendered":"Sistemas de elevaci\u00f3n"},"content":{"rendered":"<p>L\u00f8vold AS er en moderne produsent og leverand\u00f8r av l\u00f8ftesystemer til bl\u00e5 n\u00e6ring. I v\u00e5rt produksjonsverksted lager vi komplette wire- og l\u00f8fteprodukter i st\u00e5l, utf\u00f8rer kontroller, samt testing og resertifiserer eksisterende l\u00f8ftesystemer.<\/p>\n<p>Vi har et stort utvalg av produkter, yter god service og er tilgjengelig fra b\u00e5de vei og sj\u00f8.<\/p>\n<p>Som saksyndig virksomhet bidrar v\u00e5re kompetente fagfolk med r\u00e5dgivning for \u00e5 f\u00e5 optimale og sikre l\u00f8sninger til ditt form\u00e5l.<\/p>\n<p>&nbsp;<\/p>\n","protected":false},"excerpt":{"rendered":"L\u00f8vold AS er en moderne produsent og leverand\u00f8r av l\u00f8ftesystemer til bl\u00e5 n\u00e6ring. I v\u00e5rt produksjonsverksted lager vi komplette wire-&#8230;","protected":false},"author":1,"featured_media":0,"parent":6388,"menu_order":22,"comment_status":"closed","ping_status":"closed","template":"template-front.php","meta":{"_acf_changed":false,"footnotes":""},"class_list":["post-6444","page","type-page","status-publish","hentry"],"acf":[],"_links":{"self":[{"href":"https:\/\/lovoldsolution.no\/es\/wp-json\/wp\/v2\/pages\/6444","targetHints":{"allow":["GET"]}}],"collection":[{"href":"https:\/\/lovoldsolution.no\/es\/wp-json\/wp\/v2\/pages"}],"about":[{"href":"https:\/\/lovoldsolution.no\/es\/wp-json\/wp\/v2\/types\/page"}],"author":[{"embeddable":true,"href":"https:\/\/lovoldsolution.no\/es\/wp-json\/wp\/v2\/users\/1"}],"replies":[{"embeddable":true,"href":"https:\/\/lovoldsolution.no\/es\/wp-json\/wp\/v2\/comments?post=6444"}],"version-history":[{"count":3,"href":"https:\/\/lovoldsolution.no\/es\/wp-json\/wp\/v2\/pages\/6444\/revisions"}],"predecessor-version":[{"id":7076,"href":"https:\/\/lovoldsolution.no\/es\/wp-json\/wp\/v2\/pages\/6444\/revisions\/7076"}],"up":[{"embeddable":true,"href":"https:\/\/lovoldsolution.no\/es\/wp-json\/wp\/v2\/pages\/6388"}],"wp:attachment":[{"href":"https:\/\/lovoldsolution.no\/es\/wp-json\/wp\/v2\/media?parent=6444"}],"curies":[{"name":"wp","href":"https:\/\/api.w.org\/{rel}","templated":true}]}}