{"id":6422,"date":"2022-05-20T09:21:18","date_gmt":"2022-05-20T07:21:18","guid":{"rendered":"https:\/\/lovoldsolution.no\/produkter-og-tjenester\/fortoyningssystemer\/fortoyningsprodukter\/kauser\/rorkause\/"},"modified":"2022-05-20T09:21:18","modified_gmt":"2022-05-20T07:21:18","slug":"rorkause","status":"publish","type":"page","link":"https:\/\/lovoldsolution.no\/es\/productos-y-servicios\/sistemas-de-amarre\/fortoyningsprodukter\/kauser\/rorkause\/","title":{"rendered":"R\u00f8rkause"},"content":{"rendered":"<p>R\u00f8rkausene har r\u00f8r rundt sidene pa\u030a kausen. Dette for a\u030a sikre at tauet ikke vrir seg ut. Brukes mest til grove taudimensjoner. Kausen er galvanisert.<\/p>\n","protected":false},"excerpt":{"rendered":"R\u00f8rkausene har r\u00f8r rundt sidene pa\u030a kausen. Dette for a\u030a sikre at tauet ikke vrir seg ut. Brukes mest til&#8230;","protected":false},"author":3,"featured_media":0,"parent":6418,"menu_order":0,"comment_status":"closed","ping_status":"closed","template":"template-product.php","meta":{"_acf_changed":false,"footnotes":""},"class_list":["post-6422","page","type-page","status-publish","hentry"],"acf":[],"_links":{"self":[{"href":"https:\/\/lovoldsolution.no\/es\/wp-json\/wp\/v2\/pages\/6422","targetHints":{"allow":["GET"]}}],"collection":[{"href":"https:\/\/lovoldsolution.no\/es\/wp-json\/wp\/v2\/pages"}],"about":[{"href":"https:\/\/lovoldsolution.no\/es\/wp-json\/wp\/v2\/types\/page"}],"author":[{"embeddable":true,"href":"https:\/\/lovoldsolution.no\/es\/wp-json\/wp\/v2\/users\/3"}],"replies":[{"embeddable":true,"href":"https:\/\/lovoldsolution.no\/es\/wp-json\/wp\/v2\/comments?post=6422"}],"version-history":[{"count":0,"href":"https:\/\/lovoldsolution.no\/es\/wp-json\/wp\/v2\/pages\/6422\/revisions"}],"up":[{"embeddable":true,"href":"https:\/\/lovoldsolution.no\/es\/wp-json\/wp\/v2\/pages\/6418"}],"wp:attachment":[{"href":"https:\/\/lovoldsolution.no\/es\/wp-json\/wp\/v2\/media?parent=6422"}],"curies":[{"name":"wp","href":"https:\/\/api.w.org\/{rel}","templated":true}]}}