{"id":6418,"date":"2021-12-07T15:37:53","date_gmt":"2021-12-07T14:37:53","guid":{"rendered":"https:\/\/lovoldsolution.no\/produkter-og-tjenester\/fortoyningssystemer\/fortoyningsprodukter\/kauser\/"},"modified":"2021-12-07T15:37:53","modified_gmt":"2021-12-07T14:37:53","slug":"kauser","status":"publish","type":"page","link":"https:\/\/lovoldsolution.no\/es\/productos-y-servicios\/sistemas-de-amarre\/fortoyningsprodukter\/kauser\/","title":{"rendered":"Kauser"},"content":{"rendered":"<p>I fort\u00f8yningssystemer fra L\u00f8vold benyttes 3 forskjellige kausetyper; trossekause, r\u00f8rkause og hjertekause.<\/p>\n<p>Kausene settes pa\u030a enden av tauet og spleises fast. Spleis ma\u030a v\u00e6re sa\u030a stram at det ikke er fare for at tauet vrir seg ut av kause.<\/p>\n<p><em>Krav fra NS 9415:2009;<\/em><br \/>\nKauser skal oppfylle lastkrav i line. Det er ingen andre spesifikke krav til kauser i standard<\/p>\n<p>&nbsp;<\/p>\n","protected":false},"excerpt":{"rendered":"I fort\u00f8yningssystemer fra L\u00f8vold benyttes 3 forskjellige kausetyper; trossekause, r\u00f8rkause og hjertekause. Kausene settes pa\u030a enden av tauet og spleises&#8230;","protected":false},"author":1,"featured_media":3701,"parent":6402,"menu_order":43,"comment_status":"closed","ping_status":"closed","template":"template-page.php","meta":{"_acf_changed":false,"footnotes":""},"class_list":["post-6418","page","type-page","status-publish","has-post-thumbnail","hentry"],"acf":[],"_links":{"self":[{"href":"https:\/\/lovoldsolution.no\/es\/wp-json\/wp\/v2\/pages\/6418","targetHints":{"allow":["GET"]}}],"collection":[{"href":"https:\/\/lovoldsolution.no\/es\/wp-json\/wp\/v2\/pages"}],"about":[{"href":"https:\/\/lovoldsolution.no\/es\/wp-json\/wp\/v2\/types\/page"}],"author":[{"embeddable":true,"href":"https:\/\/lovoldsolution.no\/es\/wp-json\/wp\/v2\/users\/1"}],"replies":[{"embeddable":true,"href":"https:\/\/lovoldsolution.no\/es\/wp-json\/wp\/v2\/comments?post=6418"}],"version-history":[{"count":0,"href":"https:\/\/lovoldsolution.no\/es\/wp-json\/wp\/v2\/pages\/6418\/revisions"}],"up":[{"embeddable":true,"href":"https:\/\/lovoldsolution.no\/es\/wp-json\/wp\/v2\/pages\/6402"}],"wp:featuredmedia":[{"embeddable":true,"href":"https:\/\/lovoldsolution.no\/es\/wp-json\/wp\/v2\/media\/3701"}],"wp:attachment":[{"href":"https:\/\/lovoldsolution.no\/es\/wp-json\/wp\/v2\/media?parent=6418"}],"curies":[{"name":"wp","href":"https:\/\/api.w.org\/{rel}","templated":true}]}}