{"id":6408,"date":"2022-05-23T01:10:30","date_gmt":"2022-05-22T23:10:30","guid":{"rendered":"https:\/\/lovoldsolution.no\/produkter-og-tjenester\/fortoyningssystemer\/fortoyningsprodukter\/anker\/ploganker\/"},"modified":"2024-09-02T13:34:28","modified_gmt":"2024-09-02T11:34:28","slug":"ploganker","status":"publish","type":"page","link":"https:\/\/lovoldsolution.no\/es\/productos-y-servicios\/sistemas-de-amarre\/fortoyningsprodukter\/anker\/ploganker\/","title":{"rendered":"Ploganker"},"content":{"rendered":"<p>Forankringssystemer fra L\u00f8vold har fire typer ploganker; L\u00f8vold Storm, L\u00f8vold Storm med bunnfang, L\u00f8vold dobbel stokk og L\u00f8vold Milj\u00f8.<\/p>\n<p><strong>Optimale bunnforhold:<\/strong> Bl\u00f8t bunn av sand, grus, leire eller blanding av disse. Ikke egnet p\u00e5 harde bunntyper.<\/p>\n<p>&nbsp;<\/p>\n<h3><img fetchpriority=\"high\" decoding=\"async\" width=\"300\" height=\"215\" class=\"size-medium wp-image-3097 alignleft\" src=\"https:\/\/lovoldsolution.no\/wp-content\/uploads\/2022\/05\/Anker-2-300x215.jpg\" alt=\"\" srcset=\"https:\/\/lovoldsolution.no\/wp-content\/uploads\/2022\/05\/Anker-2-300x215.jpg 300w, https:\/\/lovoldsolution.no\/wp-content\/uploads\/2022\/05\/Anker-2-1024x734.jpg 1024w, https:\/\/lovoldsolution.no\/wp-content\/uploads\/2022\/05\/Anker-2-768x550.jpg 768w, https:\/\/lovoldsolution.no\/wp-content\/uploads\/2022\/05\/Anker-2.jpg 1200w\" sizes=\"(max-width: 300px) 100vw, 300px\" \/><br \/>\nL\u00f8vold Dobbel stokk<\/h3>\n<p>L\u00f8vold Dobbel stokk er bygget opp av en bunnplate med to spisser og to parallelle stokker. Ankeret er satt sammen med bolter og monteres med kran hos L\u00f8vold.<\/p>\n<p>&nbsp;<\/p>\n<div class=\"table-wrapper\"><table style=\"border-collapse: collapse; width: 100%;\" border=\"1\">\n<tbody>\n<tr style=\"height: 52px;\">\n<td style=\"width: 25%; height: 52px;\"><strong>Type<\/strong><\/td>\n<td style=\"width: 25%; height: 52px;\"><strong>MBL*<\/strong><br \/>\n<strong>(tonn)<\/strong><\/td>\n<td style=\"width: 25%; height: 52px;\"><strong>Maks linelast\u00a0<\/strong><br \/>\n<strong>** (tonn)\u00a0<\/strong><\/td>\n<td style=\"width: 39.310345%; height: 52px;\"><strong>Sjakkel for innfestning<\/strong><\/td>\n<\/tr>\n<tr style=\"height: 26px;\">\n<td style=\"width: 25%; height: 26px;\">Anker D.S. 750 kg Orange<\/td>\n<td style=\"width: 25%; height: 26px;\">96.0<\/td>\n<td style=\"width: 25%; height: 26px;\">32.0<\/td>\n<td style=\"width: 39.310345%; height: 26px;\">Anja. No. 852 90T<\/td>\n<\/tr>\n<tr style=\"height: 26px;\">\n<td style=\"width: 25%; height: 26px;\">Anker D.S. 1000 kg Orange<\/td>\n<td style=\"width: 25%; height: 26px;\">120.0<\/td>\n<td style=\"width: 25%; height: 26px;\">40.0<\/td>\n<td style=\"width: 39.310345%; height: 26px;\">Anja. No. 852 90T<\/td>\n<\/tr>\n<tr style=\"height: 26px;\">\n<td style=\"width: 25%; height: 26px;\">Anker D.S. 1500 kg Orange<\/td>\n<td style=\"width: 25%; height: 26px;\">168.0<\/td>\n<td style=\"width: 25%; height: 26px;\">56.0<\/td>\n<td style=\"width: 39.310345%; height: 26px;\">Anja. No. 852 90T, 110 T<\/td>\n<\/tr>\n<tr style=\"height: 26px;\">\n<td style=\"width: 25%; height: 26px;\">Anker D.S. 1500 kg L\u00d8BO<\/td>\n<td style=\"width: 25%; height: 26px;\">168.0<\/td>\n<td style=\"width: 25%; height: 26px;\">56.0<\/td>\n<td style=\"width: 39.310345%; height: 26px;\">Anja. No. 852 90T, 110 T<\/td>\n<\/tr>\n<tr style=\"height: 26px;\">\n<td style=\"width: 25%; height: 26px;\">Anker D.S. 2000 kg Orange<\/td>\n<td style=\"width: 25%; height: 26px;\">207.0<\/td>\n<td style=\"width: 25%; height: 26px;\">69.0<\/td>\n<td style=\"width: 39.310345%; height: 26px;\">Anja. No. 852 110T, 150T<\/td>\n<\/tr>\n<tr>\n<td style=\"width: 25%;\">Anker D.S. 2000 kg L\u00d8BO<\/td>\n<td style=\"width: 25%;\">207.0<\/td>\n<td style=\"width: 25%;\">69.0<\/td>\n<td style=\"width: 39.310345%;\">Anja. No. 852 110T, 150T<\/td>\n<\/tr>\n<tr style=\"height: 26px;\">\n<td style=\"width: 25%; height: 26px;\">Anker D.S. 2500 kg Orange<\/td>\n<td style=\"width: 25%; height: 26px;\">300.0<\/td>\n<td style=\"width: 25%; height: 26px;\">100.0<\/td>\n<td style=\"width: 39.310345%; height: 26px;\">Anja. No. 852 110T, 150T<\/td>\n<\/tr>\n<tr style=\"height: 26px;\">\n<td style=\"width: 25%; height: 26px;\">Anker D.S. 3000 kg Orange<\/td>\n<td style=\"width: 25%; height: 26px;\">360.0<\/td>\n<td style=\"width: 25%; height: 26px;\">120.0<\/td>\n<td style=\"width: 39.310345%; height: 26px;\">Anja. No. 852 110T, 150T<\/td>\n<\/tr>\n<tr style=\"height: 26px;\">\n<td style=\"width: 25%; height: 26px;\">Anker D.S. 3500 kg Orange<\/td>\n<td style=\"width: 25%; height: 26px;\">420.0<\/td>\n<td style=\"width: 25%; height: 26px;\">140.0<\/td>\n<td style=\"width: 39.310345%; height: 26px;\">Anja. No. 852 150T<\/td>\n<\/tr>\n<\/tbody>\n<\/table><\/div>\n<p><em>*MBL innfestings\u00f8ye.\u00a0<\/em><br \/>\n<em>**Maks linelast er MBL\/materialfaktor.\u00a0<\/em><\/p>\n<p>&nbsp;<\/p>\n<h3><img decoding=\"async\" width=\"300\" height=\"259\" class=\"size-medium wp-image-3101 alignleft\" src=\"https:\/\/lovoldsolution.no\/wp-content\/uploads\/2022\/05\/Lovold-Storm-300x259.jpg\" alt=\"\" srcset=\"https:\/\/lovoldsolution.no\/wp-content\/uploads\/2022\/05\/Lovold-Storm-300x259.jpg 300w, https:\/\/lovoldsolution.no\/wp-content\/uploads\/2022\/05\/Lovold-Storm-1024x885.jpg 1024w, https:\/\/lovoldsolution.no\/wp-content\/uploads\/2022\/05\/Lovold-Storm-768x664.jpg 768w, https:\/\/lovoldsolution.no\/wp-content\/uploads\/2022\/05\/Lovold-Storm.jpg 1200w\" sizes=\"(max-width: 300px) 100vw, 300px\" \/><\/h3>\n<p>L\u00f8vold Storm<\/p>\n<p>L\u00f8vold Storm er bygd opp av en spiss plate i bunn og en stokk. Ankeret er helsveist i henhold til godkjente prosedyrer (WPS). Ankeret har forholdsvis stor vinkel.<\/p>\n<p>&nbsp;<\/p>\n<div class=\"table-wrapper\"><table style=\"border-collapse: collapse; width: 113.793103%; height: 145px;\" border=\"1\">\n<tbody>\n<tr style=\"height: 58px;\">\n<td style=\"width: 20%; height: 58px;\"><strong>Type<\/strong><\/td>\n<td style=\"width: 20%; height: 58px;\"><strong>MBL*<\/strong><br \/>\n<strong>(tonn)<\/strong><\/td>\n<td style=\"width: 20%; height: 58px;\"><strong>Maks linelast<\/strong><br \/>\n<strong>** (tonn)<\/strong><\/td>\n<td style=\"width: 20%; height: 58px;\"><strong>Sjakkel for innfestning<\/strong><\/td>\n<\/tr>\n<tr style=\"height: 58px;\">\n<td style=\"width: 20%; height: 58px;\">Anker Storm 1700 kg<\/td>\n<td style=\"width: 20%; height: 58px;\">138.2<\/td>\n<td style=\"width: 20%; height: 58px;\">46.1<\/td>\n<td style=\"width: 20%; height: 58px;\">Anja. No. 852 110T<\/td>\n<\/tr>\n<\/tbody>\n<\/table><\/div>\n<p><em>*MBL innfestings\u00f8ye.\u00a0<\/em><br \/>\n<em>**Maks linelast er MBL\/materialfaktor.\u00a0<\/em><\/p>\n<h3><\/h3>\n<h3>L\u00f8vold Storm m\/bunnfang<\/h3>\n<p>&nbsp;<\/p>\n<div class=\"table-wrapper\"><table style=\"border-collapse: collapse; width: 108.103448%; height: 172px;\" border=\"1\">\n<tbody>\n<tr>\n<td style=\"width: 25%;\"><strong>Type\u00a0<\/strong><\/td>\n<td style=\"width: 25%;\"><strong>MBL*<\/strong><br \/>\n<strong>(tonn)<\/strong><\/td>\n<td style=\"width: 25%;\"><strong>Maks linelast<\/strong><br \/>\n<strong>** (tonn)<\/strong><\/td>\n<td style=\"width: 25%;\"><strong>Sjakkel for innfestning<\/strong><\/td>\n<\/tr>\n<tr>\n<td style=\"width: 25%;\">Anker Storm m\/bunnfang 1800kg<\/td>\n<td style=\"width: 25%;\">138.2<\/td>\n<td style=\"width: 25%;\">46.1<\/td>\n<td style=\"width: 25%;\">Anja. No. 852 110T<\/td>\n<\/tr>\n<\/tbody>\n<\/table><\/div>\n<p><em>*MBL innfestings\u00f8ye.\u00a0<\/em><br \/>\n<em>**Maks linelast er MBL\/materialfaktor.\u00a0<\/em><\/p>\n<h3>L\u00f8vold Milj\u00f8<\/h3>\n<p><img decoding=\"async\" width=\"300\" height=\"218\" class=\"size-medium wp-image-7707 alignleft\" src=\"https:\/\/lovoldsolution.no\/wp-content\/uploads\/2023\/11\/momekmiljo-300x218.png\" alt=\"\" srcset=\"https:\/\/lovoldsolution.no\/wp-content\/uploads\/2023\/11\/momekmiljo-300x218.png 300w, https:\/\/lovoldsolution.no\/wp-content\/uploads\/2023\/11\/momekmiljo-1024x744.png 1024w, https:\/\/lovoldsolution.no\/wp-content\/uploads\/2023\/11\/momekmiljo-768x558.png 768w, https:\/\/lovoldsolution.no\/wp-content\/uploads\/2023\/11\/momekmiljo.png 1200w\" sizes=\"(max-width: 300px) 100vw, 300px\" \/><\/p>\n<ul>\n<li>Et gr\u00f8nnere alternativ<\/li>\n<li>Reduserte utslipp<\/li>\n<li>Produsert i Norge<\/li>\n<li>Nordiske r\u00e5varer<\/li>\n<li>Kort leveringstid<\/li>\n<li>Lokal verdiskaping<\/li>\n<li><a href=\"https:\/\/lovoldsolution.no\/wp-content\/uploads\/2024\/03\/NEPD-5531-4839_Green-Plow-Anchor.pdf\">EPD for L\u00f8vold Milj\u00f8 anker<\/a><\/li>\n<\/ul>\n<div class=\"table-wrapper\"><table style=\"border-collapse: collapse; width: 100%;\" border=\"1\">\n<tbody>\n<tr>\n<td style=\"width: 25%;\"><strong>Type\u00a0<\/strong><\/td>\n<td style=\"width: 25%;\"><strong>MBL*<\/strong><br \/>\n<strong>(tonn)<\/strong><\/td>\n<td style=\"width: 25%;\"><strong>Maks linelast<\/strong><br \/>\n<strong>** (tonn)<\/strong><\/td>\n<td style=\"width: 25%;\"><strong>Sjakkel for innfestning\u00a0<\/strong><\/td>\n<\/tr>\n<tr>\n<td style=\"width: 25%;\">Anker D.S. 1400kg Milj\u00f8<\/td>\n<td style=\"width: 25%;\">168.0<\/td>\n<td style=\"width: 25%;\">56.0<\/td>\n<td style=\"width: 25%;\">Anja. No. 852 90T<\/td>\n<\/tr>\n<\/tbody>\n<\/table><\/div>\n<p><em>*MBL innfestings\u00f8ye.\u00a0<\/em><br \/>\n<em>**Maks linelast er MBL\/materialfaktor.\u00a0<\/em><\/p>\n","protected":false},"excerpt":{"rendered":"Forankringssystemer fra L\u00f8vold har fire typer ploganker; L\u00f8vold Storm, L\u00f8vold Storm med bunnfang, L\u00f8vold dobbel stokk og L\u00f8vold Milj\u00f8. Optimale&#8230;","protected":false},"author":3,"featured_media":0,"parent":6404,"menu_order":0,"comment_status":"closed","ping_status":"closed","template":"template-product.php","meta":{"_acf_changed":false,"footnotes":""},"class_list":["post-6408","page","type-page","status-publish","hentry"],"acf":[],"_links":{"self":[{"href":"https:\/\/lovoldsolution.no\/es\/wp-json\/wp\/v2\/pages\/6408","targetHints":{"allow":["GET"]}}],"collection":[{"href":"https:\/\/lovoldsolution.no\/es\/wp-json\/wp\/v2\/pages"}],"about":[{"href":"https:\/\/lovoldsolution.no\/es\/wp-json\/wp\/v2\/types\/page"}],"author":[{"embeddable":true,"href":"https:\/\/lovoldsolution.no\/es\/wp-json\/wp\/v2\/users\/3"}],"replies":[{"embeddable":true,"href":"https:\/\/lovoldsolution.no\/es\/wp-json\/wp\/v2\/comments?post=6408"}],"version-history":[{"count":17,"href":"https:\/\/lovoldsolution.no\/es\/wp-json\/wp\/v2\/pages\/6408\/revisions"}],"predecessor-version":[{"id":8412,"href":"https:\/\/lovoldsolution.no\/es\/wp-json\/wp\/v2\/pages\/6408\/revisions\/8412"}],"up":[{"embeddable":true,"href":"https:\/\/lovoldsolution.no\/es\/wp-json\/wp\/v2\/pages\/6404"}],"wp:attachment":[{"href":"https:\/\/lovoldsolution.no\/es\/wp-json\/wp\/v2\/media?parent=6408"}],"curies":[{"name":"wp","href":"https:\/\/api.w.org\/{rel}","templated":true}]}}