{"id":6400,"date":"2021-10-21T13:23:06","date_gmt":"2021-10-21T11:23:06","guid":{"rendered":"https:\/\/lovoldsolution.no\/produkter-og-tjenester\/fortoyningssystemer\/fortoyningsanalyse\/"},"modified":"2023-02-22T13:27:52","modified_gmt":"2023-02-22T12:27:52","slug":"fortoyningsanalyse","status":"publish","type":"page","link":"https:\/\/lovoldsolution.no\/es\/productos-y-servicios\/sistemas-de-amarre\/fortoyningsanalyse\/","title":{"rendered":"An\u00e1lisis y c\u00e1lculo"},"content":{"rendered":"<p>El departamento de an\u00e1lisis est\u00e1 formado por ingenieros motivados y comprometidos, con experiencia tanto en la industria de la acuicultura como en alta mar. Los ingenieros se complementan entre s\u00ed con competencia en \u00e1reas como tecnolog\u00eda marina, dise\u00f1o de barcos y maquinaria. El entorno estimula el desarrollo, y la combinaci\u00f3n de ingenieros e ingenieros civiles contribuye a que los desaf\u00edos pr\u00e1cticos y te\u00f3ricos se resuelvan a diario. El departamento tiene 7 empleados, y esto asegura una buena capacidad y poder de implementaci\u00f3n.<\/p>\n<p>El departamento de an\u00e1lisis lleva a cabo una amplia gama de tareas para nuestros clientes. Entre otras, an\u00e1lisis de sistemas cerrados, concesiones de desarrollo, an\u00e1lisis de portadores de peces vivos y muelles flotantes. La lista no es exhaustiva, y solo la creatividad propia y la de nuestros clientes pone l\u00edmites a lo que se puede llevar a cabo.<\/p>\n","protected":false},"excerpt":{"rendered":"El departamento de an\u00e1lisis est\u00e1 formado por ingenieros motivados y comprometidos, con experiencia tanto en la industria de la acuicultura&#8230;","protected":false},"author":1,"featured_media":4103,"parent":6390,"menu_order":25,"comment_status":"closed","ping_status":"closed","template":"template-page.php","meta":{"_acf_changed":false,"footnotes":""},"class_list":["post-6400","page","type-page","status-publish","has-post-thumbnail","hentry"],"acf":[],"_links":{"self":[{"href":"https:\/\/lovoldsolution.no\/es\/wp-json\/wp\/v2\/pages\/6400","targetHints":{"allow":["GET"]}}],"collection":[{"href":"https:\/\/lovoldsolution.no\/es\/wp-json\/wp\/v2\/pages"}],"about":[{"href":"https:\/\/lovoldsolution.no\/es\/wp-json\/wp\/v2\/types\/page"}],"author":[{"embeddable":true,"href":"https:\/\/lovoldsolution.no\/es\/wp-json\/wp\/v2\/users\/1"}],"replies":[{"embeddable":true,"href":"https:\/\/lovoldsolution.no\/es\/wp-json\/wp\/v2\/comments?post=6400"}],"version-history":[{"count":3,"href":"https:\/\/lovoldsolution.no\/es\/wp-json\/wp\/v2\/pages\/6400\/revisions"}],"predecessor-version":[{"id":6721,"href":"https:\/\/lovoldsolution.no\/es\/wp-json\/wp\/v2\/pages\/6400\/revisions\/6721"}],"up":[{"embeddable":true,"href":"https:\/\/lovoldsolution.no\/es\/wp-json\/wp\/v2\/pages\/6390"}],"wp:featuredmedia":[{"embeddable":true,"href":"https:\/\/lovoldsolution.no\/es\/wp-json\/wp\/v2\/media\/4103"}],"wp:attachment":[{"href":"https:\/\/lovoldsolution.no\/es\/wp-json\/wp\/v2\/media?parent=6400"}],"curies":[{"name":"wp","href":"https:\/\/api.w.org\/{rel}","templated":true}]}}