{"id":6398,"date":"2022-01-14T11:14:35","date_gmt":"2022-01-14T10:14:35","guid":{"rendered":"https:\/\/lovoldsolution.no\/produkter-og-tjenester\/fortoyningssystemer\/testing-og-resertifisering\/"},"modified":"2023-03-21T10:14:02","modified_gmt":"2023-03-21T09:14:02","slug":"pruebas-y-recertificacion","status":"publish","type":"page","link":"https:\/\/lovoldsolution.no\/es\/productos-y-servicios\/sistemas-de-amarre\/pruebas-y-recertificacion\/","title":{"rendered":"Pruebas y recertificaci\u00f3n"},"content":{"rendered":"<p>L\u00f8vold realiza el aseguramiento y control de calidad en todos los grupos de productos con regularidad. Las instalaciones de producci\u00f3n en Bod\u00f8 est\u00e1n equipadas con un banco de tensi\u00f3n que puede realizar pruebas de tracci\u00f3n de hasta 100 toneladas, que se utiliza para comprobar la MBL (tensi\u00f3n de rotura).<\/p>\n<p>Adem\u00e1s de esto, tenemos varias pruebas de peso que se realizan para comprobar que el producto cumple con la especificaci\u00f3n de calidad. Se llevan a cabo otras pruebas de tensi\u00f3n y tirantez cuando se desea reutilizar o aumentar la vida \u00fatil de los componentes.<\/p>\n","protected":false},"excerpt":{"rendered":"L\u00f8vold realiza el aseguramiento y control de calidad en todos los grupos de productos con regularidad. Las instalaciones de producci\u00f3n&#8230;","protected":false},"author":3,"featured_media":0,"parent":6390,"menu_order":0,"comment_status":"closed","ping_status":"closed","template":"template-page.php","meta":{"_acf_changed":false,"footnotes":""},"class_list":["post-6398","page","type-page","status-publish","hentry"],"acf":[],"_links":{"self":[{"href":"https:\/\/lovoldsolution.no\/es\/wp-json\/wp\/v2\/pages\/6398","targetHints":{"allow":["GET"]}}],"collection":[{"href":"https:\/\/lovoldsolution.no\/es\/wp-json\/wp\/v2\/pages"}],"about":[{"href":"https:\/\/lovoldsolution.no\/es\/wp-json\/wp\/v2\/types\/page"}],"author":[{"embeddable":true,"href":"https:\/\/lovoldsolution.no\/es\/wp-json\/wp\/v2\/users\/3"}],"replies":[{"embeddable":true,"href":"https:\/\/lovoldsolution.no\/es\/wp-json\/wp\/v2\/comments?post=6398"}],"version-history":[{"count":3,"href":"https:\/\/lovoldsolution.no\/es\/wp-json\/wp\/v2\/pages\/6398\/revisions"}],"predecessor-version":[{"id":6723,"href":"https:\/\/lovoldsolution.no\/es\/wp-json\/wp\/v2\/pages\/6398\/revisions\/6723"}],"up":[{"embeddable":true,"href":"https:\/\/lovoldsolution.no\/es\/wp-json\/wp\/v2\/pages\/6390"}],"wp:attachment":[{"href":"https:\/\/lovoldsolution.no\/es\/wp-json\/wp\/v2\/media?parent=6398"}],"curies":[{"name":"wp","href":"https:\/\/api.w.org\/{rel}","templated":true}]}}