{"id":6396,"date":"2022-01-14T10:43:32","date_gmt":"2022-01-14T09:43:32","guid":{"rendered":"https:\/\/lovoldsolution.no\/produkter-og-tjenester\/fortoyningssystemer\/wire-og-lofteredskaper\/"},"modified":"2023-03-21T10:08:48","modified_gmt":"2023-03-21T09:08:48","slug":"produccion-y-servicio","status":"publish","type":"page","link":"https:\/\/lovoldsolution.no\/es\/productos-y-servicios\/sistemas-de-amarre\/produccion-y-servicio\/","title":{"rendered":"Producci\u00f3n y servicio"},"content":{"rendered":"<p>L\u00f8vold fabrica equipos en la sede central de Bod\u00f8. En unas nuevas y modernas instalaciones, los empleados realizan, entre otras cosas, el empalme de cuerdas y montaje de anclas. En los \u00faltimos a\u00f1os, el parque de maquinaria ha recibido mejoras significativas, incluido un pretensor \u00fanico que ha aumentado la calidad del equipo suministrado por L\u00f8vold. Adem\u00e1s, otras m\u00e1quinas, como el cortador de cadenas y equipo de medici\u00f3n automatizado, han mejorado la salud, seguridad y medioambiente as\u00ed como el entorno de trabajo en la sala de producci\u00f3n.<\/p>\n<p>La producci\u00f3n de L\u00f8vold sigue requisitos estrictos y el tiempo de producci\u00f3n var\u00eda seg\u00fan el alcance y las dimensiones. A trav\u00e9s de una buena cooperaci\u00f3n entre los gerentes de proyecto y el departamento de producci\u00f3n, el trabajo se prioriza y distribuye de manera optimizada. Seg\u00fan los niveles de existencias y la dotaci\u00f3n de personal, L\u00f8vold puede entregar sistemas de amarre completos en muy poco tiempo. En el momento de la entrega, los sistemas de amarre completos se embalan y se marcan de tal manera que al instalador le resulte f\u00e1cil poner las instalaciones en el lugar de destino.<\/p>\n<div class=\"gallery gallery--small gallery--3\"><figure class=\"gallery__item\"><img fetchpriority=\"high\" decoding=\"async\" width=\"1920\" height=\"1080\" src=\"https:\/\/lovoldsolution.no\/wp-content\/uploads\/2022\/05\/Fortoyningssystemer-1920x1080.png\" class=\"attachment-16x9 size-16x9\" alt=\"\" \/><\/figure><figure class=\"gallery__item\"><img decoding=\"async\" width=\"1920\" height=\"1080\" src=\"https:\/\/lovoldsolution.no\/wp-content\/uploads\/2022\/05\/LovR6-1642-1-1920x1080.jpg\" class=\"attachment-16x9 size-16x9\" alt=\"\" \/><\/figure><figure class=\"gallery__item\"><img decoding=\"async\" width=\"1920\" height=\"1080\" src=\"https:\/\/lovoldsolution.no\/wp-content\/uploads\/2022\/05\/spleising-1920x1080.png\" class=\"attachment-16x9 size-16x9\" alt=\"\" \/><\/figure><figure class=\"gallery__item\"><img loading=\"lazy\" decoding=\"async\" width=\"1920\" height=\"1080\" src=\"https:\/\/lovoldsolution.no\/wp-content\/uploads\/2022\/05\/martinproduksjon-1920x1080.jpg\" class=\"attachment-16x9 size-16x9\" alt=\"\" \/><\/figure><figure class=\"gallery__item\"><img loading=\"lazy\" decoding=\"async\" width=\"1920\" height=\"1080\" src=\"https:\/\/lovoldsolution.no\/wp-content\/uploads\/2022\/05\/produksjon-1920x1080.jpg\" class=\"attachment-16x9 size-16x9\" alt=\"\" \/><\/figure><figure class=\"gallery__item\"><img loading=\"lazy\" decoding=\"async\" width=\"1920\" height=\"1080\" src=\"https:\/\/lovoldsolution.no\/wp-content\/uploads\/2022\/05\/untitled-3922-1920x1080.jpg\" class=\"attachment-16x9 size-16x9\" alt=\"\" \/><\/figure><\/div>\n<p>&nbsp;<\/p>\n","protected":false},"excerpt":{"rendered":"L\u00f8vold fabrica equipos en la sede central de Bod\u00f8. En unas nuevas y modernas instalaciones, los empleados realizan, entre otras&#8230;","protected":false},"author":3,"featured_media":0,"parent":6390,"menu_order":0,"comment_status":"closed","ping_status":"closed","template":"template-page.php","meta":{"_acf_changed":false,"footnotes":""},"class_list":["post-6396","page","type-page","status-publish","hentry"],"acf":[],"_links":{"self":[{"href":"https:\/\/lovoldsolution.no\/es\/wp-json\/wp\/v2\/pages\/6396","targetHints":{"allow":["GET"]}}],"collection":[{"href":"https:\/\/lovoldsolution.no\/es\/wp-json\/wp\/v2\/pages"}],"about":[{"href":"https:\/\/lovoldsolution.no\/es\/wp-json\/wp\/v2\/types\/page"}],"author":[{"embeddable":true,"href":"https:\/\/lovoldsolution.no\/es\/wp-json\/wp\/v2\/users\/3"}],"replies":[{"embeddable":true,"href":"https:\/\/lovoldsolution.no\/es\/wp-json\/wp\/v2\/comments?post=6396"}],"version-history":[{"count":1,"href":"https:\/\/lovoldsolution.no\/es\/wp-json\/wp\/v2\/pages\/6396\/revisions"}],"predecessor-version":[{"id":6722,"href":"https:\/\/lovoldsolution.no\/es\/wp-json\/wp\/v2\/pages\/6396\/revisions\/6722"}],"up":[{"embeddable":true,"href":"https:\/\/lovoldsolution.no\/es\/wp-json\/wp\/v2\/pages\/6390"}],"wp:attachment":[{"href":"https:\/\/lovoldsolution.no\/es\/wp-json\/wp\/v2\/media?parent=6396"}],"curies":[{"name":"wp","href":"https:\/\/api.w.org\/{rel}","templated":true}]}}