{"id":6392,"date":"2022-01-14T10:36:58","date_gmt":"2022-01-14T09:36:58","guid":{"rendered":"https:\/\/lovoldsolution.no\/produkter-og-tjenester\/fortoyningssystemer\/design-og-prosjektering\/"},"modified":"2023-03-21T10:01:44","modified_gmt":"2023-03-21T09:01:44","slug":"diseno-e-ingenieria","status":"publish","type":"page","link":"https:\/\/lovoldsolution.no\/es\/productos-y-servicios\/sistemas-de-amarre\/diseno-e-ingenieria\/","title":{"rendered":"Dise\u00f1o e ingenier\u00eda"},"content":{"rendered":"<p>El modelo de negocio de L\u00f8vold se basa en un estrecho di\u00e1logo y cooperaci\u00f3n con el cliente, as\u00ed como en empleados experimentados y competentes. Los jefes de proyecto en L\u00f8vold trabajan directamente con cada cliente individual desde la fase de planificaci\u00f3n y dise\u00f1o. El seguimiento contin\u00faa a lo largo de la instalaci\u00f3n y el mantenimiento del sistema de anclaje.<\/p>\n<p>Cada cliente individual tendr\u00e1 su propia persona de contacto en L\u00f8vold, que simplifica la comunicaci\u00f3n y garantiza que se satisfagan las necesidades en el momento acordado, con la calidad adecuada y al precio adecuado. La calidad del dise\u00f1o y la ingenier\u00eda est\u00e1 \u00edntimamente ligada a la calidad de la documentaci\u00f3n disponible. Para la ingenier\u00eda, L\u00f8vold utiliza estudios de campo acreditados y an\u00e1lisis de anclaje en combinaci\u00f3n con varias d\u00e9cadas de experiencia como proveedor especializado de equipos de anclaje. L\u00f8vold siempre entrega documentos de proyecto que describen con precisi\u00f3n la estructura de cada l\u00ednea de anclaje individual y todo el sistema de anclaje en detalle.<\/p>\n<p>El equipo elegido debe soportar las cargas en el sistema de anclaje y, con el tiempo, L\u00f8vold ha conseguido una amplia cartera de proveedores en todo el mundo que puede entregar productos de la calidad que requiere L\u00f8vold.<\/p>\n<p>La interacci\u00f3n interna, entre el gerente del proyecto y el cliente, y entre L\u00f8vold y los proveedores, es lo m\u00e1s importante que hacemos en nuestra vida diaria. Es por eso que el lema en L\u00f8vold reza \u00abCalidad en todos los niveles\u00bb.<\/p>\n<p><strong>P\u00f3ngase en contacto con uno de nuestros gerentes de proyectos acu\u00edcolas calificados:<\/strong><\/p>\n","protected":false},"excerpt":{"rendered":"El modelo de negocio de L\u00f8vold se basa en un estrecho di\u00e1logo y cooperaci\u00f3n con el cliente, as\u00ed como en&#8230;","protected":false},"author":3,"featured_media":3867,"parent":6390,"menu_order":0,"comment_status":"closed","ping_status":"closed","template":"template-page.php","meta":{"_acf_changed":false,"footnotes":""},"class_list":["post-6392","page","type-page","status-publish","has-post-thumbnail","hentry"],"acf":[],"_links":{"self":[{"href":"https:\/\/lovoldsolution.no\/es\/wp-json\/wp\/v2\/pages\/6392","targetHints":{"allow":["GET"]}}],"collection":[{"href":"https:\/\/lovoldsolution.no\/es\/wp-json\/wp\/v2\/pages"}],"about":[{"href":"https:\/\/lovoldsolution.no\/es\/wp-json\/wp\/v2\/types\/page"}],"author":[{"embeddable":true,"href":"https:\/\/lovoldsolution.no\/es\/wp-json\/wp\/v2\/users\/3"}],"replies":[{"embeddable":true,"href":"https:\/\/lovoldsolution.no\/es\/wp-json\/wp\/v2\/comments?post=6392"}],"version-history":[{"count":3,"href":"https:\/\/lovoldsolution.no\/es\/wp-json\/wp\/v2\/pages\/6392\/revisions"}],"predecessor-version":[{"id":6720,"href":"https:\/\/lovoldsolution.no\/es\/wp-json\/wp\/v2\/pages\/6392\/revisions\/6720"}],"up":[{"embeddable":true,"href":"https:\/\/lovoldsolution.no\/es\/wp-json\/wp\/v2\/pages\/6390"}],"wp:featuredmedia":[{"embeddable":true,"href":"https:\/\/lovoldsolution.no\/es\/wp-json\/wp\/v2\/media\/3867"}],"wp:attachment":[{"href":"https:\/\/lovoldsolution.no\/es\/wp-json\/wp\/v2\/media?parent=6392"}],"curies":[{"name":"wp","href":"https:\/\/api.w.org\/{rel}","templated":true}]}}