{"id":6380,"date":"2021-10-21T11:05:58","date_gmt":"2021-10-21T09:05:58","guid":{"rendered":"https:\/\/lovoldsolution.no\/personvernvilkar\/"},"modified":"2021-10-21T11:05:58","modified_gmt":"2021-10-21T09:05:58","slug":"personvernvilkar","status":"publish","type":"page","link":"https:\/\/lovoldsolution.no\/es\/personvernvilkar\/","title":{"rendered":"Personvern&shy;vilk\u00e5r"},"content":{"rendered":"<h2>1.0. Hvem vi er<\/h2>\n<p>Vi er L\u00f8vold Solution.<\/p>\n<h2>2.0. Hvilke personopplysninger vi samler inn og hvorfor vi samler de inn<\/h2>\n<p>Vi behandler anonymisert statistikk for \u00e5 bedre v\u00e5re nettsider, og kundeopplysninger for \u00e5 tilby tjenester til v\u00e5re kunder.<\/p>\n<h3>2.1. Kontaktskjemaer<\/h3>\n<p>Benytter du kontaktskjema p\u00e5 v\u00e5re nettsider sendes informasjonen du oppgir i et mailformat. Dette kan omfatte navn, e-post, telefonnummer med mer. Denne informasjonen brukes for \u00e5 kunne svare p\u00e5 dine henvendelser og\/eller tilby en eller flere tjenester.<\/p>\n<h3>2.2. Informasjonskapsler<\/h3>\n<p>Informasjonskapsler (ogs\u00e5 kjent som cookies) er sm\u00e5 tekstfiler som lagres p\u00e5 din enhet. Disse brukes for \u00e5 analysere brukeraferd, samt huske valg du foretar deg p\u00e5 v\u00e5re nettsider. Eksempelvis lagres en anonym informasjonskapsel n\u00e5r du godtar disse betingelsene, slik at du ikke m\u00e5 godta dem flere ganger. Denne informasjonskapselen er gyldig i 12 m\u00e5neder.<\/p>\n<p>Hvis du har en konto og logger deg inn p\u00e5 dette nettstedet, vil vi opprette en midlertidig informasjonskapsel for \u00e5 avgj\u00f8re om nettleseren din st\u00f8tter bruk av dette. Denne informasjonskapselen inneholder ingen personopplysninger og forsvinner s\u00e5 snart du lukker nettleseren din.<\/p>\n<p>N\u00e5r du logger deg inn, blir det opprettet informasjonskapsler som lagrer innloggingsinformasjonen din og valg du har tatt n\u00e5r det gjelder hvordan innhold skal vises. Informasjonskapsler med innloggingsinformasjon utl\u00f8per etter to dager, mens de med visningsvalg varer i ett \u00e5r. Hvis du logger deg ut av kontoen din, vil disse informasjonskapslene forsvinne.<\/p>\n<h3>2.2.1 Endre innstillinger for informasjonskapsler<\/h3>\n<p>Det er fullt mulig \u00e5 sl\u00e5 av cookies i nettleseren. Men v\u00e6r obs p\u00e5 at mange nettsider da ikke vil fungere. Du vil ikke kunne handle i nettbutikker, eller logge deg p\u00e5 sosiale medier som Facebook og Twitter. P\u00e5 nettlesernes egne sider, kan du lese mer om hvordan du gj\u00f8r egne innstillinger knyttet til informasjonskapsler.<\/p>\n<p>Informasjonskapslene kan slettes fra innstillingene i nettleseren din. Dersom du ikke endrer innstillingene til ikke \u00e5 tillate informasjonskapsler, vil disse opprettes igjen neste gang du g\u00e5r inn p\u00e5 et nettsted som tillater dette.<\/p>\n<h2>2.3. Innebygd innhold fra andre nettsteder<\/h2>\n<p>Artikler p\u00e5 denne siden kan inkludere innebygd innhold (f.eks. videoer, bilder, artikler osv.). Innebygd innhold fra andre nettsteder oppf\u00f8rer seg p\u00e5 n\u00f8yaktig samme m\u00e5te som om den bes\u00f8kende hadde bes\u00f8kt nettstedet som det innebygde innholdet kommer fra.<\/p>\n<p>Disse nettstedene kan samle inn opplysninger om deg, bruke informasjonskapsler eller bygge inn sporingssystemer fra en tredjepart og overv\u00e5ke hva du gj\u00f8r via dette innebygde innholdet. Dette omfatter ogs\u00e5 sporing av handlingene dine via det innebygde innholdet dersom du har en konto og er logget inn p\u00e5 nettstedet.<\/p>\n<h2>2.4. Analyse<\/h2>\n<p>P\u00e5 v\u00e5re nettsider bruker vi Google Analytics. Dette er et sv\u00e6rt vanlig analyseverkt\u00f8y for \u00e5 analysere brukeroppf\u00f8rsel p\u00e5 et nettsted. Google Analytics er en tjeneste fra Google som gj\u00f8r det mulig se antall bes\u00f8kende, sidevisninger, trafikkilder, lengde p\u00e5 bes\u00f8k, geografisk lokasjon og mye mer. Dette er informasjon vi samler inn for \u00e5 gj\u00f8re v\u00e5re nettsider bedre og enklere \u00e5 bruke.<\/p>\n<h2>3.0. Hvem vi deler dine opplysninger med<\/h2>\n<p>Din personlige identifiserbare informasjon vil aldri bli delt med en tredjepart uten ditt samtykke.<\/p>\n<h3>3.1. Din kontaktinformasjon<\/h3>\n<p>Oppgir du kontaktinformasjon hos oss, vil denne informasjonen kun brukes til det aktuelle form\u00e5let.<\/p>\n<h3>3.1.1. Kunderegister<\/h3>\n<p>Vi kan lagre kontaktinformasjon om deg i v\u00e5rt kunderegister hvis du tar direkte kontakt med oss p\u00e5 e-post eller kontaktskjema. Da vil opplysninger som navn, e-post, og eventuelt telefonnummer bli lagret i v\u00e5rt kunderegister. Hensikten med dette er \u00e5 kunne f\u00f8lge opp ditt kundeforhold hos oss. Ta kontakt om du \u00f8nsker \u00e5 f\u00e5 endre eller slettet personopplysninger du har oppgitt.<\/p>\n<h3>3.1.2. Nyhetsbrev<\/h3>\n<p>Du lagres i v\u00e5rt kunderegister ved p\u00e5melding av v\u00e5rt nyhetsbrev. Du vil da motta informasjon fra oss p\u00e5 e-post om v\u00e5re tjenester og\/eller andre relevante nyheter. Hvis du ikke lenger \u00f8nsker \u00e5 motta v\u00e5rt nyhetsbrev kan du n\u00e5r som helst melde fra til oss p\u00e5 e-post slik at vi kan slette deg. Du kan ogs\u00e5 melde deg av n\u00e5r som helst gjennom en lenke du finner nederst i alle v\u00e5re nyhetsbrev.<\/p>\n<h3>3.2. Analyse<\/h3>\n<p>I analysesammenheng kan statistikk som antall sidevisninger og annen relevant informasjon deles med v\u00e5re samarbeidspartnere. Denne dataen er anonym, og kan ikke knyttes til deg som enkeltperson.<\/p>\n<h3>3.3. Databehandlere<\/h3>\n<p>Vi kan dele din ikke-identifiserbare informasjon med relevante databehandlere for analyse og markedsf\u00f8ring. Dette kan hovedsakelig omfatte akt\u00f8rer som Facebook, Google og andre markedsf\u00f8ringspartnere. Din data forblir anonym, og kan ikke knyttes til deg som enkeltperson med mindre du samtykker til denne bruken spesifikt.<\/p>\n<h2>4.0. Hvor lenge vi oppbevarer opplysninger om deg<\/h2>\n<p>Analysedata lagres p\u00e5 ubestemt tid for \u00e5 se trender og utvikling av adferd.<\/p>\n<p>For brukere som registrerer seg p\u00e5 dette nettstedet (dersom denne muligheten eksisterer), lagres det ogs\u00e5 personopplysninger som de oppgir i brukerprofilen sin. Alle brukere kan se, redigere og slette sine egne personopplysninger n\u00e5r som helst (bortsett fra brukernavn). Nettstedets administratorer kan ogs\u00e5 se og redigere denne informasjonen.<\/p>\n<h2>5.0. Rettighetene dine n\u00e5r det gjelder opplysninger vi har om deg<\/h2>\n<p>Hvis du har en konto p\u00e5 dette, kan du be om \u00e5 f\u00e5 en eksportfil som inneholder personopplysningene vi har om deg. Dette omfatter all data du har gitt oss. Du kan ogs\u00e5 be om at vi sletter alle personopplysninger vi har om deg. Dette omfatter ikke opplysninger vi er p\u00e5lagt \u00e5 lagre av administrative, juridiske eller sikkerhetsmessige \u00e5rsaker.<\/p>\n<p>Du kan ogs\u00e5 be om innsyn, endring eller sletting av ditt kundeforhold. Ta kontakt for n\u00e6rmere informasjon.<\/p>\n<h2>6.0. Hvor vi sender opplysninger om deg<\/h2>\n<p>Dine opplysninger blir prim\u00e6rt bli behandlet i v\u00e5re interne system, men kan ogs\u00e5 behandles av eksterne samarbeidspartnere.<\/p>\n<ul>\n<li>Om denne siden bruker Facebook Pixel, et analyse- og markedsf\u00f8ringsverkt\u00f8y fra Facebook, kan Facebook vise deg relevante annonser fra oss. Dette kan ikke knyttes til deg som enkeltperson.<\/li>\n<li>Om denne siden bruker Google Analytics og\/eller Google AdWords, analyse- og markedsf\u00f8ringsverkt\u00f8y fra Google, kan Google vise deg relevante annonser fra oss, samt vise oss anonymisert brukeradferd. Dette kan ikke knyttes til deg som enkeltperson.<\/li>\n<li>Om denne siden bruker CampaignMonitor, et nyhetsbrev-verkt\u00f8y fra CampaignMonitor, kan vi sende deg informasjon og nyhetsbrev om du oppgir din kontaktinformasjon og samtykker til dette form\u00e5let.<\/li>\n<li>Om denne siden bruker andre leverand\u00f8rer for annonsering kan din informasjon bli brukt i annonsesammenheng gjennom deres systemer.<\/li>\n<\/ul>\n<h2>7.0. Kontaktinformasjon<\/h2>\n<p>\u00d8nsker du mer informasjon kan du ta kontakt med oss.<\/p>\n<h2>8.0. Hvordan vi beskytter dine personopplysninger<\/h2>\n<p>Din personlige identifiserbare informasjon behandles med stor forsiktighet, og kun av n\u00f8dvendige parter. Vi benytter sterk kryptering p\u00e5 alle v\u00e5re tjenester, og sender alt av kundedata p\u00e5 denne siden gjennom en kryptert tilkobling.<\/p>\n<h2>9.0. V\u00e5re rutiner for datalekkasjer<\/h2>\n<p>Oppst\u00e5r datalekkasjer vil dette bli h\u00e5ndtert s\u00e5 raskt som mulig av v\u00e5r organisasjon og eventuelle samarbeidspartnere.<\/p>\n","protected":false},"excerpt":{"rendered":"1.0. Hvem vi er Vi er L\u00f8vold Solution. 2.0. Hvilke personopplysninger vi samler inn og hvorfor vi samler de inn&#8230;","protected":false},"author":1,"featured_media":0,"parent":0,"menu_order":0,"comment_status":"closed","ping_status":"closed","template":"template-article.php","meta":{"_acf_changed":false,"footnotes":""},"class_list":["post-6380","page","type-page","status-publish","hentry"],"acf":[],"_links":{"self":[{"href":"https:\/\/lovoldsolution.no\/es\/wp-json\/wp\/v2\/pages\/6380","targetHints":{"allow":["GET"]}}],"collection":[{"href":"https:\/\/lovoldsolution.no\/es\/wp-json\/wp\/v2\/pages"}],"about":[{"href":"https:\/\/lovoldsolution.no\/es\/wp-json\/wp\/v2\/types\/page"}],"author":[{"embeddable":true,"href":"https:\/\/lovoldsolution.no\/es\/wp-json\/wp\/v2\/users\/1"}],"replies":[{"embeddable":true,"href":"https:\/\/lovoldsolution.no\/es\/wp-json\/wp\/v2\/comments?post=6380"}],"version-history":[{"count":0,"href":"https:\/\/lovoldsolution.no\/es\/wp-json\/wp\/v2\/pages\/6380\/revisions"}],"wp:attachment":[{"href":"https:\/\/lovoldsolution.no\/es\/wp-json\/wp\/v2\/media?parent=6380"}],"curies":[{"name":"wp","href":"https:\/\/api.w.org\/{rel}","templated":true}]}}