{"id":6374,"date":"2022-05-22T23:26:26","date_gmt":"2022-05-22T21:26:26","guid":{"rendered":"https:\/\/lovoldsolution.no\/konsernet\/"},"modified":"2023-02-27T13:10:51","modified_gmt":"2023-02-27T12:10:51","slug":"konsernet","status":"publish","type":"page","link":"https:\/\/lovoldsolution.no\/es\/konsernet\/","title":{"rendered":"El grupo"},"content":{"rendered":"<p>Desde 1938, L\u00f8vold ha colaborado y trabajado con industrias relacionadas con el mar. L\u00f8vold Solutioncontin\u00faa la rama de la familia de Andr\u00e9 L\u00f8vold y muchos de los conceptos originales del grupo L\u00f8vold. Nuestro negocio se ha desarrollado desde los pescadores costeros hasta la industria de la acuicultura de alta tecnolog\u00eda actual. Nuestros productos y servicios han contribuido a la recolecci\u00f3n y producci\u00f3n responsable y segura de alimentos para el mundo. Todos estos a\u00f1os con la competencia y la calidad como principios rectores.<\/p>\n<div id=\"attachment_2024\" style=\"width: 1210px\" class=\"wp-caption alignnone\"><img fetchpriority=\"high\" decoding=\"async\" aria-describedby=\"caption-attachment-2024\" class=\"wp-image-2024 size-full\" src=\"https:\/\/lovoldsolution.no\/wp-content\/uploads\/2022\/08\/EY-2019-1.jpg\" alt=\"\" width=\"1200\" height=\"800\" srcset=\"https:\/\/lovoldsolution.no\/wp-content\/uploads\/2022\/08\/EY-2019-1.jpg 1200w, https:\/\/lovoldsolution.no\/wp-content\/uploads\/2022\/08\/EY-2019-1-300x200.jpg 300w, https:\/\/lovoldsolution.no\/wp-content\/uploads\/2022\/08\/EY-2019-1-1024x683.jpg 1024w, https:\/\/lovoldsolution.no\/wp-content\/uploads\/2022\/08\/EY-2019-1-768x512.jpg 768w\" sizes=\"(max-width: 1200px) 100vw, 1200px\" \/><p id=\"caption-attachment-2024\" class=\"wp-caption-text\">Andr\u00e9 L\u00f8vold became EY Entrepreneur Of The Year &#8211; Region North i 2018. From left: Rune Tidemann, Aimi L\u00f8vold, John L\u00f8vold, El\u00e9n L\u00f8vold, Andr\u00e9 L\u00f8vold, Ellisiv L\u00f8vold og Johan L\u00f8vold.<\/p><\/div>\n<h3>Acuicultura responsable \u2013 nuestro negocio principal<\/h3>\n<p>Contribuimos a operaciones seguras, responsables y sostenibles para nuestros clientes en la industria de la acuicultura y, por lo tanto, tenemos una impresi\u00f3n positiva como punto de partida para nuestro negocio.<\/p>\n<p>El negocio principal del grupo es el suministro de mercanc\u00edas, servicios y soluciones digitales en la industria de la acuicultura.<\/p>\n<p>Nuestra idea de negocio es contribuir a la acuicultura responsable a trav\u00e9s de nuestras entregas.<\/p>\n<p>La ambici\u00f3n general del grupo es:<\/p>\n<blockquote><p>Nuestra contribuci\u00f3n a la acuicultura responsable garantizar\u00e1 que las generaciones futuras tambi\u00e9n puedan vivir y cosechar del mar.<\/p><\/blockquote>\n<p>Calidad en todos los niveles no es solo un lema, es nuestra metodolog\u00eda de trabajo. Entregamos calidad al 100% y podemos lograrlo de la mejor manera cuando tenemos el control de la cadena de valor, como ocurre actualmente.<\/p>\n<p><a href=\"https:\/\/lovoldsolution.no\/om-oss\/om-lovold-solution\/lovold-as\/\"><strong>\u00a0L\u00f8vold as<\/strong><\/a>\u00a0ofrece sistemas completos para el amarre de instalaciones acu\u00edcolas e instalaciones flotantes en el mar, desde el c\u00e1lculo hasta el dise\u00f1o final y la producci\u00f3n. A trav\u00e9s del dise\u00f1o, an\u00e1lisis, c\u00e1lculos, compra de buenas materias primas, producci\u00f3n de alta calidad y buenas soluciones log\u00edsticas, garantiza la calidad en todos los niveles.<\/p>\n<p>El mundo ha cambiado, y nuestra operaci\u00f3n ha cambiado en l\u00ednea con las nuevas necesidades y demandas. Un resultado de esto es\u00a0<a href=\"https:\/\/lovoldsolution.no\/om-oss\/om-lovold-solution\/lovold-system\/\"><strong>L\u00f8vold System<\/strong><\/a>, sque desarrolla soluciones digitales inteligentes e innovadoras en colaboraci\u00f3n con la industria de la acuicultura. <strong>Havbruksloggen<\/strong> es un sistema de control y mantenimiento de ubicaciones en el sector de la acuicultura.\u00a0<strong>Vessel<\/strong> es un sistema de documentaci\u00f3n y mantenimiento, desarrollado para barcos y flotas. El sistema contribuye a una mayor seguridad, estabilidad operativa y control general.<\/p>\n<h3>Interacci\u00f3n verde en la econom\u00eda azul<\/h3>\n<p>Nadie adquiere habilidades solo. Nuestros clientes son nuestros socios. Juntos desarrollamos nuevas soluciones en colaboraci\u00f3n con ellos y otros socios. La fuerza impulsora est\u00e1 en la interacci\u00f3n, y creemos que las soluciones del futuro se desarrollar\u00e1n mediante la interacci\u00f3n.<\/p>\n<p><strong><a href=\"https:\/\/lovoldsolution.no\/om-oss\/om-lovold-solution\/lovold-havpark\/\">L\u00f8vold Havpark<\/a><\/strong> ser\u00e1 un centro de competencia para el crecimiento sostenible y verde en la econom\u00eda azul. Donde el foco estar\u00e1 en la innovaci\u00f3n, la colaboraci\u00f3n, la tecnolog\u00eda y la sostenibilidad. El dise\u00f1o de lugares de encuentro ha sido central en el proyecto. Queremos crear locales atractivos con funciones comunes que conecten a diferentes actores que trabajan en el mismo sector, pero en diferentes \u00e1reas. L\u00f8vold Havpark ser\u00e1 la base de operaciones para todos los que tienen un coraz\u00f3n para el mar.<\/p>\n<p>Respondemos a las necesidades y desaf\u00edos del mercado. Por eso estamos constantemente iniciando nuevos proyectos, adem\u00e1s de participar en colaboraciones fuera de nuestra propia casa. Somos conscientes de nuestro papel como actor empresarial, y queremos contribuir al desarrollo social sostenible.<\/p>\n<p><img decoding=\"async\" class=\"alignnone wp-image-2023 size-full\" style=\"font-size: 1rem;\" src=\"https:\/\/lovoldsolution.no\/wp-content\/uploads\/2022\/08\/Skjermbilde-2022-08-29-kl.-14.00.08.png\" alt=\"\" width=\"999\" height=\"561\" srcset=\"https:\/\/lovoldsolution.no\/wp-content\/uploads\/2022\/08\/Skjermbilde-2022-08-29-kl.-14.00.08.png 999w, https:\/\/lovoldsolution.no\/wp-content\/uploads\/2022\/08\/Skjermbilde-2022-08-29-kl.-14.00.08-300x168.png 300w, https:\/\/lovoldsolution.no\/wp-content\/uploads\/2022\/08\/Skjermbilde-2022-08-29-kl.-14.00.08-768x431.png 768w, https:\/\/lovoldsolution.no\/wp-content\/uploads\/2022\/08\/Skjermbilde-2022-08-29-kl.-14.00.08-1920x1080.png 1920w\" sizes=\"(max-width: 999px) 100vw, 999px\" \/><\/p>\n<p>L\u00f8vold Solution es copropietario y socio de varios proyectos y empresas.<\/p>\n<p><a href=\"https:\/\/lovoldsolution.no\/om-oss\/om-lovold-solution\/lovold-invest\/\"><em><strong>Leer m\u00e1s<\/strong><\/em><\/a><\/p>\n<h3>Sostenibilidad<\/h3>\n<p>La sostenibilidad y las soluciones respetuosas con el medio ambiente siempre han sido un tema, pero en los \u00faltimos a\u00f1os esto realmente se ha puesto de manifiesto. Hemos abordado esta disciplina con la misma curiosidad, voluntad de cambio y fuerza impulsora que para nuestro propio negocio. Y lo hemos hecho siempre en interacci\u00f3n con nuestro entorno.<\/p>\n<div id=\"attachment_2019\" style=\"width: 1210px\" class=\"wp-caption alignnone\"><img decoding=\"async\" aria-describedby=\"caption-attachment-2019\" class=\"wp-image-2019 size-full\" src=\"https:\/\/lovoldsolution.no\/wp-content\/uploads\/2022\/08\/IMG_3417.jpg\" alt=\"\" width=\"1200\" height=\"800\" srcset=\"https:\/\/lovoldsolution.no\/wp-content\/uploads\/2022\/08\/IMG_3417.jpg 1200w, https:\/\/lovoldsolution.no\/wp-content\/uploads\/2022\/08\/IMG_3417-300x200.jpg 300w, https:\/\/lovoldsolution.no\/wp-content\/uploads\/2022\/08\/IMG_3417-1024x683.jpg 1024w, https:\/\/lovoldsolution.no\/wp-content\/uploads\/2022\/08\/IMG_3417-768x512.jpg 768w\" sizes=\"(max-width: 1200px) 100vw, 1200px\" \/><p id=\"caption-attachment-2019\" class=\"wp-caption-text\">In 2019, we received the \u201cEnlightened Award\u201d during the Enlightened-conference, which is the most important meeting place for small and large businesses in the Salten region.<\/p><\/div>\n<p>Adem\u00e1s de un enfoque interno, hemos optado por asumir un papel p\u00fablico como promotora, inspiradora e \u00abinfluencer\u00bb en nuestra regi\u00f3n, principalmente en la acuicultura, pero tambi\u00e9n en la vida econ\u00f3mica en general.<\/p>\n<p>Nuestro compromiso ha crecido mucho m\u00e1s all\u00e1 de nuestras propias l\u00edneas de productos y factores en los que podemos influir directamente.<\/p>\n<p>Queremos marcar la diferencia para las generaciones futuras, y debemos colaborar con toda la sociedad que nos rodea. Crearemos un crecimiento verde real en nuestro propio negocio e inspiraremos a otros actores a tomar medidas.<\/p>\n<p><a href=\"https:\/\/lovoldsolution.no\/om-oss\/baerekraft\/\"><em><strong>Leer m\u00e1s sobre nuestro trabajo de sostenibilidad<\/strong><\/em><\/a><\/p>\n<p>&nbsp;<\/p>\n","protected":false},"excerpt":{"rendered":"Desde 1938, L\u00f8vold ha colaborado y trabajado con industrias relacionadas con el mar. L\u00f8vold Solutioncontin\u00faa la rama de la familia&#8230;","protected":false},"author":3,"featured_media":0,"parent":0,"menu_order":0,"comment_status":"closed","ping_status":"closed","template":"template-page.php","meta":{"_acf_changed":false,"footnotes":""},"class_list":["post-6374","page","type-page","status-publish","hentry"],"acf":[],"_links":{"self":[{"href":"https:\/\/lovoldsolution.no\/es\/wp-json\/wp\/v2\/pages\/6374","targetHints":{"allow":["GET"]}}],"collection":[{"href":"https:\/\/lovoldsolution.no\/es\/wp-json\/wp\/v2\/pages"}],"about":[{"href":"https:\/\/lovoldsolution.no\/es\/wp-json\/wp\/v2\/types\/page"}],"author":[{"embeddable":true,"href":"https:\/\/lovoldsolution.no\/es\/wp-json\/wp\/v2\/users\/3"}],"replies":[{"embeddable":true,"href":"https:\/\/lovoldsolution.no\/es\/wp-json\/wp\/v2\/comments?post=6374"}],"version-history":[{"count":1,"href":"https:\/\/lovoldsolution.no\/es\/wp-json\/wp\/v2\/pages\/6374\/revisions"}],"predecessor-version":[{"id":6889,"href":"https:\/\/lovoldsolution.no\/es\/wp-json\/wp\/v2\/pages\/6374\/revisions\/6889"}],"wp:attachment":[{"href":"https:\/\/lovoldsolution.no\/es\/wp-json\/wp\/v2\/media?parent=6374"}],"curies":[{"name":"wp","href":"https:\/\/api.w.org\/{rel}","templated":true}]}}