{"id":6517,"date":"2021-10-21T13:20:24","date_gmt":"2021-10-21T11:20:24","guid":{"rendered":"https:\/\/lovoldsolution.no\/om-oss\/baerekraft\/samspill-og-pavirkning\/"},"modified":"2023-03-21T11:05:59","modified_gmt":"2023-03-21T10:05:59","slug":"collaboration-and-influence","status":"publish","type":"page","link":"https:\/\/lovoldsolution.no\/en\/about-us\/sustainability\/collaboration-and-influence\/","title":{"rendered":"Collaboration and influence"},"content":{"rendered":"<p>Our customers are our partners. Together, we develop new solutions as a result of ongoing interaction with them and our other partners. We are responsive to the market&#8217;s needs and challenges. We are therefore constantly initiating new projects, as well as taking part in collaboration also outside our own premises. We are aware of our role as a business player and wish to contribute to sustainable social development.<\/p>\n<blockquote>\n<h3>We want to be the development itself, not just a part of it.<\/h3>\n<\/blockquote>\n<div id=\"attachment_737\" style=\"width: 1210px\" class=\"wp-caption alignnone\"><img fetchpriority=\"high\" decoding=\"async\" aria-describedby=\"caption-attachment-737\" class=\"wp-image-737 size-full\" src=\"https:\/\/lovoldsolution.no\/wp-content\/uploads\/2022\/02\/qLansererberedskapsforumforhavbruksnC3A6ringe_01-01-DSC_2634.jpg\" alt=\"\" width=\"1200\" height=\"734\" srcset=\"https:\/\/lovoldsolution.no\/wp-content\/uploads\/2022\/02\/qLansererberedskapsforumforhavbruksnC3A6ringe_01-01-DSC_2634.jpg 1200w, https:\/\/lovoldsolution.no\/wp-content\/uploads\/2022\/02\/qLansererberedskapsforumforhavbruksnC3A6ringe_01-01-DSC_2634-300x184.jpg 300w, https:\/\/lovoldsolution.no\/wp-content\/uploads\/2022\/02\/qLansererberedskapsforumforhavbruksnC3A6ringe_01-01-DSC_2634-1024x626.jpg 1024w, https:\/\/lovoldsolution.no\/wp-content\/uploads\/2022\/02\/qLansererberedskapsforumforhavbruksnC3A6ringe_01-01-DSC_2634-768x470.jpg 768w\" sizes=\"(max-width: 1200px) 100vw, 1200px\" \/><p id=\"caption-attachment-737\" class=\"wp-caption-text\">Nord University and \u00d8velse Nord together with L\u00f8vold establish a national preparedness forum for the aquaculture industry.<\/p><\/div>\n<h3>The influencer role<\/h3>\n<p>We have chosen to take on the role of \u00abinfluencer\u00bb. We shall have a clear voice that promotes green growth in blue industries and society in general.<\/p>\n<p>This means that:<\/p>\n<p>\u00b7 \u00a0 \u00a0 We are open and transparent about our own projects and work<br \/>\n\u00b7 \u00a0 \u00a0 We share knowledge and resources with those around us<br \/>\n\u00b7 \u00a0 \u00a0 We seek out new expertise and cooperation<br \/>\n\u00b7 \u00a0 \u00a0 We upgrade our own goals and ambitions<\/p>\n<p>Inspiring others to take action or change helps us first and foremost to take part in the green transition and the UN&#8217;s Sustainability Goals.<\/p>\n<p>Through our work with others, we also influence ourselves. We learn from others, increase our degree of innovation and constantly set new goals.<\/p>\n<div id=\"attachment_1607\" style=\"width: 1210px\" class=\"wp-caption alignnone\"><img decoding=\"async\" aria-describedby=\"caption-attachment-1607\" class=\"wp-image-1607 size-full\" src=\"https:\/\/lovoldsolution.no\/wp-content\/uploads\/2022\/05\/22NYHHavpark_02-04-IMG_4935-1.jpg\" alt=\"\" width=\"1200\" height=\"800\" srcset=\"https:\/\/lovoldsolution.no\/wp-content\/uploads\/2022\/05\/22NYHHavpark_02-04-IMG_4935-1.jpg 1200w, https:\/\/lovoldsolution.no\/wp-content\/uploads\/2022\/05\/22NYHHavpark_02-04-IMG_4935-1-300x200.jpg 300w, https:\/\/lovoldsolution.no\/wp-content\/uploads\/2022\/05\/22NYHHavpark_02-04-IMG_4935-1-1024x683.jpg 1024w, https:\/\/lovoldsolution.no\/wp-content\/uploads\/2022\/05\/22NYHHavpark_02-04-IMG_4935-1-768x512.jpg 768w\" sizes=\"(max-width: 1200px) 100vw, 1200px\" \/><p id=\"caption-attachment-1607\" class=\"wp-caption-text\">Studenter fra Nord Universitet skal gjennom kurset &#8220;B\u00e6rekraft i praksis&#8221; bidra til utformingen av L\u00f8vold Havpark. Foran: F\u00f8rsteamanuensis Karin Wigger og Ellisiv L\u00f8vold &#8211; direkt\u00f8r for marked, relasjon og utvikling i L\u00f8vold Solution. Bak: ansatte og ledere fra universitetet, r\u00e5dgivere fra BDO og konsernsjef Andre L\u00f8vold. i L\u00f8vold Solution. Foto: Per Torbj\u00f8rn Jystad<\/p><\/div>\n<h3>Our most important collaborative projects:<\/h3>\n<ul>\n<li>Nord universitet<\/li>\n<li>B\u00e6rekraftig praksis<\/li>\n<li>\u00d8velse Nord &#8211; Beredskap for havbruk<\/li>\n<li>SFI Dsvole (UiT) &#8211; Nedbrytbart tau<\/li>\n<li>Momek L\u00f8vold<\/li>\n<li>Helgeland plastterminal<\/li>\n<li>Hver Gang Vi M\u00f8tes p\u00e5 Kjerring\u00f8y<\/li>\n<li>Shift-plastics (Nordlandsforskning)<\/li>\n<\/ul>\n<h3>Our overriding sustainability goal is:<\/h3>\n<p>1. \u00a0 We will be 100% collaborative<\/p>\n<p>We see this part of our business in particular in the context of UN Sustainable Development Goal no. 17.<\/p>\n<p>To succeed in achieving the Sustainable Development Goals, new and strong partnerships are needed. Cooperation between the public and private sectors is particularly important for achieving sustainable development.<\/p>\n<p><img decoding=\"async\" width=\"300\" height=\"300\" class=\"alignnone size-medium wp-image-7024\" src=\"https:\/\/lovoldsolution.no\/wp-content\/uploads\/2023\/03\/img-2_en-300x300.png\" alt=\"\" srcset=\"https:\/\/lovoldsolution.no\/wp-content\/uploads\/2023\/03\/img-2_en-300x300.png 300w, https:\/\/lovoldsolution.no\/wp-content\/uploads\/2023\/03\/img-2_en-150x150.png 150w, https:\/\/lovoldsolution.no\/wp-content\/uploads\/2023\/03\/img-2_en.png 500w\" sizes=\"(max-width: 300px) 100vw, 300px\" \/><\/p>\n<p>&nbsp;<\/p>\n","protected":false},"excerpt":{"rendered":"Our customers are our partners. Together, we develop new solutions as a result of ongoing interaction with them and our&#8230;","protected":false},"author":1,"featured_media":0,"parent":6511,"menu_order":16,"comment_status":"closed","ping_status":"closed","template":"template-article.php","meta":{"_acf_changed":false,"footnotes":""},"class_list":["post-6517","page","type-page","status-publish","hentry"],"acf":[],"_links":{"self":[{"href":"https:\/\/lovoldsolution.no\/en\/wp-json\/wp\/v2\/pages\/6517","targetHints":{"allow":["GET"]}}],"collection":[{"href":"https:\/\/lovoldsolution.no\/en\/wp-json\/wp\/v2\/pages"}],"about":[{"href":"https:\/\/lovoldsolution.no\/en\/wp-json\/wp\/v2\/types\/page"}],"author":[{"embeddable":true,"href":"https:\/\/lovoldsolution.no\/en\/wp-json\/wp\/v2\/users\/1"}],"replies":[{"embeddable":true,"href":"https:\/\/lovoldsolution.no\/en\/wp-json\/wp\/v2\/comments?post=6517"}],"version-history":[{"count":5,"href":"https:\/\/lovoldsolution.no\/en\/wp-json\/wp\/v2\/pages\/6517\/revisions"}],"predecessor-version":[{"id":7069,"href":"https:\/\/lovoldsolution.no\/en\/wp-json\/wp\/v2\/pages\/6517\/revisions\/7069"}],"up":[{"embeddable":true,"href":"https:\/\/lovoldsolution.no\/en\/wp-json\/wp\/v2\/pages\/6511"}],"wp:attachment":[{"href":"https:\/\/lovoldsolution.no\/en\/wp-json\/wp\/v2\/media?parent=6517"}],"curies":[{"name":"wp","href":"https:\/\/api.w.org\/{rel}","templated":true}]}}