{"id":6495,"date":"2022-05-05T13:25:36","date_gmt":"2022-05-05T11:25:36","guid":{"rendered":"https:\/\/lovoldsolution.no\/slik-jobber-vi\/"},"modified":"2022-05-05T13:25:36","modified_gmt":"2022-05-05T11:25:36","slug":"slik-jobber-vi","status":"publish","type":"page","link":"https:\/\/lovoldsolution.no\/en\/about-us\/sustainability\/slik-jobber-vi\/","title":{"rendered":"Slik jobber vi"},"content":{"rendered":"<p>Vi skal oppn\u00e5 konsernets b\u00e6rekraftstrategi gjennom;<\/p>\n<ul>\n<li>Tungt fokus p\u00e5 intern inspirasjon og forankring av v\u00e5rt fokus. Vi er v\u00e5r egen viktigste m\u00e5lgruppe.<\/li>\n<li>Vi skal v\u00e6re \u00ab100% p\u00e5\u00bb for \u00e5 n\u00e5 alle v\u00e5re b\u00e6rekraftm\u00e5l<\/li>\n<li>Fortsette \u00e5 v\u00e6re bedre enn v\u00e5re konkurrenter i det vi gj\u00f8r!<\/li>\n<li>Rekruttere ny kompetanse som drar oss i riktig retning.<\/li>\n<li>Videreutvikle v\u00e5re utadrettede samarbeidsformer, og bringe b\u00e6rekraftperspektivet tungt til bordet i alle sammenhenger.<\/li>\n<li>Fortsett \u00e5 utfordre bransjen vi er en del av, og samfunnet rundt oss, men samtidig innr\u00f8mme at vi er en del av problemet<\/li>\n<li>Ta en tydelig rolle som influencer og p\u00e5driver for det gr\u00f8nne skiftet i v\u00e5r by, region og bransje.<\/li>\n<li>V\u00e6re fremtidsoptimister og forkynne budskapet om et felles oppdrag for havet og fremtiden.<\/li>\n<li>V\u00e6re \u00e5pne og transparente i v\u00e5re kommunikasjonsbudskap og -former, slik at vi har sterk troverdighet i rollen som influencer og p\u00e5driver<\/li>\n<\/ul>\n<h2>Les om de 4 pillarene i v\u00e5rt b\u00e6rekraftarbeid:<\/h2>\n<ol>\n<li><a href=\"https:\/\/lovoldsolution.no\/en\/forsvarlig-havbruk-2\/\">Forsvarlig havbruk &#8211; v\u00e5r kjernevirksomhet<\/a><\/li>\n<li><a href=\"https:\/\/lovoldsolution.no\/om-oss\/baerekraft\/gronne-ringer-i-vannet\/\">Gr\u00f8nne ringer i vannet &#8211; v\u00e5r innsats for milj\u00f8et<\/a><\/li>\n<li><a href=\"https:\/\/lovoldsolution.no\/om-oss\/baerekraft\/samspill-og-pavirkning\/\">Samspill og p\u00e5virkning<\/a><\/li>\n<li><a href=\"https:\/\/lovoldsolution.no\/om-oss\/baerekraft\/gode-lokalsamfunn\/\">Gode lokalsamfunn<\/a><\/li>\n<\/ol>\n","protected":false},"excerpt":{"rendered":"Vi skal oppn\u00e5 konsernets b\u00e6rekraftstrategi gjennom; Tungt fokus p\u00e5 intern inspirasjon og forankring av v\u00e5rt fokus. Vi er v\u00e5r egen&#8230;","protected":false},"author":2,"featured_media":0,"parent":6511,"menu_order":0,"comment_status":"closed","ping_status":"closed","template":"template-article.php","meta":{"_acf_changed":false,"footnotes":""},"class_list":["post-6495","page","type-page","status-publish","hentry"],"acf":[],"_links":{"self":[{"href":"https:\/\/lovoldsolution.no\/en\/wp-json\/wp\/v2\/pages\/6495","targetHints":{"allow":["GET"]}}],"collection":[{"href":"https:\/\/lovoldsolution.no\/en\/wp-json\/wp\/v2\/pages"}],"about":[{"href":"https:\/\/lovoldsolution.no\/en\/wp-json\/wp\/v2\/types\/page"}],"author":[{"embeddable":true,"href":"https:\/\/lovoldsolution.no\/en\/wp-json\/wp\/v2\/users\/2"}],"replies":[{"embeddable":true,"href":"https:\/\/lovoldsolution.no\/en\/wp-json\/wp\/v2\/comments?post=6495"}],"version-history":[{"count":0,"href":"https:\/\/lovoldsolution.no\/en\/wp-json\/wp\/v2\/pages\/6495\/revisions"}],"up":[{"embeddable":true,"href":"https:\/\/lovoldsolution.no\/en\/wp-json\/wp\/v2\/pages\/6511"}],"wp:attachment":[{"href":"https:\/\/lovoldsolution.no\/en\/wp-json\/wp\/v2\/media?parent=6495"}],"curies":[{"name":"wp","href":"https:\/\/api.w.org\/{rel}","templated":true}]}}