{"id":6489,"date":"2022-05-13T00:16:32","date_gmt":"2022-05-12T22:16:32","guid":{"rendered":"https:\/\/lovoldsolution.no\/om-momek-lovold\/"},"modified":"2023-03-21T11:56:04","modified_gmt":"2023-03-21T10:56:04","slug":"about-momek-lovold","status":"publish","type":"page","link":"https:\/\/lovoldsolution.no\/en\/about-us\/lovold-solution\/lovold-invest\/about-momek-lovold\/","title":{"rendered":"About MOMEK | L\u00d8VOLD"},"content":{"rendered":"<p>Every year, thousands of tons of goods are transported from the other side of the world, including steel for anchoring marine installations at sea. The aquaculture industry is one of Norway&#8217;s most important industries for the future and is demanding environmentally friendly products.\u00a0In 2021, Momek and L\u00f8vold joined forces to establish a joint company, Momek \u00a0L\u00f8vold AS, which will develop and produce new sustainable products and solutions for the aquaculture industry. A great deal of investment has been made in research, welding robots, and production lines located in Mo industrial park in Mo i Rana.<\/p>\n<p>It was during the gathering organised by Rana Utvikling (RU) and Bod\u00f8 Regionens Utviklingselskap (BRUS) that the management of L\u00f8vold Solution got in touch with the senior management in Momek. During an informal chat about what we were doing and our challenges, it was mentioned that L\u00f8vold would like to offer more locally produced anchors to its customers in Norway. The way forward was to form a joint company and write Norwegian industrial history.\u00a014 months after the establishment \u00a0of Momek L\u00f8vold, Norwegian Minister of Fisheries and Ocean Policy Bj\u00f8rnar Skj\u00e6ran was able to officially open the anchor production facility. A great deal of investment has been made in research, welding robots, and production lines located in Mo industrial park in Mo i Rana.<\/p>\n<p>&nbsp;<\/p>\n<div id=\"attachment_1250\" style=\"width: 1210px\" class=\"wp-caption alignnone\"><img fetchpriority=\"high\" decoding=\"async\" aria-describedby=\"caption-attachment-1250\" class=\"wp-image-1250 size-full\" src=\"https:\/\/lovoldsolution.no\/wp-content\/uploads\/2022\/05\/Bilde_2_momeklovold_foto_Kent-Erik-Sjursen.jpg\" alt=\"\" width=\"1200\" height=\"888\" srcset=\"https:\/\/lovoldsolution.no\/wp-content\/uploads\/2022\/05\/Bilde_2_momeklovold_foto_Kent-Erik-Sjursen.jpg 1200w, https:\/\/lovoldsolution.no\/wp-content\/uploads\/2022\/05\/Bilde_2_momeklovold_foto_Kent-Erik-Sjursen-300x222.jpg 300w, https:\/\/lovoldsolution.no\/wp-content\/uploads\/2022\/05\/Bilde_2_momeklovold_foto_Kent-Erik-Sjursen-1024x758.jpg 1024w, https:\/\/lovoldsolution.no\/wp-content\/uploads\/2022\/05\/Bilde_2_momeklovold_foto_Kent-Erik-Sjursen-768x568.jpg 768w\" sizes=\"(max-width: 1200px) 100vw, 1200px\" \/><p id=\"caption-attachment-1250\" class=\"wp-caption-text\">Fiskeri- og havminister Bj\u00f8rnar Skj\u00e6ran<\/p><\/div>\n<blockquote><p>This is a milestone that&#8217;s worth celebrating. Momek L\u00f8vold is showing others the way. Here, a trusted supplier of equipment on the coast has looked towards the industry in Rana and established a collaboration with the largest workshop company in the region<\/p><\/blockquote>\n<p style=\"text-align: center;\">&#8211; Norwegian Minister of Fisheries and Ocean Policy,<br \/>\nBj\u00f8rnar Skj\u00e6ran<\/p>\n<p>Through efficient production, Nordic steel and optimised design, Momek L\u00f8vold will deliver anchors and other products with high quality and a long service life, and with a significantly reduced environmental footprint. It will also predictability in terms of delivery, which is more relevant than ever now after the recent years of pandemic, war, and unrest.<\/p>\n<p><img decoding=\"async\" class=\"alignnone wp-image-1293 size-full\" src=\"https:\/\/lovoldsolution.no\/wp-content\/uploads\/2022\/05\/IMG_7920.jpg\" alt=\"\" width=\"1200\" height=\"1172\" srcset=\"https:\/\/lovoldsolution.no\/wp-content\/uploads\/2022\/05\/IMG_7920.jpg 1200w, https:\/\/lovoldsolution.no\/wp-content\/uploads\/2022\/05\/IMG_7920-300x293.jpg 300w, https:\/\/lovoldsolution.no\/wp-content\/uploads\/2022\/05\/IMG_7920-1024x1000.jpg 1024w, https:\/\/lovoldsolution.no\/wp-content\/uploads\/2022\/05\/IMG_7920-768x750.jpg 768w\" sizes=\"(max-width: 1200px) 100vw, 1200px\" \/><\/p>\n<p>Bringing production home yields more environmentally friendly production with lower transport costs.<\/p>\n<blockquote><p>We are doing this in order to take an active role in the delivery of sustainable products to the aquaculture industry<\/p><\/blockquote>\n<p style=\"text-align: center;\">&#8211;\u00a0CEO Andr\u00e9 L\u00f8vold of<br \/>\nL\u00f8vold Solution and Chair of the Board of MOMEK | L\u00d8VOLD<\/p>\n<p>&nbsp;<\/p>\n<div class=\"embed\"><iframe title=\"MOMEK | L\u00d8VOLD lansering Gr\u00f8nne Anker for bl\u00e5 n\u00e6ringer\" width=\"900\" height=\"506\" src=\"https:\/\/www.youtube.com\/embed\/ci40UifvofY?feature=oembed\" frameborder=\"0\" allow=\"accelerometer; autoplay; clipboard-write; encrypted-media; gyroscope; picture-in-picture; web-share\" allowfullscreen><\/iframe><\/div>\n","protected":false},"excerpt":{"rendered":"Every year, thousands of tons of goods are transported from the other side of the world, including steel for anchoring&#8230;","protected":false},"author":3,"featured_media":5122,"parent":6507,"menu_order":0,"comment_status":"closed","ping_status":"closed","template":"template-page.php","meta":{"_acf_changed":false,"footnotes":""},"class_list":["post-6489","page","type-page","status-publish","has-post-thumbnail","hentry"],"acf":[],"_links":{"self":[{"href":"https:\/\/lovoldsolution.no\/en\/wp-json\/wp\/v2\/pages\/6489","targetHints":{"allow":["GET"]}}],"collection":[{"href":"https:\/\/lovoldsolution.no\/en\/wp-json\/wp\/v2\/pages"}],"about":[{"href":"https:\/\/lovoldsolution.no\/en\/wp-json\/wp\/v2\/types\/page"}],"author":[{"embeddable":true,"href":"https:\/\/lovoldsolution.no\/en\/wp-json\/wp\/v2\/users\/3"}],"replies":[{"embeddable":true,"href":"https:\/\/lovoldsolution.no\/en\/wp-json\/wp\/v2\/comments?post=6489"}],"version-history":[{"count":2,"href":"https:\/\/lovoldsolution.no\/en\/wp-json\/wp\/v2\/pages\/6489\/revisions"}],"predecessor-version":[{"id":7090,"href":"https:\/\/lovoldsolution.no\/en\/wp-json\/wp\/v2\/pages\/6489\/revisions\/7090"}],"up":[{"embeddable":true,"href":"https:\/\/lovoldsolution.no\/en\/wp-json\/wp\/v2\/pages\/6507"}],"wp:featuredmedia":[{"embeddable":true,"href":"https:\/\/lovoldsolution.no\/en\/wp-json\/wp\/v2\/media\/5122"}],"wp:attachment":[{"href":"https:\/\/lovoldsolution.no\/en\/wp-json\/wp\/v2\/media?parent=6489"}],"curies":[{"name":"wp","href":"https:\/\/api.w.org\/{rel}","templated":true}]}}