{"id":6485,"date":"2022-02-15T15:54:47","date_gmt":"2022-02-15T14:54:47","guid":{"rendered":"https:\/\/lovoldsolution.no\/om-lovold-havpark\/"},"modified":"2023-03-21T11:49:30","modified_gmt":"2023-03-21T10:49:30","slug":"about-lovold-havpark","status":"publish","type":"page","link":"https:\/\/lovoldsolution.no\/en\/about-us\/lovold-solution\/lovold-havpark\/about-lovold-havpark\/","title":{"rendered":"About L\u00f8vold Havpark"},"content":{"rendered":"<h3><strong>We will create green growth in blue industries<\/strong><\/h3>\n<p>The world needs more seafood to meet the needs of an ever-increasing population. We will contribute to growth in the future in a responsible manner. So must our partners. The common vision for tenants, users, and partners is &#8220;to create green growth in blue industries&#8221;. With the UN Sustainable Development Goals as a starting point for innovation and cooperation, will contribute to companies helping each other improve. L\u00f8vold Havpark will be an arena where people can get inspiration and learn to take new steps in the right direction in the green transition. Everything we do in L\u00f8vold Havpark shall be done with love for the ocean.<\/p>\n<p><img fetchpriority=\"high\" decoding=\"async\" class=\"alignnone wp-image-2002 size-full\" src=\"https:\/\/lovoldsolution.no\/wp-content\/uploads\/2022\/08\/havparkweb.png\" alt=\"\" width=\"1200\" height=\"491\" srcset=\"https:\/\/lovoldsolution.no\/wp-content\/uploads\/2022\/08\/havparkweb.png 1200w, https:\/\/lovoldsolution.no\/wp-content\/uploads\/2022\/08\/havparkweb-300x123.png 300w, https:\/\/lovoldsolution.no\/wp-content\/uploads\/2022\/08\/havparkweb-1024x419.png 1024w, https:\/\/lovoldsolution.no\/wp-content\/uploads\/2022\/08\/havparkweb-768x314.png 768w\" sizes=\"(max-width: 1200px) 100vw, 1200px\" \/><\/p>\n<p>We are transforming a former freezer terminal into a centre of expertise for suppliers of goods and services to marine industries. Children, pupils, and students shall also have a place here. The content of L\u00f8vold Havpark will be a combination of offices, production facilities, warehouses, common areas, and excellent arenas for interaction.<\/p>\n<p>The focus will be on innovation, collaboration, technology, and sustainability. Attractive premises will be created with common functions that connect different players in an office and industry community. This is an innovative organisation of players who all work in the same sector, but in different ways. The design of meeting places has therefore been key to the project.<\/p>\n<div id=\"attachment_806\" style=\"width: 1110px\" class=\"wp-caption alignnone\"><img decoding=\"async\" aria-describedby=\"caption-attachment-806\" class=\"wp-image-806 size-full\" src=\"https:\/\/lovoldsolution.no\/wp-content\/uploads\/2022\/02\/31659713.jpg\" alt=\"\" width=\"1100\" height=\"732\" srcset=\"https:\/\/lovoldsolution.no\/wp-content\/uploads\/2022\/02\/31659713.jpg 1100w, https:\/\/lovoldsolution.no\/wp-content\/uploads\/2022\/02\/31659713-300x200.jpg 300w, https:\/\/lovoldsolution.no\/wp-content\/uploads\/2022\/02\/31659713-1024x681.jpg 1024w, https:\/\/lovoldsolution.no\/wp-content\/uploads\/2022\/02\/31659713-768x511.jpg 768w\" sizes=\"(max-width: 1100px) 100vw, 1100px\" \/><p id=\"caption-attachment-806\" class=\"wp-caption-text\">L\u00f8vold Havpark ligger plassert p\u00e5 indre havn i Bod\u00f8.<\/p><\/div>\n<p>The existing premises are 9,500 sqm and have the following tenants today: Labora, Patogen, Benchmark Genetics, CryoLab, AQS, Lofotteina, L\u00f8vold as, L\u00f8vold System, L\u00f8vold Solution, Tine Nortura, FST, and some smaller companies with shorter agreements.<\/p>\n<p>The new building will be 5,000 sqm and have 5 floors. When you enter L\u00f8vold Havpark , Havrommet is the first thing you will encounter. We have called it the heart of L\u00f8vold Havpark. The activities here will spark engagement, inspiration, and learning. We need new solutions in order to harvest and live off the sea in the most responsible way possible.<br \/>\n<em><strong><a href=\"https:\/\/lovoldsolution.no\/wp-content\/uploads\/2022\/02\/Lovold-Havpark-Prospekt.pdf\">See the prospectus for L\u00f8vold Havpark<\/a><\/strong><\/em><\/p>\n<p>&nbsp;<\/p>\n","protected":false},"excerpt":{"rendered":"We will create green growth in blue industries The world needs more seafood to meet the needs of an ever-increasing&#8230;","protected":false},"author":3,"featured_media":7233,"parent":6501,"menu_order":0,"comment_status":"closed","ping_status":"closed","template":"template-page.php","meta":{"_acf_changed":false,"footnotes":""},"class_list":["post-6485","page","type-page","status-publish","has-post-thumbnail","hentry"],"acf":[],"_links":{"self":[{"href":"https:\/\/lovoldsolution.no\/en\/wp-json\/wp\/v2\/pages\/6485","targetHints":{"allow":["GET"]}}],"collection":[{"href":"https:\/\/lovoldsolution.no\/en\/wp-json\/wp\/v2\/pages"}],"about":[{"href":"https:\/\/lovoldsolution.no\/en\/wp-json\/wp\/v2\/types\/page"}],"author":[{"embeddable":true,"href":"https:\/\/lovoldsolution.no\/en\/wp-json\/wp\/v2\/users\/3"}],"replies":[{"embeddable":true,"href":"https:\/\/lovoldsolution.no\/en\/wp-json\/wp\/v2\/comments?post=6485"}],"version-history":[{"count":2,"href":"https:\/\/lovoldsolution.no\/en\/wp-json\/wp\/v2\/pages\/6485\/revisions"}],"predecessor-version":[{"id":7089,"href":"https:\/\/lovoldsolution.no\/en\/wp-json\/wp\/v2\/pages\/6485\/revisions\/7089"}],"up":[{"embeddable":true,"href":"https:\/\/lovoldsolution.no\/en\/wp-json\/wp\/v2\/pages\/6501"}],"wp:featuredmedia":[{"embeddable":true,"href":"https:\/\/lovoldsolution.no\/en\/wp-json\/wp\/v2\/media\/7233"}],"wp:attachment":[{"href":"https:\/\/lovoldsolution.no\/en\/wp-json\/wp\/v2\/media?parent=6485"}],"curies":[{"name":"wp","href":"https:\/\/api.w.org\/{rel}","templated":true}]}}