{"id":6463,"date":"2022-05-05T12:08:31","date_gmt":"2022-05-05T10:08:31","guid":{"rendered":"https:\/\/lovoldsolution.no\/produkter-og-tjenester\/havbruksloggen\/om-havbruksloggen\/"},"modified":"2022-05-05T12:08:31","modified_gmt":"2022-05-05T10:08:31","slug":"om-havbruksloggen","status":"publish","type":"page","link":"https:\/\/lovoldsolution.no\/en\/products-and-services\/havbruksloggen\/om-havbruksloggen\/","title":{"rendered":"Om Havbruksloggen"},"content":{"rendered":"<p>Den globale havbruksn\u00e6ringen vokser raskt, og behovet for omfattende digitale verkt\u00f8y for overv\u00e5kning og vedlikehold \u00f8ker stadig. Etter foresp\u00f8rsel fra n\u00e6ringen ble Havbruksloggen utviklet og\u00a0har v\u00e6rt i\u00a0bruk p\u00e5 norske oppdrettsanlegg siden 2012, i dag brukes ogs\u00e5 l\u00f8sningen p\u00e5 Island og i Canada.<\/p>\n<p>Havbruksloggen er et digitalt verkt\u00f8y for overv\u00e5kning av oppdrettsanlegg, som gir en komplett oversikt over oppdrettsanlegget, ned til den minste detalj. Systemet kan bidra til \u00e5 \u00f8ke produksjonskapasiteten, bedre fiskevelferden og redusere r\u00f8mming av fisk. Samt bidra til \u00e5 bekjempe begroing og andre milj\u00f8problemer. P\u00e5 den m\u00e5ten kan systemet bidra oppdrettere til \u00e5 drive b\u00e6rekraftig drift.<\/p>\n<h3><strong>Alt-i-ett kontroll- og vedlikeholdssystem<\/strong><\/h3>\n<p>Havbruksloggen er et brukervennlig programvaresystem som samler all informasjon om et oppdrettsanlegg p\u00e5 et sted. Det gir oppdretterne tilgang til alle aspekter av produksjonen og muligheten til \u00e5 raskt identifisere og fikse problemer.<\/p>\n<p>L\u00f8sningen gir full oversikt helt ned p\u00e5 komponentniv\u00e5, med grafiske presentasjoner, aktive sertifiseringer, sensordata, komponentlevetid, automatiske varslinger, plattform mot service selskap, grafisk man\u00f8vrering med fiskehelse og AIS. Alle komponenter har globale koblinger til leverand\u00f8ren og deres vareregister.<\/p>\n<p>Driften effektiviseres ved enkel brukerstyring mot tredjepartsleverand\u00f8rer, serviceselskaper og myndigheter som jobber direkte inn i systemet.<\/p>\n<p>Med et eget utviklingsteam videreutvikles ny programvare og dagens systemer optimaliseres kontinuerlig. Havbruksloggen oppfyller alle krav i henhold til NS 9415:2009 og vi er opptatt av dialog med v\u00e5re brukere for \u00e5 fortsatt tilby et system som endrer seg i takt med n\u00e6ringen.<\/p>\n<h3><strong>B\u00e6rekraft<\/strong><\/h3>\n<p>&nbsp;<\/p>\n<p>Havbruksloggen tar del i L\u00f8vold Solution konsernets overbyggende framtidsambisjon:<\/p>\n<blockquote><p>V\u00e5rt bidrag til forsvarslig havbruk skal s\u00f8rge for at framtidens generasjoner ogs\u00e5 kan leve og h\u00f8ste av havet<\/p><\/blockquote>\n<p>For \u00e5 oppn\u00e5 dette skal vi kunne forankre det vi gj\u00f8r i konsern m\u00e5lene, her illustrert i b\u00e6rekraftsb\u00f8ya v\u00e5r:<\/p>\n<p><img fetchpriority=\"high\" decoding=\"async\" class=\"alignnone wp-image-1223 size-large\" src=\"https:\/\/lovoldsolution.no\/wp-content\/uploads\/2022\/05\/Gront-samspill-1024x734.png\" alt=\"\" width=\"900\" height=\"645\" srcset=\"https:\/\/lovoldsolution.no\/wp-content\/uploads\/2022\/05\/Gront-samspill-1024x734.png 1024w, https:\/\/lovoldsolution.no\/wp-content\/uploads\/2022\/05\/Gront-samspill-300x215.png 300w, https:\/\/lovoldsolution.no\/wp-content\/uploads\/2022\/05\/Gront-samspill-768x550.png 768w, https:\/\/lovoldsolution.no\/wp-content\/uploads\/2022\/05\/Gront-samspill.png 1200w\" sizes=\"(max-width: 900px) 100vw, 900px\" \/><\/p>\n<p><a href=\"https:\/\/lovoldsolution.no\/om-oss\/baerekraft\/\"><strong><em>Les mer om konsernets b\u00e6rekrafts arbeid<\/em><\/strong><\/a><\/p>\n","protected":false},"excerpt":{"rendered":"Den globale havbruksn\u00e6ringen vokser raskt, og behovet for omfattende digitale verkt\u00f8y for overv\u00e5kning og vedlikehold \u00f8ker stadig. Etter foresp\u00f8rsel fra&#8230;","protected":false},"author":3,"featured_media":0,"parent":6461,"menu_order":0,"comment_status":"closed","ping_status":"closed","template":"template-page.php","meta":{"_acf_changed":false,"footnotes":""},"class_list":["post-6463","page","type-page","status-publish","hentry"],"acf":[],"_links":{"self":[{"href":"https:\/\/lovoldsolution.no\/en\/wp-json\/wp\/v2\/pages\/6463","targetHints":{"allow":["GET"]}}],"collection":[{"href":"https:\/\/lovoldsolution.no\/en\/wp-json\/wp\/v2\/pages"}],"about":[{"href":"https:\/\/lovoldsolution.no\/en\/wp-json\/wp\/v2\/types\/page"}],"author":[{"embeddable":true,"href":"https:\/\/lovoldsolution.no\/en\/wp-json\/wp\/v2\/users\/3"}],"replies":[{"embeddable":true,"href":"https:\/\/lovoldsolution.no\/en\/wp-json\/wp\/v2\/comments?post=6463"}],"version-history":[{"count":0,"href":"https:\/\/lovoldsolution.no\/en\/wp-json\/wp\/v2\/pages\/6463\/revisions"}],"up":[{"embeddable":true,"href":"https:\/\/lovoldsolution.no\/en\/wp-json\/wp\/v2\/pages\/6461"}],"wp:attachment":[{"href":"https:\/\/lovoldsolution.no\/en\/wp-json\/wp\/v2\/media?parent=6463"}],"curies":[{"name":"wp","href":"https:\/\/api.w.org\/{rel}","templated":true}]}}