{"id":6415,"date":"2021-12-07T15:37:53","date_gmt":"2021-12-07T14:37:53","guid":{"rendered":"https:\/\/lovoldsolution.no\/produkter-og-tjenester\/fortoyningssystemer\/fortoyningsprodukter\/galvanisert-langlenket-kjetting\/"},"modified":"2021-12-07T15:37:53","modified_gmt":"2021-12-07T14:37:53","slug":"galvanisert-langlenket-kjetting","status":"publish","type":"page","link":"https:\/\/lovoldsolution.no\/en\/products-and-services\/mooring-systems\/fortoyningsprodukter\/galvanisert-langlenket-kjetting\/","title":{"rendered":"Galvanisert langlenket kjetting"},"content":{"rendered":"<p>Langlenket varmforsinket alloykjetting er ofte brukt i hanef\u00f8tter, toppkjetting og b\u00f8yekjetting. Alloykjetting har h\u00f8y styrke i forhold til dimensjon. Lengder med alloykjetting er ogsa\u030a enkel a\u030a justere i ettertid ved a\u030a kappe eller supplere med mer kjetting, dersom oppstramming eller slakking skulle bli n\u00f8dvendig.<\/p>\n<h3>Grensesnitt mot andre komponenter<\/h3>\n<p>Alloykjetting kobles med sjakkel mot tilst\u00f8tende komponenter. V\u00e6r spesielt oppmerksom pa\u030a at \u00abanodeeffekt\u00bb kan oppsta\u030a om materialer med forskjellig materialkvalitet brukes.<\/p>\n<h3>Levetid<\/h3>\n<p>Forventet levetid for alloykjetting er 15 a\u030ar, sa\u030afremt vedlikeholdsplan er fulgt, kassasjonskriterier i kapittel 7.3 ikke er oppfylt og utmattingsberegninger i fort\u00f8yningsanalyse tillater det.<\/p>\n","protected":false},"excerpt":{"rendered":"Langlenket varmforsinket alloykjetting er ofte brukt i hanef\u00f8tter, toppkjetting og b\u00f8yekjetting. Alloykjetting har h\u00f8y styrke i forhold til dimensjon. Lengder&#8230;","protected":false},"author":1,"featured_media":4016,"parent":6401,"menu_order":42,"comment_status":"closed","ping_status":"closed","template":"template-product.php","meta":{"_acf_changed":false,"footnotes":""},"class_list":["post-6415","page","type-page","status-publish","has-post-thumbnail","hentry"],"acf":[],"_links":{"self":[{"href":"https:\/\/lovoldsolution.no\/en\/wp-json\/wp\/v2\/pages\/6415","targetHints":{"allow":["GET"]}}],"collection":[{"href":"https:\/\/lovoldsolution.no\/en\/wp-json\/wp\/v2\/pages"}],"about":[{"href":"https:\/\/lovoldsolution.no\/en\/wp-json\/wp\/v2\/types\/page"}],"author":[{"embeddable":true,"href":"https:\/\/lovoldsolution.no\/en\/wp-json\/wp\/v2\/users\/1"}],"replies":[{"embeddable":true,"href":"https:\/\/lovoldsolution.no\/en\/wp-json\/wp\/v2\/comments?post=6415"}],"version-history":[{"count":0,"href":"https:\/\/lovoldsolution.no\/en\/wp-json\/wp\/v2\/pages\/6415\/revisions"}],"up":[{"embeddable":true,"href":"https:\/\/lovoldsolution.no\/en\/wp-json\/wp\/v2\/pages\/6401"}],"wp:featuredmedia":[{"embeddable":true,"href":"https:\/\/lovoldsolution.no\/en\/wp-json\/wp\/v2\/media\/4016"}],"wp:attachment":[{"href":"https:\/\/lovoldsolution.no\/en\/wp-json\/wp\/v2\/media?parent=6415"}],"curies":[{"name":"wp","href":"https:\/\/api.w.org\/{rel}","templated":true}]}}