{"id":6411,"date":"2021-12-07T15:37:53","date_gmt":"2021-12-07T14:37:53","guid":{"rendered":"https:\/\/lovoldsolution.no\/produkter-og-tjenester\/fortoyningssystemer\/fortoyningsprodukter\/boyer\/"},"modified":"2021-12-07T15:37:53","modified_gmt":"2021-12-07T14:37:53","slug":"boyer","status":"publish","type":"page","link":"https:\/\/lovoldsolution.no\/en\/products-and-services\/mooring-systems\/fortoyningsprodukter\/boyer\/","title":{"rendered":"B\u00f8yer"},"content":{"rendered":"<p>I fort\u00f8yningssystem fra L\u00f8vold brukes 4 serier b\u00f8yer; APB-serien, Aqua-serien, APBXL-serien og APB light- serien. Alle typene er spesielt utviklet for bruk i fort\u00f8yningssystemer til oppdrettsanlegg.<\/p>\n<p>Anbefalt belastning for b\u00f8yene er minimum 50% av netto oppdrift. En overdimensjonert b\u00f8ye kan skape rykklaster i kjetting og koblingsplate og kan f\u00f8re til slitasje pa\u030a komponenter. Max neddykking for b\u00f8ye f\u00f8r implodering finnes i b\u00f8yens produktsertifikat. B\u00f8yene har generelt max neddykking pa\u030a 5 meter, men kan ha mer dersom spesialmoduler for neddykking benyttes.<\/p>\n<p>Alle slitedeler i b\u00f8yeseriene er standard og kan enkelt byttes ut ved behov.<\/p>\n<h3>APB-serien<\/h3>\n<p>APB-b\u00f8yer er bygd opp av moduler, og kapasiteten kan bygges ut eller snevres inn alt etter behov. B\u00f8yen er utstyrt med refleks pa\u030a alle sider, og har en monteringsbrakett for montering av markeringslys og annet utstyr.<\/p>\n<h3><img fetchpriority=\"high\" decoding=\"async\" class=\"alignnone wp-image-1884 size-full\" src=\"https:\/\/lovoldsolution.no\/wp-content\/uploads\/2022\/05\/apbrange-korr.png\" alt=\"\" width=\"1200\" height=\"300\" srcset=\"https:\/\/lovoldsolution.no\/wp-content\/uploads\/2022\/05\/apbrange-korr.png 1200w, https:\/\/lovoldsolution.no\/wp-content\/uploads\/2022\/05\/apbrange-korr-300x75.png 300w, https:\/\/lovoldsolution.no\/wp-content\/uploads\/2022\/05\/apbrange-korr-1024x256.png 1024w, https:\/\/lovoldsolution.no\/wp-content\/uploads\/2022\/05\/apbrange-korr-768x192.png 768w\" sizes=\"(max-width: 1200px) 100vw, 1200px\" \/><\/h3>\n<h3>APB light-serien<\/h3>\n<p>B\u00f8yen er i likhet med APB-serien bygd opp av moduler, og kapasiteten kan \u00f8kes eller reduseres etter behov. B\u00f8yen er utstyrt med refleksba\u030and pa\u030a alle sider og har monteringsbrakett for montering av lys og annet utstyr integrert i toppen av b\u00f8yen.<\/p>\n<h3>APBXL-serien<\/h3>\n<p>APBXL-serien er bygget opp pa\u030a samme ma\u030ate som APB-serien med sammensatte moduler som kan tas av eller settes pa\u030a, men har et st\u00f8rre flateareal mot vannet. Dette gir en lavere b\u00f8ye med st\u00f8rre fj\u00e6rstivhet. B\u00f8yen er utstyrt med refleksba\u030and pa\u030a alle sider, og har monteringsbrakett for montering av lys og annet utstyr.<\/p>\n<p><img decoding=\"async\" class=\"wp-image-1885 size-medium\" src=\"https:\/\/lovoldsolution.no\/wp-content\/uploads\/2022\/05\/3xapbxl-korr-300x150.png\" alt=\"\" width=\"300\" height=\"150\" srcset=\"https:\/\/lovoldsolution.no\/wp-content\/uploads\/2022\/05\/3xapbxl-korr-300x150.png 300w, https:\/\/lovoldsolution.no\/wp-content\/uploads\/2022\/05\/3xapbxl-korr-1024x512.png 1024w, https:\/\/lovoldsolution.no\/wp-content\/uploads\/2022\/05\/3xapbxl-korr-768x384.png 768w, https:\/\/lovoldsolution.no\/wp-content\/uploads\/2022\/05\/3xapbxl-korr.png 1200w\" sizes=\"(max-width: 300px) 100vw, 300px\" \/><\/p>\n<h3>Aqua-serien<\/h3>\n<p>Aqua-b\u00f8yer besta\u030ar av bare ett element og kapasiteten kan ikke endres i ettertid. B\u00f8yen er utstyrt med fire gule refleksba\u030and for bedre synlighet. Armatur for lys kan monteres.<\/p>\n<h3><img decoding=\"async\" class=\"alignnone wp-image-1886 size-full\" src=\"https:\/\/lovoldsolution.no\/wp-content\/uploads\/2022\/05\/Aqua-serien.Complete.jpg\" alt=\"\" width=\"1200\" height=\"243\" srcset=\"https:\/\/lovoldsolution.no\/wp-content\/uploads\/2022\/05\/Aqua-serien.Complete.jpg 1200w, https:\/\/lovoldsolution.no\/wp-content\/uploads\/2022\/05\/Aqua-serien.Complete-300x61.jpg 300w, https:\/\/lovoldsolution.no\/wp-content\/uploads\/2022\/05\/Aqua-serien.Complete-1024x207.jpg 1024w, https:\/\/lovoldsolution.no\/wp-content\/uploads\/2022\/05\/Aqua-serien.Complete-768x156.jpg 768w\" sizes=\"(max-width: 1200px) 100vw, 1200px\" \/><\/h3>\n<h3><\/h3>\n<h3>Grensesnitt mot andre komponenter<\/h3>\n<p>B\u00f8ye kobles med sjakkel mot kjetting. Komponenter opp mot b\u00f8ye skal dimensjoneres som l\u00f8fteutstyr, med sikkerhetsfaktor pa\u030a 4.<\/p>\n<h3>Levetid:<\/h3>\n<p>Forventet levetid for b\u00f8yer er 15 a\u030ar, sa\u030afremt vedlikeholdsplan er fulgt og kassasjonskriterier i kapittel 7.3 ikke er oppfylt.<\/p>\n","protected":false},"excerpt":{"rendered":"I fort\u00f8yningssystem fra L\u00f8vold brukes 4 serier b\u00f8yer; APB-serien, Aqua-serien, APBXL-serien og APB light- serien. Alle typene er spesielt utviklet&#8230;","protected":false},"author":1,"featured_media":4006,"parent":6401,"menu_order":40,"comment_status":"closed","ping_status":"closed","template":"template-page.php","meta":{"_acf_changed":false,"footnotes":""},"class_list":["post-6411","page","type-page","status-publish","has-post-thumbnail","hentry"],"acf":[],"_links":{"self":[{"href":"https:\/\/lovoldsolution.no\/en\/wp-json\/wp\/v2\/pages\/6411","targetHints":{"allow":["GET"]}}],"collection":[{"href":"https:\/\/lovoldsolution.no\/en\/wp-json\/wp\/v2\/pages"}],"about":[{"href":"https:\/\/lovoldsolution.no\/en\/wp-json\/wp\/v2\/types\/page"}],"author":[{"embeddable":true,"href":"https:\/\/lovoldsolution.no\/en\/wp-json\/wp\/v2\/users\/1"}],"replies":[{"embeddable":true,"href":"https:\/\/lovoldsolution.no\/en\/wp-json\/wp\/v2\/comments?post=6411"}],"version-history":[{"count":0,"href":"https:\/\/lovoldsolution.no\/en\/wp-json\/wp\/v2\/pages\/6411\/revisions"}],"up":[{"embeddable":true,"href":"https:\/\/lovoldsolution.no\/en\/wp-json\/wp\/v2\/pages\/6401"}],"wp:featuredmedia":[{"embeddable":true,"href":"https:\/\/lovoldsolution.no\/en\/wp-json\/wp\/v2\/media\/4006"}],"wp:attachment":[{"href":"https:\/\/lovoldsolution.no\/en\/wp-json\/wp\/v2\/media?parent=6411"}],"curies":[{"name":"wp","href":"https:\/\/api.w.org\/{rel}","templated":true}]}}