{"id":6403,"date":"2021-12-07T15:37:53","date_gmt":"2021-12-07T14:37:53","guid":{"rendered":"https:\/\/lovoldsolution.no\/produkter-og-tjenester\/fortoyningssystemer\/fortoyningsprodukter\/anker\/"},"modified":"2021-12-07T15:37:53","modified_gmt":"2021-12-07T14:37:53","slug":"anker","status":"publish","type":"page","link":"https:\/\/lovoldsolution.no\/en\/products-and-services\/mooring-systems\/fortoyningsprodukter\/anker\/","title":{"rendered":"Anker"},"content":{"rendered":"<p>Dimensjonering av ankere skal foretas i henhold til de geologiske forholdene pa\u030a lokaliteten og\/eller pa\u030a grunnlag av resultater fra pr\u00f8velast. Det skal godtgj\u00f8res at festet i bunnen er tilstrekkelig i forhold til fort\u00f8yningsanalysen. Holdekraften i ankeret skal overstige den dimensjonerende kraften i fort\u00f8yningslinen for a\u030a ta hensyn til at ankeret er utsatt for et konstant strekk kombinert med syklisk last.<\/p>\n","protected":false},"excerpt":{"rendered":"Dimensjonering av ankere skal foretas i henhold til de geologiske forholdene pa\u030a lokaliteten og\/eller pa\u030a grunnlag av resultater fra pr\u00f8velast&#8230;.","protected":false},"author":1,"featured_media":4018,"parent":6401,"menu_order":38,"comment_status":"closed","ping_status":"closed","template":"template-page.php","meta":{"_acf_changed":false,"footnotes":""},"class_list":["post-6403","page","type-page","status-publish","has-post-thumbnail","hentry"],"acf":[],"_links":{"self":[{"href":"https:\/\/lovoldsolution.no\/en\/wp-json\/wp\/v2\/pages\/6403","targetHints":{"allow":["GET"]}}],"collection":[{"href":"https:\/\/lovoldsolution.no\/en\/wp-json\/wp\/v2\/pages"}],"about":[{"href":"https:\/\/lovoldsolution.no\/en\/wp-json\/wp\/v2\/types\/page"}],"author":[{"embeddable":true,"href":"https:\/\/lovoldsolution.no\/en\/wp-json\/wp\/v2\/users\/1"}],"replies":[{"embeddable":true,"href":"https:\/\/lovoldsolution.no\/en\/wp-json\/wp\/v2\/comments?post=6403"}],"version-history":[{"count":0,"href":"https:\/\/lovoldsolution.no\/en\/wp-json\/wp\/v2\/pages\/6403\/revisions"}],"up":[{"embeddable":true,"href":"https:\/\/lovoldsolution.no\/en\/wp-json\/wp\/v2\/pages\/6401"}],"wp:featuredmedia":[{"embeddable":true,"href":"https:\/\/lovoldsolution.no\/en\/wp-json\/wp\/v2\/media\/4018"}],"wp:attachment":[{"href":"https:\/\/lovoldsolution.no\/en\/wp-json\/wp\/v2\/media?parent=6403"}],"curies":[{"name":"wp","href":"https:\/\/api.w.org\/{rel}","templated":true}]}}